{"id":819,"date":"2025-11-12T16:24:25","date_gmt":"2025-11-12T13:24:25","guid":{"rendered":"https:\/\/planbet.contact\/ad\/?page_id=819"},"modified":"2026-01-05T08:15:13","modified_gmt":"2026-01-05T05:15:13","slug":"bonus","status":"publish","type":"page","link":"https:\/\/planbet.contact\/ad\/bonus\/","title":{"rendered":"Extra"},"content":{"rendered":"","protected":false},"excerpt":{"rendered":"","protected":false},"author":1,"featured_media":0,"parent":0,"menu_order":0,"comment_status":"closed","ping_status":"closed","template":"","meta":{"_acf_changed":false,"footnotes":""},"class_list":["post-819","page","type-page","status-publish","hentry"],"acf":[],"yoast_head":"<!-- This site is optimized with the Yoast SEO plugin v26.3 - https:\/\/yoast.com\/wordpress\/plugins\/seo\/ -->\n<title>Planbet Andorra Extra \ud83c\udf81 Aprofita totes les oportunitats \ud83d\udea9<\/title>\n<meta name=\"description\" content=\"Descobreix els bonus de Planbet! Gaudeix de la m\u00e0xima emoci\u00f3 i dels millors avantatges jugant amb el nostre gener\u00f3s programa de bonus.\" \/>\n<meta name=\"robots\" content=\"index, follow, max-snippet:-1, max-image-preview:large, max-video-preview:-1\" \/>\n<link rel=\"canonical\" href=\"https:\/\/planbet.contact\/ad\/bonus\/\" \/>\n<meta property=\"og:locale\" content=\"en_US\" \/>\n<meta property=\"og:type\" content=\"article\" \/>\n<meta property=\"og:title\" content=\"Planbet Andorra Extra \ud83c\udf81 Aprofita totes les oportunitats \ud83d\udea9\" \/>\n<meta property=\"og:description\" content=\"Descobreix els bonus de Planbet! Gaudeix de la m\u00e0xima emoci\u00f3 i dels millors avantatges jugant amb el nostre gener\u00f3s programa de bonus.\" \/>\n<meta property=\"og:url\" content=\"https:\/\/planbet.contact\/ad\/bonus\/\" \/>\n<meta property=\"og:site_name\" content=\"PlanBet AD\" \/>\n<meta property=\"article:modified_time\" content=\"2026-01-05T05:15:13+00:00\" \/>\n<meta name=\"twitter:card\" content=\"summary_large_image\" \/>\n<script type=\"application\/ld+json\" class=\"yoast-schema-graph\">{\"@context\":\"https:\/\/schema.org\",\"@graph\":[{\"@type\":\"WebPage\",\"@id\":\"https:\/\/planbet.contact\/ad\/bonus\/\",\"url\":\"https:\/\/planbet.contact\/ad\/bonus\/\",\"name\":\"Planbet Andorra Extra \ud83c\udf81 Aprofita totes les oportunitats \ud83d\udea9\",\"isPartOf\":{\"@id\":\"https:\/\/planbet.contact\/ad\/#website\"},\"datePublished\":\"2025-11-12T13:24:25+00:00\",\"dateModified\":\"2026-01-05T05:15:13+00:00\",\"description\":\"Descobreix els bonus de Planbet! Gaudeix de la m\u00e0xima emoci\u00f3 i dels millors avantatges jugant amb el nostre gener\u00f3s programa de bonus.\",\"breadcrumb\":{\"@id\":\"https:\/\/planbet.contact\/ad\/bonus\/#breadcrumb\"},\"inLanguage\":\"ca-AD\",\"potentialAction\":[{\"@type\":\"ReadAction\",\"target\":[\"https:\/\/planbet.contact\/ad\/bonus\/\"]}]},{\"@type\":\"BreadcrumbList\",\"@id\":\"https:\/\/planbet.contact\/ad\/bonus\/#breadcrumb\",\"itemListElement\":[{\"@type\":\"ListItem\",\"position\":1,\"name\":\"Home\",\"item\":\"https:\/\/planbet.contact\/ad\/\"},{\"@type\":\"ListItem\",\"position\":2,\"name\":\"Extra\"}]},{\"@type\":\"WebSite\",\"@id\":\"https:\/\/planbet.contact\/ad\/#website\",\"url\":\"https:\/\/planbet.contact\/ad\/\",\"name\":\"PlanBet AD\",\"description\":\"\",\"potentialAction\":[{\"@type\":\"SearchAction\",\"target\":{\"@type\":\"EntryPoint\",\"urlTemplate\":\"https:\/\/planbet.contact\/ad\/?s={search_term_string}\"},\"query-input\":{\"@type\":\"PropertyValueSpecification\",\"valueRequired\":true,\"valueName\":\"search_term_string\"}}],\"inLanguage\":\"ca-AD\"}]}<\/script>\n<!-- \/ Yoast SEO plugin. -->","yoast_head_json":{"title":"Planbet Andorra Extra \ud83c\udf81 Aprofita totes les oportunitats \ud83d\udea9","description":"Descobreix els bonus de Planbet! Gaudeix de la m\u00e0xima emoci\u00f3 i dels millors avantatges jugant amb el nostre gener\u00f3s programa de bonus.","robots":{"index":"index","follow":"follow","max-snippet":"max-snippet:-1","max-image-preview":"max-image-preview:large","max-video-preview":"max-video-preview:-1"},"canonical":"https:\/\/planbet.contact\/ad\/bonus\/","og_locale":"en_US","og_type":"article","og_title":"Planbet Andorra Extra \ud83c\udf81 Aprofita totes les oportunitats \ud83d\udea9","og_description":"Descobreix els bonus de Planbet! Gaudeix de la m\u00e0xima emoci\u00f3 i dels millors avantatges jugant amb el nostre gener\u00f3s programa de bonus.","og_url":"https:\/\/planbet.contact\/ad\/bonus\/","og_site_name":"PlanBet AD","article_modified_time":"2026-01-05T05:15:13+00:00","twitter_card":"summary_large_image","schema":{"@context":"https:\/\/schema.org","@graph":[{"@type":"WebPage","@id":"https:\/\/planbet.contact\/ad\/bonus\/","url":"https:\/\/planbet.contact\/ad\/bonus\/","name":"Planbet Andorra Extra \ud83c\udf81 Aprofita totes les oportunitats \ud83d\udea9","isPartOf":{"@id":"https:\/\/planbet.contact\/ad\/#website"},"datePublished":"2025-11-12T13:24:25+00:00","dateModified":"2026-01-05T05:15:13+00:00","description":"Descobreix els bonus de Planbet! Gaudeix de la m\u00e0xima emoci\u00f3 i dels millors avantatges jugant amb el nostre gener\u00f3s programa de bonus.","breadcrumb":{"@id":"https:\/\/planbet.contact\/ad\/bonus\/#breadcrumb"},"inLanguage":"ca-AD","potentialAction":[{"@type":"ReadAction","target":["https:\/\/planbet.contact\/ad\/bonus\/"]}]},{"@type":"BreadcrumbList","@id":"https:\/\/planbet.contact\/ad\/bonus\/#breadcrumb","itemListElement":[{"@type":"ListItem","position":1,"name":"Home","item":"https:\/\/planbet.contact\/ad\/"},{"@type":"ListItem","position":2,"name":"Extra"}]},{"@type":"WebSite","@id":"https:\/\/planbet.contact\/ad\/#website","url":"https:\/\/planbet.contact\/ad\/","name":"PlanBet AD","description":"","potentialAction":[{"@type":"SearchAction","target":{"@type":"EntryPoint","urlTemplate":"https:\/\/planbet.contact\/ad\/?s={search_term_string}"},"query-input":{"@type":"PropertyValueSpecification","valueRequired":true,"valueName":"search_term_string"}}],"inLanguage":"ca-AD"}]}},"_links":{"self":[{"href":"https:\/\/planbet.contact\/ad\/wp-json\/wp\/v2\/pages\/819","targetHints":{"allow":["GET"]}}],"collection":[{"href":"https:\/\/planbet.contact\/ad\/wp-json\/wp\/v2\/pages"}],"about":[{"href":"https:\/\/planbet.contact\/ad\/wp-json\/wp\/v2\/types\/page"}],"author":[{"embeddable":true,"href":"https:\/\/planbet.contact\/ad\/wp-json\/wp\/v2\/users\/1"}],"replies":[{"embeddable":true,"href":"https:\/\/planbet.contact\/ad\/wp-json\/wp\/v2\/comments?post=819"}],"version-history":[{"count":8,"href":"https:\/\/planbet.contact\/ad\/wp-json\/wp\/v2\/pages\/819\/revisions"}],"predecessor-version":[{"id":959,"href":"https:\/\/planbet.contact\/ad\/wp-json\/wp\/v2\/pages\/819\/revisions\/959"}],"wp:attachment":[{"href":"https:\/\/planbet.contact\/ad\/wp-json\/wp\/v2\/media?parent=819"}],"curies":[{"name":"wp","href":"https:\/\/api.w.org\/{rel}","templated":true}]}}