{"id":838,"date":"2025-11-13T08:49:36","date_gmt":"2025-11-13T05:49:36","guid":{"rendered":"https:\/\/planbet.contact\/ad\/?page_id=838"},"modified":"2026-01-04T18:04:09","modified_gmt":"2026-01-04T15:04:09","slug":"login","status":"publish","type":"page","link":"https:\/\/planbet.contact\/ad\/login\/","title":{"rendered":"Inicieu la sessi\u00f3"},"content":{"rendered":"","protected":false},"excerpt":{"rendered":"","protected":false},"author":1,"featured_media":0,"parent":0,"menu_order":0,"comment_status":"closed","ping_status":"closed","template":"","meta":{"_acf_changed":false,"footnotes":""},"class_list":["post-838","page","type-page","status-publish","hentry"],"acf":[],"yoast_head":"<!-- This site is optimized with the Yoast SEO plugin v26.3 - https:\/\/yoast.com\/wordpress\/plugins\/seo\/ -->\n<title>Planbet Andorra Login \ud83d\udd10 Acc\u00e9s al teu Compte Personal \ud83e\udd1d<\/title>\n<meta name=\"description\" content=\"Descobreix com de f\u00e0cil \u00e9s iniciar sessi\u00f3 a Planbet des de qualsevol dispositiu! Instruccions pas a pas per accedir r\u00e0pidament al teu compte personal.\" \/>\n<meta name=\"robots\" content=\"index, follow, max-snippet:-1, max-image-preview:large, max-video-preview:-1\" \/>\n<link rel=\"canonical\" href=\"https:\/\/planbet.contact\/ad\/login\/\" \/>\n<meta property=\"og:locale\" content=\"en_US\" \/>\n<meta property=\"og:type\" content=\"article\" \/>\n<meta property=\"og:title\" content=\"Planbet Andorra Login \ud83d\udd10 Acc\u00e9s al teu Compte Personal \ud83e\udd1d\" \/>\n<meta property=\"og:description\" content=\"Descobreix com de f\u00e0cil \u00e9s iniciar sessi\u00f3 a Planbet des de qualsevol dispositiu! Instruccions pas a pas per accedir r\u00e0pidament al teu compte personal.\" \/>\n<meta property=\"og:url\" content=\"https:\/\/planbet.contact\/ad\/login\/\" \/>\n<meta property=\"og:site_name\" content=\"PlanBet AD\" \/>\n<meta property=\"article:modified_time\" content=\"2026-01-04T15:04:09+00:00\" \/>\n<meta name=\"twitter:card\" content=\"summary_large_image\" \/>\n<script type=\"application\/ld+json\" class=\"yoast-schema-graph\">{\"@context\":\"https:\/\/schema.org\",\"@graph\":[{\"@type\":\"WebPage\",\"@id\":\"https:\/\/planbet.contact\/ad\/login\/\",\"url\":\"https:\/\/planbet.contact\/ad\/login\/\",\"name\":\"Planbet Andorra Login \ud83d\udd10 Acc\u00e9s al teu Compte Personal \ud83e\udd1d\",\"isPartOf\":{\"@id\":\"https:\/\/planbet.contact\/ad\/#website\"},\"datePublished\":\"2025-11-13T05:49:36+00:00\",\"dateModified\":\"2026-01-04T15:04:09+00:00\",\"description\":\"Descobreix com de f\u00e0cil \u00e9s iniciar sessi\u00f3 a Planbet des de qualsevol dispositiu! Instruccions pas a pas per accedir r\u00e0pidament al teu compte personal.\",\"breadcrumb\":{\"@id\":\"https:\/\/planbet.contact\/ad\/login\/#breadcrumb\"},\"inLanguage\":\"ca-AD\",\"potentialAction\":[{\"@type\":\"ReadAction\",\"target\":[\"https:\/\/planbet.contact\/ad\/login\/\"]}]},{\"@type\":\"BreadcrumbList\",\"@id\":\"https:\/\/planbet.contact\/ad\/login\/#breadcrumb\",\"itemListElement\":[{\"@type\":\"ListItem\",\"position\":1,\"name\":\"Home\",\"item\":\"https:\/\/planbet.contact\/ad\/\"},{\"@type\":\"ListItem\",\"position\":2,\"name\":\"Inicieu la sessi\u00f3\"}]},{\"@type\":\"WebSite\",\"@id\":\"https:\/\/planbet.contact\/ad\/#website\",\"url\":\"https:\/\/planbet.contact\/ad\/\",\"name\":\"PlanBet AD\",\"description\":\"\",\"potentialAction\":[{\"@type\":\"SearchAction\",\"target\":{\"@type\":\"EntryPoint\",\"urlTemplate\":\"https:\/\/planbet.contact\/ad\/?s={search_term_string}\"},\"query-input\":{\"@type\":\"PropertyValueSpecification\",\"valueRequired\":true,\"valueName\":\"search_term_string\"}}],\"inLanguage\":\"ca-AD\"}]}<\/script>\n<!-- \/ Yoast SEO plugin. -->","yoast_head_json":{"title":"Planbet Andorra Login \ud83d\udd10 Acc\u00e9s al teu Compte Personal \ud83e\udd1d","description":"Descobreix com de f\u00e0cil \u00e9s iniciar sessi\u00f3 a Planbet des de qualsevol dispositiu! Instruccions pas a pas per accedir r\u00e0pidament al teu compte personal.","robots":{"index":"index","follow":"follow","max-snippet":"max-snippet:-1","max-image-preview":"max-image-preview:large","max-video-preview":"max-video-preview:-1"},"canonical":"https:\/\/planbet.contact\/ad\/login\/","og_locale":"en_US","og_type":"article","og_title":"Planbet Andorra Login \ud83d\udd10 Acc\u00e9s al teu Compte Personal \ud83e\udd1d","og_description":"Descobreix com de f\u00e0cil \u00e9s iniciar sessi\u00f3 a Planbet des de qualsevol dispositiu! Instruccions pas a pas per accedir r\u00e0pidament al teu compte personal.","og_url":"https:\/\/planbet.contact\/ad\/login\/","og_site_name":"PlanBet AD","article_modified_time":"2026-01-04T15:04:09+00:00","twitter_card":"summary_large_image","schema":{"@context":"https:\/\/schema.org","@graph":[{"@type":"WebPage","@id":"https:\/\/planbet.contact\/ad\/login\/","url":"https:\/\/planbet.contact\/ad\/login\/","name":"Planbet Andorra Login \ud83d\udd10 Acc\u00e9s al teu Compte Personal \ud83e\udd1d","isPartOf":{"@id":"https:\/\/planbet.contact\/ad\/#website"},"datePublished":"2025-11-13T05:49:36+00:00","dateModified":"2026-01-04T15:04:09+00:00","description":"Descobreix com de f\u00e0cil \u00e9s iniciar sessi\u00f3 a Planbet des de qualsevol dispositiu! Instruccions pas a pas per accedir r\u00e0pidament al teu compte personal.","breadcrumb":{"@id":"https:\/\/planbet.contact\/ad\/login\/#breadcrumb"},"inLanguage":"ca-AD","potentialAction":[{"@type":"ReadAction","target":["https:\/\/planbet.contact\/ad\/login\/"]}]},{"@type":"BreadcrumbList","@id":"https:\/\/planbet.contact\/ad\/login\/#breadcrumb","itemListElement":[{"@type":"ListItem","position":1,"name":"Home","item":"https:\/\/planbet.contact\/ad\/"},{"@type":"ListItem","position":2,"name":"Inicieu la sessi\u00f3"}]},{"@type":"WebSite","@id":"https:\/\/planbet.contact\/ad\/#website","url":"https:\/\/planbet.contact\/ad\/","name":"PlanBet AD","description":"","potentialAction":[{"@type":"SearchAction","target":{"@type":"EntryPoint","urlTemplate":"https:\/\/planbet.contact\/ad\/?s={search_term_string}"},"query-input":{"@type":"PropertyValueSpecification","valueRequired":true,"valueName":"search_term_string"}}],"inLanguage":"ca-AD"}]}},"_links":{"self":[{"href":"https:\/\/planbet.contact\/ad\/wp-json\/wp\/v2\/pages\/838","targetHints":{"allow":["GET"]}}],"collection":[{"href":"https:\/\/planbet.contact\/ad\/wp-json\/wp\/v2\/pages"}],"about":[{"href":"https:\/\/planbet.contact\/ad\/wp-json\/wp\/v2\/types\/page"}],"author":[{"embeddable":true,"href":"https:\/\/planbet.contact\/ad\/wp-json\/wp\/v2\/users\/1"}],"replies":[{"embeddable":true,"href":"https:\/\/planbet.contact\/ad\/wp-json\/wp\/v2\/comments?post=838"}],"version-history":[{"count":6,"href":"https:\/\/planbet.contact\/ad\/wp-json\/wp\/v2\/pages\/838\/revisions"}],"predecessor-version":[{"id":964,"href":"https:\/\/planbet.contact\/ad\/wp-json\/wp\/v2\/pages\/838\/revisions\/964"}],"wp:attachment":[{"href":"https:\/\/planbet.contact\/ad\/wp-json\/wp\/v2\/media?parent=838"}],"curies":[{"name":"wp","href":"https:\/\/api.w.org\/{rel}","templated":true}]}}