{"id":851,"date":"2025-11-14T07:40:39","date_gmt":"2025-11-14T04:40:39","guid":{"rendered":"https:\/\/planbet.contact\/ad\/?page_id=851"},"modified":"2026-01-04T18:27:18","modified_gmt":"2026-01-04T15:27:18","slug":"registration","status":"publish","type":"page","link":"https:\/\/planbet.contact\/ad\/registration\/","title":{"rendered":"Inscripci\u00f3"},"content":{"rendered":"","protected":false},"excerpt":{"rendered":"","protected":false},"author":1,"featured_media":0,"parent":0,"menu_order":0,"comment_status":"closed","ping_status":"closed","template":"","meta":{"_acf_changed":false,"footnotes":""},"class_list":["post-851","page","type-page","status-publish","hentry"],"acf":[],"yoast_head":"<!-- This site is optimized with the Yoast SEO plugin v26.3 - https:\/\/yoast.com\/wordpress\/plugins\/seo\/ -->\n<title>Registre PlanBet Andorra \ud83d\udcdd Comen\u00e7a a Guanyar \ud83e\udd1d<\/title>\n<meta name=\"description\" content=\"Descobreix com de f\u00e0cil \u00e9s registrar-te a Planbet i comen\u00e7ar a jugar amb diners! Instruccions pas a pas per a usuaris nous.\" \/>\n<meta name=\"robots\" content=\"index, follow, max-snippet:-1, max-image-preview:large, max-video-preview:-1\" \/>\n<link rel=\"canonical\" href=\"https:\/\/planbet.contact\/ad\/registration\/\" \/>\n<meta property=\"og:locale\" content=\"en_US\" \/>\n<meta property=\"og:type\" content=\"article\" \/>\n<meta property=\"og:title\" content=\"Registre PlanBet Andorra \ud83d\udcdd Comen\u00e7a a Guanyar \ud83e\udd1d\" \/>\n<meta property=\"og:description\" content=\"Descobreix com de f\u00e0cil \u00e9s registrar-te a Planbet i comen\u00e7ar a jugar amb diners! Instruccions pas a pas per a usuaris nous.\" \/>\n<meta property=\"og:url\" content=\"https:\/\/planbet.contact\/ad\/registration\/\" \/>\n<meta property=\"og:site_name\" content=\"PlanBet AD\" \/>\n<meta property=\"article:modified_time\" content=\"2026-01-04T15:27:18+00:00\" \/>\n<meta name=\"twitter:card\" content=\"summary_large_image\" \/>\n<script type=\"application\/ld+json\" class=\"yoast-schema-graph\">{\"@context\":\"https:\/\/schema.org\",\"@graph\":[{\"@type\":\"WebPage\",\"@id\":\"https:\/\/planbet.contact\/ad\/registration\/\",\"url\":\"https:\/\/planbet.contact\/ad\/registration\/\",\"name\":\"Registre PlanBet Andorra \ud83d\udcdd Comen\u00e7a a Guanyar \ud83e\udd1d\",\"isPartOf\":{\"@id\":\"https:\/\/planbet.contact\/ad\/#website\"},\"datePublished\":\"2025-11-14T04:40:39+00:00\",\"dateModified\":\"2026-01-04T15:27:18+00:00\",\"description\":\"Descobreix com de f\u00e0cil \u00e9s registrar-te a Planbet i comen\u00e7ar a jugar amb diners! Instruccions pas a pas per a usuaris nous.\",\"breadcrumb\":{\"@id\":\"https:\/\/planbet.contact\/ad\/registration\/#breadcrumb\"},\"inLanguage\":\"ca-AD\",\"potentialAction\":[{\"@type\":\"ReadAction\",\"target\":[\"https:\/\/planbet.contact\/ad\/registration\/\"]}]},{\"@type\":\"BreadcrumbList\",\"@id\":\"https:\/\/planbet.contact\/ad\/registration\/#breadcrumb\",\"itemListElement\":[{\"@type\":\"ListItem\",\"position\":1,\"name\":\"Home\",\"item\":\"https:\/\/planbet.contact\/ad\/\"},{\"@type\":\"ListItem\",\"position\":2,\"name\":\"Inscripci\u00f3\"}]},{\"@type\":\"WebSite\",\"@id\":\"https:\/\/planbet.contact\/ad\/#website\",\"url\":\"https:\/\/planbet.contact\/ad\/\",\"name\":\"PlanBet AD\",\"description\":\"\",\"potentialAction\":[{\"@type\":\"SearchAction\",\"target\":{\"@type\":\"EntryPoint\",\"urlTemplate\":\"https:\/\/planbet.contact\/ad\/?s={search_term_string}\"},\"query-input\":{\"@type\":\"PropertyValueSpecification\",\"valueRequired\":true,\"valueName\":\"search_term_string\"}}],\"inLanguage\":\"ca-AD\"}]}<\/script>\n<!-- \/ Yoast SEO plugin. -->","yoast_head_json":{"title":"Registre PlanBet Andorra \ud83d\udcdd Comen\u00e7a a Guanyar \ud83e\udd1d","description":"Descobreix com de f\u00e0cil \u00e9s registrar-te a Planbet i comen\u00e7ar a jugar amb diners! Instruccions pas a pas per a usuaris nous.","robots":{"index":"index","follow":"follow","max-snippet":"max-snippet:-1","max-image-preview":"max-image-preview:large","max-video-preview":"max-video-preview:-1"},"canonical":"https:\/\/planbet.contact\/ad\/registration\/","og_locale":"en_US","og_type":"article","og_title":"Registre PlanBet Andorra \ud83d\udcdd Comen\u00e7a a Guanyar \ud83e\udd1d","og_description":"Descobreix com de f\u00e0cil \u00e9s registrar-te a Planbet i comen\u00e7ar a jugar amb diners! Instruccions pas a pas per a usuaris nous.","og_url":"https:\/\/planbet.contact\/ad\/registration\/","og_site_name":"PlanBet AD","article_modified_time":"2026-01-04T15:27:18+00:00","twitter_card":"summary_large_image","schema":{"@context":"https:\/\/schema.org","@graph":[{"@type":"WebPage","@id":"https:\/\/planbet.contact\/ad\/registration\/","url":"https:\/\/planbet.contact\/ad\/registration\/","name":"Registre PlanBet Andorra \ud83d\udcdd Comen\u00e7a a Guanyar \ud83e\udd1d","isPartOf":{"@id":"https:\/\/planbet.contact\/ad\/#website"},"datePublished":"2025-11-14T04:40:39+00:00","dateModified":"2026-01-04T15:27:18+00:00","description":"Descobreix com de f\u00e0cil \u00e9s registrar-te a Planbet i comen\u00e7ar a jugar amb diners! Instruccions pas a pas per a usuaris nous.","breadcrumb":{"@id":"https:\/\/planbet.contact\/ad\/registration\/#breadcrumb"},"inLanguage":"ca-AD","potentialAction":[{"@type":"ReadAction","target":["https:\/\/planbet.contact\/ad\/registration\/"]}]},{"@type":"BreadcrumbList","@id":"https:\/\/planbet.contact\/ad\/registration\/#breadcrumb","itemListElement":[{"@type":"ListItem","position":1,"name":"Home","item":"https:\/\/planbet.contact\/ad\/"},{"@type":"ListItem","position":2,"name":"Inscripci\u00f3"}]},{"@type":"WebSite","@id":"https:\/\/planbet.contact\/ad\/#website","url":"https:\/\/planbet.contact\/ad\/","name":"PlanBet AD","description":"","potentialAction":[{"@type":"SearchAction","target":{"@type":"EntryPoint","urlTemplate":"https:\/\/planbet.contact\/ad\/?s={search_term_string}"},"query-input":{"@type":"PropertyValueSpecification","valueRequired":true,"valueName":"search_term_string"}}],"inLanguage":"ca-AD"}]}},"_links":{"self":[{"href":"https:\/\/planbet.contact\/ad\/wp-json\/wp\/v2\/pages\/851","targetHints":{"allow":["GET"]}}],"collection":[{"href":"https:\/\/planbet.contact\/ad\/wp-json\/wp\/v2\/pages"}],"about":[{"href":"https:\/\/planbet.contact\/ad\/wp-json\/wp\/v2\/types\/page"}],"author":[{"embeddable":true,"href":"https:\/\/planbet.contact\/ad\/wp-json\/wp\/v2\/users\/1"}],"replies":[{"embeddable":true,"href":"https:\/\/planbet.contact\/ad\/wp-json\/wp\/v2\/comments?post=851"}],"version-history":[{"count":6,"href":"https:\/\/planbet.contact\/ad\/wp-json\/wp\/v2\/pages\/851\/revisions"}],"predecessor-version":[{"id":969,"href":"https:\/\/planbet.contact\/ad\/wp-json\/wp\/v2\/pages\/851\/revisions\/969"}],"wp:attachment":[{"href":"https:\/\/planbet.contact\/ad\/wp-json\/wp\/v2\/media?parent=851"}],"curies":[{"name":"wp","href":"https:\/\/api.w.org\/{rel}","templated":true}]}}