{"id":862,"date":"2025-11-14T08:17:45","date_gmt":"2025-11-14T05:17:45","guid":{"rendered":"https:\/\/planbet.contact\/ad\/?page_id=862"},"modified":"2026-01-04T16:46:29","modified_gmt":"2026-01-04T13:46:29","slug":"affiliate","status":"publish","type":"page","link":"https:\/\/planbet.contact\/ad\/affiliate\/","title":{"rendered":"Afiliat"},"content":{"rendered":"","protected":false},"excerpt":{"rendered":"","protected":false},"author":1,"featured_media":0,"parent":0,"menu_order":0,"comment_status":"closed","ping_status":"closed","template":"","meta":{"_acf_changed":false,"footnotes":""},"class_list":["post-862","page","type-page","status-publish","hentry"],"acf":[],"yoast_head":"<!-- This site is optimized with the Yoast SEO plugin v26.3 - https:\/\/yoast.com\/wordpress\/plugins\/seo\/ -->\n<title>Afiliaci\u00f3 amb Planbet Andorra \ud83e\udd1d Passos senzills per guanyar!<\/title>\n<meta name=\"description\" content=\"Uneix-te al programa d&#039;afiliats de Planbet i comen\u00e7a a guanyar diners sense cap experi\u00e8ncia! Descobreix oportunitats en la ind\u00fastria del joc.\" \/>\n<meta name=\"robots\" content=\"index, follow, max-snippet:-1, max-image-preview:large, max-video-preview:-1\" \/>\n<link rel=\"canonical\" href=\"https:\/\/planbet.contact\/ad\/affiliate\/\" \/>\n<meta property=\"og:locale\" content=\"en_US\" \/>\n<meta property=\"og:type\" content=\"article\" \/>\n<meta property=\"og:title\" content=\"Afiliaci\u00f3 amb Planbet Andorra \ud83e\udd1d Passos senzills per guanyar!\" \/>\n<meta property=\"og:description\" content=\"Uneix-te al programa d&#039;afiliats de Planbet i comen\u00e7a a guanyar diners sense cap experi\u00e8ncia! Descobreix oportunitats en la ind\u00fastria del joc.\" \/>\n<meta property=\"og:url\" content=\"https:\/\/planbet.contact\/ad\/affiliate\/\" \/>\n<meta property=\"og:site_name\" content=\"PlanBet AD\" \/>\n<meta property=\"article:modified_time\" content=\"2026-01-04T13:46:29+00:00\" \/>\n<meta name=\"twitter:card\" content=\"summary_large_image\" \/>\n<script type=\"application\/ld+json\" class=\"yoast-schema-graph\">{\"@context\":\"https:\/\/schema.org\",\"@graph\":[{\"@type\":\"WebPage\",\"@id\":\"https:\/\/planbet.contact\/ad\/affiliate\/\",\"url\":\"https:\/\/planbet.contact\/ad\/affiliate\/\",\"name\":\"Afiliaci\u00f3 amb Planbet Andorra \ud83e\udd1d Passos senzills per guanyar!\",\"isPartOf\":{\"@id\":\"https:\/\/planbet.contact\/ad\/#website\"},\"datePublished\":\"2025-11-14T05:17:45+00:00\",\"dateModified\":\"2026-01-04T13:46:29+00:00\",\"description\":\"Uneix-te al programa d'afiliats de Planbet i comen\u00e7a a guanyar diners sense cap experi\u00e8ncia! Descobreix oportunitats en la ind\u00fastria del joc.\",\"breadcrumb\":{\"@id\":\"https:\/\/planbet.contact\/ad\/affiliate\/#breadcrumb\"},\"inLanguage\":\"ca-AD\",\"potentialAction\":[{\"@type\":\"ReadAction\",\"target\":[\"https:\/\/planbet.contact\/ad\/affiliate\/\"]}]},{\"@type\":\"BreadcrumbList\",\"@id\":\"https:\/\/planbet.contact\/ad\/affiliate\/#breadcrumb\",\"itemListElement\":[{\"@type\":\"ListItem\",\"position\":1,\"name\":\"Home\",\"item\":\"https:\/\/planbet.contact\/ad\/\"},{\"@type\":\"ListItem\",\"position\":2,\"name\":\"Afiliat\"}]},{\"@type\":\"WebSite\",\"@id\":\"https:\/\/planbet.contact\/ad\/#website\",\"url\":\"https:\/\/planbet.contact\/ad\/\",\"name\":\"PlanBet AD\",\"description\":\"\",\"potentialAction\":[{\"@type\":\"SearchAction\",\"target\":{\"@type\":\"EntryPoint\",\"urlTemplate\":\"https:\/\/planbet.contact\/ad\/?s={search_term_string}\"},\"query-input\":{\"@type\":\"PropertyValueSpecification\",\"valueRequired\":true,\"valueName\":\"search_term_string\"}}],\"inLanguage\":\"ca-AD\"}]}<\/script>\n<!-- \/ Yoast SEO plugin. -->","yoast_head_json":{"title":"Afiliaci\u00f3 amb Planbet Andorra \ud83e\udd1d Passos senzills per guanyar!","description":"Uneix-te al programa d'afiliats de Planbet i comen\u00e7a a guanyar diners sense cap experi\u00e8ncia! Descobreix oportunitats en la ind\u00fastria del joc.","robots":{"index":"index","follow":"follow","max-snippet":"max-snippet:-1","max-image-preview":"max-image-preview:large","max-video-preview":"max-video-preview:-1"},"canonical":"https:\/\/planbet.contact\/ad\/affiliate\/","og_locale":"en_US","og_type":"article","og_title":"Afiliaci\u00f3 amb Planbet Andorra \ud83e\udd1d Passos senzills per guanyar!","og_description":"Uneix-te al programa d'afiliats de Planbet i comen\u00e7a a guanyar diners sense cap experi\u00e8ncia! Descobreix oportunitats en la ind\u00fastria del joc.","og_url":"https:\/\/planbet.contact\/ad\/affiliate\/","og_site_name":"PlanBet AD","article_modified_time":"2026-01-04T13:46:29+00:00","twitter_card":"summary_large_image","schema":{"@context":"https:\/\/schema.org","@graph":[{"@type":"WebPage","@id":"https:\/\/planbet.contact\/ad\/affiliate\/","url":"https:\/\/planbet.contact\/ad\/affiliate\/","name":"Afiliaci\u00f3 amb Planbet Andorra \ud83e\udd1d Passos senzills per guanyar!","isPartOf":{"@id":"https:\/\/planbet.contact\/ad\/#website"},"datePublished":"2025-11-14T05:17:45+00:00","dateModified":"2026-01-04T13:46:29+00:00","description":"Uneix-te al programa d'afiliats de Planbet i comen\u00e7a a guanyar diners sense cap experi\u00e8ncia! Descobreix oportunitats en la ind\u00fastria del joc.","breadcrumb":{"@id":"https:\/\/planbet.contact\/ad\/affiliate\/#breadcrumb"},"inLanguage":"ca-AD","potentialAction":[{"@type":"ReadAction","target":["https:\/\/planbet.contact\/ad\/affiliate\/"]}]},{"@type":"BreadcrumbList","@id":"https:\/\/planbet.contact\/ad\/affiliate\/#breadcrumb","itemListElement":[{"@type":"ListItem","position":1,"name":"Home","item":"https:\/\/planbet.contact\/ad\/"},{"@type":"ListItem","position":2,"name":"Afiliat"}]},{"@type":"WebSite","@id":"https:\/\/planbet.contact\/ad\/#website","url":"https:\/\/planbet.contact\/ad\/","name":"PlanBet AD","description":"","potentialAction":[{"@type":"SearchAction","target":{"@type":"EntryPoint","urlTemplate":"https:\/\/planbet.contact\/ad\/?s={search_term_string}"},"query-input":{"@type":"PropertyValueSpecification","valueRequired":true,"valueName":"search_term_string"}}],"inLanguage":"ca-AD"}]}},"_links":{"self":[{"href":"https:\/\/planbet.contact\/ad\/wp-json\/wp\/v2\/pages\/862","targetHints":{"allow":["GET"]}}],"collection":[{"href":"https:\/\/planbet.contact\/ad\/wp-json\/wp\/v2\/pages"}],"about":[{"href":"https:\/\/planbet.contact\/ad\/wp-json\/wp\/v2\/types\/page"}],"author":[{"embeddable":true,"href":"https:\/\/planbet.contact\/ad\/wp-json\/wp\/v2\/users\/1"}],"replies":[{"embeddable":true,"href":"https:\/\/planbet.contact\/ad\/wp-json\/wp\/v2\/comments?post=862"}],"version-history":[{"count":8,"href":"https:\/\/planbet.contact\/ad\/wp-json\/wp\/v2\/pages\/862\/revisions"}],"predecessor-version":[{"id":954,"href":"https:\/\/planbet.contact\/ad\/wp-json\/wp\/v2\/pages\/862\/revisions\/954"}],"wp:attachment":[{"href":"https:\/\/planbet.contact\/ad\/wp-json\/wp\/v2\/media?parent=862"}],"curies":[{"name":"wp","href":"https:\/\/api.w.org\/{rel}","templated":true}]}}