{"id":783,"date":"2025-11-07T09:25:31","date_gmt":"2025-11-07T06:25:31","guid":{"rendered":"https:\/\/planbet.contact\/al\/?page_id=783"},"modified":"2025-12-29T17:37:29","modified_gmt":"2025-12-29T14:37:29","slug":"apk","status":"publish","type":"page","link":"https:\/\/planbet.contact\/al\/apk\/","title":{"rendered":"APK"},"content":{"rendered":"","protected":false},"excerpt":{"rendered":"","protected":false},"author":1,"featured_media":0,"parent":0,"menu_order":0,"comment_status":"closed","ping_status":"closed","template":"","meta":{"_acf_changed":false,"footnotes":""},"class_list":["post-783","page","type-page","status-publish","hentry"],"acf":[],"yoast_head":"<!-- This site is optimized with the Yoast SEO plugin v26.3 - https:\/\/yoast.com\/wordpress\/plugins\/seo\/ -->\n<title>Shkarkoni Planbet Apk \ud83d\udce5 Vini Baste dhe Kazino n\u00eb Android<\/title>\n<meta name=\"description\" content=\"Shkarkoni tani Planbet Apk p\u00ebr t\u00eb pasur qasje n\u00eb ve\u00e7ori ekskluzive, bastime live dhe opsione t\u00eb ndryshme loj\u00ebrash drejtp\u00ebrdrejt n\u00eb pajisjen tuaj Android. Bashkohuni sot dhe shijoni nj\u00eb bot\u00eb bastesh n\u00eb maj\u00eb t\u00eb gishtave!\" \/>\n<meta name=\"robots\" content=\"index, follow, max-snippet:-1, max-image-preview:large, max-video-preview:-1\" \/>\n<link rel=\"canonical\" href=\"https:\/\/planbet.contact\/al\/apk\/\" \/>\n<meta property=\"og:locale\" content=\"sq_AL\" \/>\n<meta property=\"og:type\" content=\"article\" \/>\n<meta property=\"og:title\" content=\"Shkarkoni Planbet Apk \ud83d\udce5 Vini Baste dhe Kazino n\u00eb Android\" \/>\n<meta property=\"og:description\" content=\"Shkarkoni tani Planbet Apk p\u00ebr t\u00eb pasur qasje n\u00eb ve\u00e7ori ekskluzive, bastime live dhe opsione t\u00eb ndryshme loj\u00ebrash drejtp\u00ebrdrejt n\u00eb pajisjen tuaj Android. Bashkohuni sot dhe shijoni nj\u00eb bot\u00eb bastesh n\u00eb maj\u00eb t\u00eb gishtave!\" \/>\n<meta property=\"og:url\" content=\"https:\/\/planbet.contact\/al\/apk\/\" \/>\n<meta property=\"og:site_name\" content=\"PlanBet AL\" \/>\n<meta property=\"article:modified_time\" content=\"2025-12-29T14:37:29+00:00\" \/>\n<meta name=\"twitter:card\" content=\"summary_large_image\" \/>\n<script type=\"application\/ld+json\" class=\"yoast-schema-graph\">{\"@context\":\"https:\/\/schema.org\",\"@graph\":[{\"@type\":\"WebPage\",\"@id\":\"https:\/\/planbet.contact\/al\/apk\/\",\"url\":\"https:\/\/planbet.contact\/al\/apk\/\",\"name\":\"Shkarkoni Planbet Apk \ud83d\udce5 Vini Baste dhe Kazino n\u00eb Android\",\"isPartOf\":{\"@id\":\"https:\/\/planbet.contact\/al\/#website\"},\"datePublished\":\"2025-11-07T06:25:31+00:00\",\"dateModified\":\"2025-12-29T14:37:29+00:00\",\"description\":\"Shkarkoni tani Planbet Apk p\u00ebr t\u00eb pasur qasje n\u00eb ve\u00e7ori ekskluzive, bastime live dhe opsione t\u00eb ndryshme loj\u00ebrash drejtp\u00ebrdrejt n\u00eb pajisjen tuaj Android. Bashkohuni sot dhe shijoni nj\u00eb bot\u00eb bastesh n\u00eb maj\u00eb t\u00eb gishtave!\",\"breadcrumb\":{\"@id\":\"https:\/\/planbet.contact\/al\/apk\/#breadcrumb\"},\"inLanguage\":\"sq\",\"potentialAction\":[{\"@type\":\"ReadAction\",\"target\":[\"https:\/\/planbet.contact\/al\/apk\/\"]}]},{\"@type\":\"BreadcrumbList\",\"@id\":\"https:\/\/planbet.contact\/al\/apk\/#breadcrumb\",\"itemListElement\":[{\"@type\":\"ListItem\",\"position\":1,\"name\":\"Home\",\"item\":\"https:\/\/planbet.contact\/al\/\"},{\"@type\":\"ListItem\",\"position\":2,\"name\":\"APK\"}]},{\"@type\":\"WebSite\",\"@id\":\"https:\/\/planbet.contact\/al\/#website\",\"url\":\"https:\/\/planbet.contact\/al\/\",\"name\":\"PlanBet AL\",\"description\":\"\",\"potentialAction\":[{\"@type\":\"SearchAction\",\"target\":{\"@type\":\"EntryPoint\",\"urlTemplate\":\"https:\/\/planbet.contact\/al\/?s={search_term_string}\"},\"query-input\":{\"@type\":\"PropertyValueSpecification\",\"valueRequired\":true,\"valueName\":\"search_term_string\"}}],\"inLanguage\":\"sq\"}]}<\/script>\n<!-- \/ Yoast SEO plugin. -->","yoast_head_json":{"title":"Shkarkoni Planbet Apk \ud83d\udce5 Vini Baste dhe Kazino n\u00eb Android","description":"Shkarkoni tani Planbet Apk p\u00ebr t\u00eb pasur qasje n\u00eb ve\u00e7ori ekskluzive, bastime live dhe opsione t\u00eb ndryshme loj\u00ebrash drejtp\u00ebrdrejt n\u00eb pajisjen tuaj Android. Bashkohuni sot dhe shijoni nj\u00eb bot\u00eb bastesh n\u00eb maj\u00eb t\u00eb gishtave!","robots":{"index":"index","follow":"follow","max-snippet":"max-snippet:-1","max-image-preview":"max-image-preview:large","max-video-preview":"max-video-preview:-1"},"canonical":"https:\/\/planbet.contact\/al\/apk\/","og_locale":"sq_AL","og_type":"article","og_title":"Shkarkoni Planbet Apk \ud83d\udce5 Vini Baste dhe Kazino n\u00eb Android","og_description":"Shkarkoni tani Planbet Apk p\u00ebr t\u00eb pasur qasje n\u00eb ve\u00e7ori ekskluzive, bastime live dhe opsione t\u00eb ndryshme loj\u00ebrash drejtp\u00ebrdrejt n\u00eb pajisjen tuaj Android. Bashkohuni sot dhe shijoni nj\u00eb bot\u00eb bastesh n\u00eb maj\u00eb t\u00eb gishtave!","og_url":"https:\/\/planbet.contact\/al\/apk\/","og_site_name":"PlanBet AL","article_modified_time":"2025-12-29T14:37:29+00:00","twitter_card":"summary_large_image","schema":{"@context":"https:\/\/schema.org","@graph":[{"@type":"WebPage","@id":"https:\/\/planbet.contact\/al\/apk\/","url":"https:\/\/planbet.contact\/al\/apk\/","name":"Shkarkoni Planbet Apk \ud83d\udce5 Vini Baste dhe Kazino n\u00eb Android","isPartOf":{"@id":"https:\/\/planbet.contact\/al\/#website"},"datePublished":"2025-11-07T06:25:31+00:00","dateModified":"2025-12-29T14:37:29+00:00","description":"Shkarkoni tani Planbet Apk p\u00ebr t\u00eb pasur qasje n\u00eb ve\u00e7ori ekskluzive, bastime live dhe opsione t\u00eb ndryshme loj\u00ebrash drejtp\u00ebrdrejt n\u00eb pajisjen tuaj Android. Bashkohuni sot dhe shijoni nj\u00eb bot\u00eb bastesh n\u00eb maj\u00eb t\u00eb gishtave!","breadcrumb":{"@id":"https:\/\/planbet.contact\/al\/apk\/#breadcrumb"},"inLanguage":"sq","potentialAction":[{"@type":"ReadAction","target":["https:\/\/planbet.contact\/al\/apk\/"]}]},{"@type":"BreadcrumbList","@id":"https:\/\/planbet.contact\/al\/apk\/#breadcrumb","itemListElement":[{"@type":"ListItem","position":1,"name":"Home","item":"https:\/\/planbet.contact\/al\/"},{"@type":"ListItem","position":2,"name":"APK"}]},{"@type":"WebSite","@id":"https:\/\/planbet.contact\/al\/#website","url":"https:\/\/planbet.contact\/al\/","name":"PlanBet AL","description":"","potentialAction":[{"@type":"SearchAction","target":{"@type":"EntryPoint","urlTemplate":"https:\/\/planbet.contact\/al\/?s={search_term_string}"},"query-input":{"@type":"PropertyValueSpecification","valueRequired":true,"valueName":"search_term_string"}}],"inLanguage":"sq"}]}},"_links":{"self":[{"href":"https:\/\/planbet.contact\/al\/wp-json\/wp\/v2\/pages\/783","targetHints":{"allow":["GET"]}}],"collection":[{"href":"https:\/\/planbet.contact\/al\/wp-json\/wp\/v2\/pages"}],"about":[{"href":"https:\/\/planbet.contact\/al\/wp-json\/wp\/v2\/types\/page"}],"author":[{"embeddable":true,"href":"https:\/\/planbet.contact\/al\/wp-json\/wp\/v2\/users\/1"}],"replies":[{"embeddable":true,"href":"https:\/\/planbet.contact\/al\/wp-json\/wp\/v2\/comments?post=783"}],"version-history":[{"count":7,"href":"https:\/\/planbet.contact\/al\/wp-json\/wp\/v2\/pages\/783\/revisions"}],"predecessor-version":[{"id":956,"href":"https:\/\/planbet.contact\/al\/wp-json\/wp\/v2\/pages\/783\/revisions\/956"}],"wp:attachment":[{"href":"https:\/\/planbet.contact\/al\/wp-json\/wp\/v2\/media?parent=783"}],"curies":[{"name":"wp","href":"https:\/\/api.w.org\/{rel}","templated":true}]}}