{"id":831,"date":"2025-11-13T07:18:15","date_gmt":"2025-11-13T04:18:15","guid":{"rendered":"https:\/\/planbet.contact\/al\/?page_id=831"},"modified":"2025-12-29T18:57:41","modified_gmt":"2025-12-29T15:57:41","slug":"promo-code","status":"publish","type":"page","link":"https:\/\/planbet.contact\/al\/promo-code\/","title":{"rendered":"Kodi i promovimit"},"content":{"rendered":"","protected":false},"excerpt":{"rendered":"","protected":false},"author":1,"featured_media":0,"parent":0,"menu_order":0,"comment_status":"closed","ping_status":"closed","template":"","meta":{"_acf_changed":false,"footnotes":""},"class_list":["post-831","page","type-page","status-publish","hentry"],"acf":[],"yoast_head":"<!-- This site is optimized with the Yoast SEO plugin v26.3 - https:\/\/yoast.com\/wordpress\/plugins\/seo\/ -->\n<title>Kodet Promocionale Planbet \ud83c\udf81 Oferta Unike 2026<\/title>\n<meta name=\"description\" content=\"Kodet promo t\u00eb Planbet jan\u00eb \u00e7el\u00ebsi p\u00ebr shp\u00ebrblime dhe bonuse ekskluzive! Zbuloni se si t\u00eb p\u00ebrfitoni nga kjo mund\u00ebsi dhe t\u00eb p\u00ebrmir\u00ebsoni p\u00ebrvoj\u00ebn tuaj t\u00eb loj\u00ebrave.\" \/>\n<meta name=\"robots\" content=\"index, follow, max-snippet:-1, max-image-preview:large, max-video-preview:-1\" \/>\n<link rel=\"canonical\" href=\"https:\/\/planbet.contact\/al\/promo-code\/\" \/>\n<meta property=\"og:locale\" content=\"sq_AL\" \/>\n<meta property=\"og:type\" content=\"article\" \/>\n<meta property=\"og:title\" content=\"Kodet Promocionale Planbet \ud83c\udf81 Oferta Unike 2026\" \/>\n<meta property=\"og:description\" content=\"Kodet promo t\u00eb Planbet jan\u00eb \u00e7el\u00ebsi p\u00ebr shp\u00ebrblime dhe bonuse ekskluzive! Zbuloni se si t\u00eb p\u00ebrfitoni nga kjo mund\u00ebsi dhe t\u00eb p\u00ebrmir\u00ebsoni p\u00ebrvoj\u00ebn tuaj t\u00eb loj\u00ebrave.\" \/>\n<meta property=\"og:url\" content=\"https:\/\/planbet.contact\/al\/promo-code\/\" \/>\n<meta property=\"og:site_name\" content=\"PlanBet AL\" \/>\n<meta property=\"article:modified_time\" content=\"2025-12-29T15:57:41+00:00\" \/>\n<meta name=\"twitter:card\" content=\"summary_large_image\" \/>\n<script type=\"application\/ld+json\" class=\"yoast-schema-graph\">{\"@context\":\"https:\/\/schema.org\",\"@graph\":[{\"@type\":\"WebPage\",\"@id\":\"https:\/\/planbet.contact\/al\/promo-code\/\",\"url\":\"https:\/\/planbet.contact\/al\/promo-code\/\",\"name\":\"Kodet Promocionale Planbet \ud83c\udf81 Oferta Unike 2026\",\"isPartOf\":{\"@id\":\"https:\/\/planbet.contact\/al\/#website\"},\"datePublished\":\"2025-11-13T04:18:15+00:00\",\"dateModified\":\"2025-12-29T15:57:41+00:00\",\"description\":\"Kodet promo t\u00eb Planbet jan\u00eb \u00e7el\u00ebsi p\u00ebr shp\u00ebrblime dhe bonuse ekskluzive! Zbuloni se si t\u00eb p\u00ebrfitoni nga kjo mund\u00ebsi dhe t\u00eb p\u00ebrmir\u00ebsoni p\u00ebrvoj\u00ebn tuaj t\u00eb loj\u00ebrave.\",\"breadcrumb\":{\"@id\":\"https:\/\/planbet.contact\/al\/promo-code\/#breadcrumb\"},\"inLanguage\":\"sq\",\"potentialAction\":[{\"@type\":\"ReadAction\",\"target\":[\"https:\/\/planbet.contact\/al\/promo-code\/\"]}]},{\"@type\":\"BreadcrumbList\",\"@id\":\"https:\/\/planbet.contact\/al\/promo-code\/#breadcrumb\",\"itemListElement\":[{\"@type\":\"ListItem\",\"position\":1,\"name\":\"Home\",\"item\":\"https:\/\/planbet.contact\/al\/\"},{\"@type\":\"ListItem\",\"position\":2,\"name\":\"Kodi i promovimit\"}]},{\"@type\":\"WebSite\",\"@id\":\"https:\/\/planbet.contact\/al\/#website\",\"url\":\"https:\/\/planbet.contact\/al\/\",\"name\":\"PlanBet AL\",\"description\":\"\",\"potentialAction\":[{\"@type\":\"SearchAction\",\"target\":{\"@type\":\"EntryPoint\",\"urlTemplate\":\"https:\/\/planbet.contact\/al\/?s={search_term_string}\"},\"query-input\":{\"@type\":\"PropertyValueSpecification\",\"valueRequired\":true,\"valueName\":\"search_term_string\"}}],\"inLanguage\":\"sq\"}]}<\/script>\n<!-- \/ Yoast SEO plugin. -->","yoast_head_json":{"title":"Kodet Promocionale Planbet \ud83c\udf81 Oferta Unike 2026","description":"Kodet promo t\u00eb Planbet jan\u00eb \u00e7el\u00ebsi p\u00ebr shp\u00ebrblime dhe bonuse ekskluzive! Zbuloni se si t\u00eb p\u00ebrfitoni nga kjo mund\u00ebsi dhe t\u00eb p\u00ebrmir\u00ebsoni p\u00ebrvoj\u00ebn tuaj t\u00eb loj\u00ebrave.","robots":{"index":"index","follow":"follow","max-snippet":"max-snippet:-1","max-image-preview":"max-image-preview:large","max-video-preview":"max-video-preview:-1"},"canonical":"https:\/\/planbet.contact\/al\/promo-code\/","og_locale":"sq_AL","og_type":"article","og_title":"Kodet Promocionale Planbet \ud83c\udf81 Oferta Unike 2026","og_description":"Kodet promo t\u00eb Planbet jan\u00eb \u00e7el\u00ebsi p\u00ebr shp\u00ebrblime dhe bonuse ekskluzive! Zbuloni se si t\u00eb p\u00ebrfitoni nga kjo mund\u00ebsi dhe t\u00eb p\u00ebrmir\u00ebsoni p\u00ebrvoj\u00ebn tuaj t\u00eb loj\u00ebrave.","og_url":"https:\/\/planbet.contact\/al\/promo-code\/","og_site_name":"PlanBet AL","article_modified_time":"2025-12-29T15:57:41+00:00","twitter_card":"summary_large_image","schema":{"@context":"https:\/\/schema.org","@graph":[{"@type":"WebPage","@id":"https:\/\/planbet.contact\/al\/promo-code\/","url":"https:\/\/planbet.contact\/al\/promo-code\/","name":"Kodet Promocionale Planbet \ud83c\udf81 Oferta Unike 2026","isPartOf":{"@id":"https:\/\/planbet.contact\/al\/#website"},"datePublished":"2025-11-13T04:18:15+00:00","dateModified":"2025-12-29T15:57:41+00:00","description":"Kodet promo t\u00eb Planbet jan\u00eb \u00e7el\u00ebsi p\u00ebr shp\u00ebrblime dhe bonuse ekskluzive! Zbuloni se si t\u00eb p\u00ebrfitoni nga kjo mund\u00ebsi dhe t\u00eb p\u00ebrmir\u00ebsoni p\u00ebrvoj\u00ebn tuaj t\u00eb loj\u00ebrave.","breadcrumb":{"@id":"https:\/\/planbet.contact\/al\/promo-code\/#breadcrumb"},"inLanguage":"sq","potentialAction":[{"@type":"ReadAction","target":["https:\/\/planbet.contact\/al\/promo-code\/"]}]},{"@type":"BreadcrumbList","@id":"https:\/\/planbet.contact\/al\/promo-code\/#breadcrumb","itemListElement":[{"@type":"ListItem","position":1,"name":"Home","item":"https:\/\/planbet.contact\/al\/"},{"@type":"ListItem","position":2,"name":"Kodi i promovimit"}]},{"@type":"WebSite","@id":"https:\/\/planbet.contact\/al\/#website","url":"https:\/\/planbet.contact\/al\/","name":"PlanBet AL","description":"","potentialAction":[{"@type":"SearchAction","target":{"@type":"EntryPoint","urlTemplate":"https:\/\/planbet.contact\/al\/?s={search_term_string}"},"query-input":{"@type":"PropertyValueSpecification","valueRequired":true,"valueName":"search_term_string"}}],"inLanguage":"sq"}]}},"_links":{"self":[{"href":"https:\/\/planbet.contact\/al\/wp-json\/wp\/v2\/pages\/831","targetHints":{"allow":["GET"]}}],"collection":[{"href":"https:\/\/planbet.contact\/al\/wp-json\/wp\/v2\/pages"}],"about":[{"href":"https:\/\/planbet.contact\/al\/wp-json\/wp\/v2\/types\/page"}],"author":[{"embeddable":true,"href":"https:\/\/planbet.contact\/al\/wp-json\/wp\/v2\/users\/1"}],"replies":[{"embeddable":true,"href":"https:\/\/planbet.contact\/al\/wp-json\/wp\/v2\/comments?post=831"}],"version-history":[{"count":8,"href":"https:\/\/planbet.contact\/al\/wp-json\/wp\/v2\/pages\/831\/revisions"}],"predecessor-version":[{"id":968,"href":"https:\/\/planbet.contact\/al\/wp-json\/wp\/v2\/pages\/831\/revisions\/968"}],"wp:attachment":[{"href":"https:\/\/planbet.contact\/al\/wp-json\/wp\/v2\/media?parent=831"}],"curies":[{"name":"wp","href":"https:\/\/api.w.org\/{rel}","templated":true}]}}