{"id":862,"date":"2025-11-14T08:17:45","date_gmt":"2025-11-14T05:17:45","guid":{"rendered":"https:\/\/planbet.contact\/al\/?page_id=862"},"modified":"2025-12-29T17:28:26","modified_gmt":"2025-12-29T14:28:26","slug":"affiliate","status":"publish","type":"page","link":"https:\/\/planbet.contact\/al\/affiliate\/","title":{"rendered":"P\u00ebrkat\u00ebs"},"content":{"rendered":"","protected":false},"excerpt":{"rendered":"","protected":false},"author":1,"featured_media":0,"parent":0,"menu_order":0,"comment_status":"closed","ping_status":"closed","template":"","meta":{"_acf_changed":false,"footnotes":""},"class_list":["post-862","page","type-page","status-publish","hentry"],"acf":[],"yoast_head":"<!-- This site is optimized with the Yoast SEO plugin v26.3 - https:\/\/yoast.com\/wordpress\/plugins\/seo\/ -->\n<title>Partneriteti me Planbet \ud83d\ude80 Hapa drejt Fitimit!<\/title>\n<meta name=\"description\" content=\"Bashkohuni n\u00eb programin e afiliimit t\u00eb Planbet dhe filloni t\u00eb fitoni para pa asnj\u00eb p\u00ebrvoj\u00eb! Zbuloni mund\u00ebsi n\u00eb industrin\u00eb e loj\u00ebrave t\u00eb fatit.\" \/>\n<meta name=\"robots\" content=\"index, follow, max-snippet:-1, max-image-preview:large, max-video-preview:-1\" \/>\n<link rel=\"canonical\" href=\"https:\/\/planbet.contact\/al\/affiliate\/\" \/>\n<meta property=\"og:locale\" content=\"sq_AL\" \/>\n<meta property=\"og:type\" content=\"article\" \/>\n<meta property=\"og:title\" content=\"Partneriteti me Planbet \ud83d\ude80 Hapa drejt Fitimit!\" \/>\n<meta property=\"og:description\" content=\"Bashkohuni n\u00eb programin e afiliimit t\u00eb Planbet dhe filloni t\u00eb fitoni para pa asnj\u00eb p\u00ebrvoj\u00eb! Zbuloni mund\u00ebsi n\u00eb industrin\u00eb e loj\u00ebrave t\u00eb fatit.\" \/>\n<meta property=\"og:url\" content=\"https:\/\/planbet.contact\/al\/affiliate\/\" \/>\n<meta property=\"og:site_name\" content=\"PlanBet AL\" \/>\n<meta property=\"article:modified_time\" content=\"2025-12-29T14:28:26+00:00\" \/>\n<meta name=\"twitter:card\" content=\"summary_large_image\" \/>\n<script type=\"application\/ld+json\" class=\"yoast-schema-graph\">{\"@context\":\"https:\/\/schema.org\",\"@graph\":[{\"@type\":\"WebPage\",\"@id\":\"https:\/\/planbet.contact\/al\/affiliate\/\",\"url\":\"https:\/\/planbet.contact\/al\/affiliate\/\",\"name\":\"Partneriteti me Planbet \ud83d\ude80 Hapa drejt Fitimit!\",\"isPartOf\":{\"@id\":\"https:\/\/planbet.contact\/al\/#website\"},\"datePublished\":\"2025-11-14T05:17:45+00:00\",\"dateModified\":\"2025-12-29T14:28:26+00:00\",\"description\":\"Bashkohuni n\u00eb programin e afiliimit t\u00eb Planbet dhe filloni t\u00eb fitoni para pa asnj\u00eb p\u00ebrvoj\u00eb! Zbuloni mund\u00ebsi n\u00eb industrin\u00eb e loj\u00ebrave t\u00eb fatit.\",\"breadcrumb\":{\"@id\":\"https:\/\/planbet.contact\/al\/affiliate\/#breadcrumb\"},\"inLanguage\":\"sq\",\"potentialAction\":[{\"@type\":\"ReadAction\",\"target\":[\"https:\/\/planbet.contact\/al\/affiliate\/\"]}]},{\"@type\":\"BreadcrumbList\",\"@id\":\"https:\/\/planbet.contact\/al\/affiliate\/#breadcrumb\",\"itemListElement\":[{\"@type\":\"ListItem\",\"position\":1,\"name\":\"Home\",\"item\":\"https:\/\/planbet.contact\/al\/\"},{\"@type\":\"ListItem\",\"position\":2,\"name\":\"P\u00ebrkat\u00ebs\"}]},{\"@type\":\"WebSite\",\"@id\":\"https:\/\/planbet.contact\/al\/#website\",\"url\":\"https:\/\/planbet.contact\/al\/\",\"name\":\"PlanBet AL\",\"description\":\"\",\"potentialAction\":[{\"@type\":\"SearchAction\",\"target\":{\"@type\":\"EntryPoint\",\"urlTemplate\":\"https:\/\/planbet.contact\/al\/?s={search_term_string}\"},\"query-input\":{\"@type\":\"PropertyValueSpecification\",\"valueRequired\":true,\"valueName\":\"search_term_string\"}}],\"inLanguage\":\"sq\"}]}<\/script>\n<!-- \/ Yoast SEO plugin. -->","yoast_head_json":{"title":"Partneriteti me Planbet \ud83d\ude80 Hapa drejt Fitimit!","description":"Bashkohuni n\u00eb programin e afiliimit t\u00eb Planbet dhe filloni t\u00eb fitoni para pa asnj\u00eb p\u00ebrvoj\u00eb! Zbuloni mund\u00ebsi n\u00eb industrin\u00eb e loj\u00ebrave t\u00eb fatit.","robots":{"index":"index","follow":"follow","max-snippet":"max-snippet:-1","max-image-preview":"max-image-preview:large","max-video-preview":"max-video-preview:-1"},"canonical":"https:\/\/planbet.contact\/al\/affiliate\/","og_locale":"sq_AL","og_type":"article","og_title":"Partneriteti me Planbet \ud83d\ude80 Hapa drejt Fitimit!","og_description":"Bashkohuni n\u00eb programin e afiliimit t\u00eb Planbet dhe filloni t\u00eb fitoni para pa asnj\u00eb p\u00ebrvoj\u00eb! Zbuloni mund\u00ebsi n\u00eb industrin\u00eb e loj\u00ebrave t\u00eb fatit.","og_url":"https:\/\/planbet.contact\/al\/affiliate\/","og_site_name":"PlanBet AL","article_modified_time":"2025-12-29T14:28:26+00:00","twitter_card":"summary_large_image","schema":{"@context":"https:\/\/schema.org","@graph":[{"@type":"WebPage","@id":"https:\/\/planbet.contact\/al\/affiliate\/","url":"https:\/\/planbet.contact\/al\/affiliate\/","name":"Partneriteti me Planbet \ud83d\ude80 Hapa drejt Fitimit!","isPartOf":{"@id":"https:\/\/planbet.contact\/al\/#website"},"datePublished":"2025-11-14T05:17:45+00:00","dateModified":"2025-12-29T14:28:26+00:00","description":"Bashkohuni n\u00eb programin e afiliimit t\u00eb Planbet dhe filloni t\u00eb fitoni para pa asnj\u00eb p\u00ebrvoj\u00eb! Zbuloni mund\u00ebsi n\u00eb industrin\u00eb e loj\u00ebrave t\u00eb fatit.","breadcrumb":{"@id":"https:\/\/planbet.contact\/al\/affiliate\/#breadcrumb"},"inLanguage":"sq","potentialAction":[{"@type":"ReadAction","target":["https:\/\/planbet.contact\/al\/affiliate\/"]}]},{"@type":"BreadcrumbList","@id":"https:\/\/planbet.contact\/al\/affiliate\/#breadcrumb","itemListElement":[{"@type":"ListItem","position":1,"name":"Home","item":"https:\/\/planbet.contact\/al\/"},{"@type":"ListItem","position":2,"name":"P\u00ebrkat\u00ebs"}]},{"@type":"WebSite","@id":"https:\/\/planbet.contact\/al\/#website","url":"https:\/\/planbet.contact\/al\/","name":"PlanBet AL","description":"","potentialAction":[{"@type":"SearchAction","target":{"@type":"EntryPoint","urlTemplate":"https:\/\/planbet.contact\/al\/?s={search_term_string}"},"query-input":{"@type":"PropertyValueSpecification","valueRequired":true,"valueName":"search_term_string"}}],"inLanguage":"sq"}]}},"_links":{"self":[{"href":"https:\/\/planbet.contact\/al\/wp-json\/wp\/v2\/pages\/862","targetHints":{"allow":["GET"]}}],"collection":[{"href":"https:\/\/planbet.contact\/al\/wp-json\/wp\/v2\/pages"}],"about":[{"href":"https:\/\/planbet.contact\/al\/wp-json\/wp\/v2\/types\/page"}],"author":[{"embeddable":true,"href":"https:\/\/planbet.contact\/al\/wp-json\/wp\/v2\/users\/1"}],"replies":[{"embeddable":true,"href":"https:\/\/planbet.contact\/al\/wp-json\/wp\/v2\/comments?post=862"}],"version-history":[{"count":8,"href":"https:\/\/planbet.contact\/al\/wp-json\/wp\/v2\/pages\/862\/revisions"}],"predecessor-version":[{"id":954,"href":"https:\/\/planbet.contact\/al\/wp-json\/wp\/v2\/pages\/862\/revisions\/954"}],"wp:attachment":[{"href":"https:\/\/planbet.contact\/al\/wp-json\/wp\/v2\/media?parent=862"}],"curies":[{"name":"wp","href":"https:\/\/api.w.org\/{rel}","templated":true}]}}