{"id":801,"date":"2025-11-11T19:56:53","date_gmt":"2025-11-11T16:56:53","guid":{"rendered":"https:\/\/planbet.contact\/at\/?page_id=801"},"modified":"2025-12-18T14:57:56","modified_gmt":"2025-12-18T11:57:56","slug":"casino","status":"publish","type":"page","link":"https:\/\/planbet.contact\/at\/casino\/","title":{"rendered":"Casino"},"content":{"rendered":"","protected":false},"excerpt":{"rendered":"","protected":false},"author":1,"featured_media":0,"parent":0,"menu_order":0,"comment_status":"closed","ping_status":"closed","template":"","meta":{"_acf_changed":false,"footnotes":""},"class_list":["post-801","page","type-page","status-publish","hentry"],"acf":[],"yoast_head":"<!-- This site is optimized with the Yoast SEO plugin v26.3 - https:\/\/yoast.com\/wordpress\/plugins\/seo\/ -->\n<title>Planbet Casino \u2705 Bequemes Gl\u00fccksspiel auf Ihrem Ger\u00e4t<\/title>\n<meta name=\"description\" content=\"Planbet Casino \u00d6sterreich \u2013 Ihr pers\u00f6nliches Tor zur Welt des Gl\u00fccksspiels! Spielen Sie die besten Online-Spiele, wo immer Sie sind, und versuchen Sie jederzeit Ihr Gl\u00fcck.\" \/>\n<meta name=\"robots\" content=\"index, follow, max-snippet:-1, max-image-preview:large, max-video-preview:-1\" \/>\n<link rel=\"canonical\" href=\"https:\/\/planbet.contact\/at\/casino\/\" \/>\n<meta property=\"og:locale\" content=\"de_DE\" \/>\n<meta property=\"og:type\" content=\"article\" \/>\n<meta property=\"og:title\" content=\"Planbet Casino \u2705 Bequemes Gl\u00fccksspiel auf Ihrem Ger\u00e4t\" \/>\n<meta property=\"og:description\" content=\"Planbet Casino \u00d6sterreich \u2013 Ihr pers\u00f6nliches Tor zur Welt des Gl\u00fccksspiels! Spielen Sie die besten Online-Spiele, wo immer Sie sind, und versuchen Sie jederzeit Ihr Gl\u00fcck.\" \/>\n<meta property=\"og:url\" content=\"https:\/\/planbet.contact\/at\/casino\/\" \/>\n<meta property=\"og:site_name\" content=\"PlanBet AT\" \/>\n<meta property=\"article:modified_time\" content=\"2025-12-18T11:57:56+00:00\" \/>\n<meta name=\"twitter:card\" content=\"summary_large_image\" \/>\n<script type=\"application\/ld+json\" class=\"yoast-schema-graph\">{\"@context\":\"https:\/\/schema.org\",\"@graph\":[{\"@type\":\"WebPage\",\"@id\":\"https:\/\/planbet.contact\/at\/casino\/\",\"url\":\"https:\/\/planbet.contact\/at\/casino\/\",\"name\":\"Planbet Casino \u2705 Bequemes Gl\u00fccksspiel auf Ihrem Ger\u00e4t\",\"isPartOf\":{\"@id\":\"https:\/\/planbet.contact\/at\/#website\"},\"datePublished\":\"2025-11-11T16:56:53+00:00\",\"dateModified\":\"2025-12-18T11:57:56+00:00\",\"description\":\"Planbet Casino \u00d6sterreich \u2013 Ihr pers\u00f6nliches Tor zur Welt des Gl\u00fccksspiels! Spielen Sie die besten Online-Spiele, wo immer Sie sind, und versuchen Sie jederzeit Ihr Gl\u00fcck.\",\"breadcrumb\":{\"@id\":\"https:\/\/planbet.contact\/at\/casino\/#breadcrumb\"},\"inLanguage\":\"de-AT\",\"potentialAction\":[{\"@type\":\"ReadAction\",\"target\":[\"https:\/\/planbet.contact\/at\/casino\/\"]}]},{\"@type\":\"BreadcrumbList\",\"@id\":\"https:\/\/planbet.contact\/at\/casino\/#breadcrumb\",\"itemListElement\":[{\"@type\":\"ListItem\",\"position\":1,\"name\":\"Home\",\"item\":\"https:\/\/planbet.contact\/at\/\"},{\"@type\":\"ListItem\",\"position\":2,\"name\":\"Casino\"}]},{\"@type\":\"WebSite\",\"@id\":\"https:\/\/planbet.contact\/at\/#website\",\"url\":\"https:\/\/planbet.contact\/at\/\",\"name\":\"PlanBet AT\",\"description\":\"\",\"potentialAction\":[{\"@type\":\"SearchAction\",\"target\":{\"@type\":\"EntryPoint\",\"urlTemplate\":\"https:\/\/planbet.contact\/at\/?s={search_term_string}\"},\"query-input\":{\"@type\":\"PropertyValueSpecification\",\"valueRequired\":true,\"valueName\":\"search_term_string\"}}],\"inLanguage\":\"de-AT\"}]}<\/script>\n<!-- \/ Yoast SEO plugin. -->","yoast_head_json":{"title":"Planbet Casino \u2705 Bequemes Gl\u00fccksspiel auf Ihrem Ger\u00e4t","description":"Planbet Casino \u00d6sterreich \u2013 Ihr pers\u00f6nliches Tor zur Welt des Gl\u00fccksspiels! Spielen Sie die besten Online-Spiele, wo immer Sie sind, und versuchen Sie jederzeit Ihr Gl\u00fcck.","robots":{"index":"index","follow":"follow","max-snippet":"max-snippet:-1","max-image-preview":"max-image-preview:large","max-video-preview":"max-video-preview:-1"},"canonical":"https:\/\/planbet.contact\/at\/casino\/","og_locale":"de_DE","og_type":"article","og_title":"Planbet Casino \u2705 Bequemes Gl\u00fccksspiel auf Ihrem Ger\u00e4t","og_description":"Planbet Casino \u00d6sterreich \u2013 Ihr pers\u00f6nliches Tor zur Welt des Gl\u00fccksspiels! Spielen Sie die besten Online-Spiele, wo immer Sie sind, und versuchen Sie jederzeit Ihr Gl\u00fcck.","og_url":"https:\/\/planbet.contact\/at\/casino\/","og_site_name":"PlanBet AT","article_modified_time":"2025-12-18T11:57:56+00:00","twitter_card":"summary_large_image","schema":{"@context":"https:\/\/schema.org","@graph":[{"@type":"WebPage","@id":"https:\/\/planbet.contact\/at\/casino\/","url":"https:\/\/planbet.contact\/at\/casino\/","name":"Planbet Casino \u2705 Bequemes Gl\u00fccksspiel auf Ihrem Ger\u00e4t","isPartOf":{"@id":"https:\/\/planbet.contact\/at\/#website"},"datePublished":"2025-11-11T16:56:53+00:00","dateModified":"2025-12-18T11:57:56+00:00","description":"Planbet Casino \u00d6sterreich \u2013 Ihr pers\u00f6nliches Tor zur Welt des Gl\u00fccksspiels! Spielen Sie die besten Online-Spiele, wo immer Sie sind, und versuchen Sie jederzeit Ihr Gl\u00fcck.","breadcrumb":{"@id":"https:\/\/planbet.contact\/at\/casino\/#breadcrumb"},"inLanguage":"de-AT","potentialAction":[{"@type":"ReadAction","target":["https:\/\/planbet.contact\/at\/casino\/"]}]},{"@type":"BreadcrumbList","@id":"https:\/\/planbet.contact\/at\/casino\/#breadcrumb","itemListElement":[{"@type":"ListItem","position":1,"name":"Home","item":"https:\/\/planbet.contact\/at\/"},{"@type":"ListItem","position":2,"name":"Casino"}]},{"@type":"WebSite","@id":"https:\/\/planbet.contact\/at\/#website","url":"https:\/\/planbet.contact\/at\/","name":"PlanBet AT","description":"","potentialAction":[{"@type":"SearchAction","target":{"@type":"EntryPoint","urlTemplate":"https:\/\/planbet.contact\/at\/?s={search_term_string}"},"query-input":{"@type":"PropertyValueSpecification","valueRequired":true,"valueName":"search_term_string"}}],"inLanguage":"de-AT"}]}},"_links":{"self":[{"href":"https:\/\/planbet.contact\/at\/wp-json\/wp\/v2\/pages\/801","targetHints":{"allow":["GET"]}}],"collection":[{"href":"https:\/\/planbet.contact\/at\/wp-json\/wp\/v2\/pages"}],"about":[{"href":"https:\/\/planbet.contact\/at\/wp-json\/wp\/v2\/types\/page"}],"author":[{"embeddable":true,"href":"https:\/\/planbet.contact\/at\/wp-json\/wp\/v2\/users\/1"}],"replies":[{"embeddable":true,"href":"https:\/\/planbet.contact\/at\/wp-json\/wp\/v2\/comments?post=801"}],"version-history":[{"count":10,"href":"https:\/\/planbet.contact\/at\/wp-json\/wp\/v2\/pages\/801\/revisions"}],"predecessor-version":[{"id":970,"href":"https:\/\/planbet.contact\/at\/wp-json\/wp\/v2\/pages\/801\/revisions\/970"}],"wp:attachment":[{"href":"https:\/\/planbet.contact\/at\/wp-json\/wp\/v2\/media?parent=801"}],"curies":[{"name":"wp","href":"https:\/\/api.w.org\/{rel}","templated":true}]}}