{"id":838,"date":"2025-11-13T08:49:36","date_gmt":"2025-11-13T05:49:36","guid":{"rendered":"https:\/\/planbet.contact\/at\/?page_id=838"},"modified":"2025-12-18T14:50:16","modified_gmt":"2025-12-18T11:50:16","slug":"login","status":"publish","type":"page","link":"https:\/\/planbet.contact\/at\/login\/","title":{"rendered":"Anmelden"},"content":{"rendered":"","protected":false},"excerpt":{"rendered":"","protected":false},"author":1,"featured_media":0,"parent":0,"menu_order":0,"comment_status":"closed","ping_status":"closed","template":"","meta":{"_acf_changed":false,"footnotes":""},"class_list":["post-838","page","type-page","status-publish","hentry"],"acf":[],"yoast_head":"<!-- This site is optimized with the Yoast SEO plugin v26.3 - https:\/\/yoast.com\/wordpress\/plugins\/seo\/ -->\n<title>Planbet Anmelden \u2714\ufe0f Zugang zu Ihrem Konto auf jedem Ger\u00e4t<\/title>\n<meta name=\"description\" content=\"Erfahren Sie, wie einfach es ist, sich von jedem Ger\u00e4t aus bei Planbet \u00d6sterreich anzumelden! Schritt-f\u00fcr-Schritt-Anleitung f\u00fcr den schnellen Zugriff auf Ihr pers\u00f6nliches Konto.\" \/>\n<meta name=\"robots\" content=\"index, follow, max-snippet:-1, max-image-preview:large, max-video-preview:-1\" \/>\n<link rel=\"canonical\" href=\"https:\/\/planbet.contact\/at\/login\/\" \/>\n<meta property=\"og:locale\" content=\"de_DE\" \/>\n<meta property=\"og:type\" content=\"article\" \/>\n<meta property=\"og:title\" content=\"Planbet Anmelden \u2714\ufe0f Zugang zu Ihrem Konto auf jedem Ger\u00e4t\" \/>\n<meta property=\"og:description\" content=\"Erfahren Sie, wie einfach es ist, sich von jedem Ger\u00e4t aus bei Planbet \u00d6sterreich anzumelden! Schritt-f\u00fcr-Schritt-Anleitung f\u00fcr den schnellen Zugriff auf Ihr pers\u00f6nliches Konto.\" \/>\n<meta property=\"og:url\" content=\"https:\/\/planbet.contact\/at\/login\/\" \/>\n<meta property=\"og:site_name\" content=\"PlanBet AT\" \/>\n<meta property=\"article:modified_time\" content=\"2025-12-18T11:50:16+00:00\" \/>\n<meta name=\"twitter:card\" content=\"summary_large_image\" \/>\n<script type=\"application\/ld+json\" class=\"yoast-schema-graph\">{\"@context\":\"https:\/\/schema.org\",\"@graph\":[{\"@type\":\"WebPage\",\"@id\":\"https:\/\/planbet.contact\/at\/login\/\",\"url\":\"https:\/\/planbet.contact\/at\/login\/\",\"name\":\"Planbet Anmelden \u2714\ufe0f Zugang zu Ihrem Konto auf jedem Ger\u00e4t\",\"isPartOf\":{\"@id\":\"https:\/\/planbet.contact\/at\/#website\"},\"datePublished\":\"2025-11-13T05:49:36+00:00\",\"dateModified\":\"2025-12-18T11:50:16+00:00\",\"description\":\"Erfahren Sie, wie einfach es ist, sich von jedem Ger\u00e4t aus bei Planbet \u00d6sterreich anzumelden! Schritt-f\u00fcr-Schritt-Anleitung f\u00fcr den schnellen Zugriff auf Ihr pers\u00f6nliches Konto.\",\"breadcrumb\":{\"@id\":\"https:\/\/planbet.contact\/at\/login\/#breadcrumb\"},\"inLanguage\":\"de-AT\",\"potentialAction\":[{\"@type\":\"ReadAction\",\"target\":[\"https:\/\/planbet.contact\/at\/login\/\"]}]},{\"@type\":\"BreadcrumbList\",\"@id\":\"https:\/\/planbet.contact\/at\/login\/#breadcrumb\",\"itemListElement\":[{\"@type\":\"ListItem\",\"position\":1,\"name\":\"Home\",\"item\":\"https:\/\/planbet.contact\/at\/\"},{\"@type\":\"ListItem\",\"position\":2,\"name\":\"Anmelden\"}]},{\"@type\":\"WebSite\",\"@id\":\"https:\/\/planbet.contact\/at\/#website\",\"url\":\"https:\/\/planbet.contact\/at\/\",\"name\":\"PlanBet AT\",\"description\":\"\",\"potentialAction\":[{\"@type\":\"SearchAction\",\"target\":{\"@type\":\"EntryPoint\",\"urlTemplate\":\"https:\/\/planbet.contact\/at\/?s={search_term_string}\"},\"query-input\":{\"@type\":\"PropertyValueSpecification\",\"valueRequired\":true,\"valueName\":\"search_term_string\"}}],\"inLanguage\":\"de-AT\"}]}<\/script>\n<!-- \/ Yoast SEO plugin. -->","yoast_head_json":{"title":"Planbet Anmelden \u2714\ufe0f Zugang zu Ihrem Konto auf jedem Ger\u00e4t","description":"Erfahren Sie, wie einfach es ist, sich von jedem Ger\u00e4t aus bei Planbet \u00d6sterreich anzumelden! Schritt-f\u00fcr-Schritt-Anleitung f\u00fcr den schnellen Zugriff auf Ihr pers\u00f6nliches Konto.","robots":{"index":"index","follow":"follow","max-snippet":"max-snippet:-1","max-image-preview":"max-image-preview:large","max-video-preview":"max-video-preview:-1"},"canonical":"https:\/\/planbet.contact\/at\/login\/","og_locale":"de_DE","og_type":"article","og_title":"Planbet Anmelden \u2714\ufe0f Zugang zu Ihrem Konto auf jedem Ger\u00e4t","og_description":"Erfahren Sie, wie einfach es ist, sich von jedem Ger\u00e4t aus bei Planbet \u00d6sterreich anzumelden! Schritt-f\u00fcr-Schritt-Anleitung f\u00fcr den schnellen Zugriff auf Ihr pers\u00f6nliches Konto.","og_url":"https:\/\/planbet.contact\/at\/login\/","og_site_name":"PlanBet AT","article_modified_time":"2025-12-18T11:50:16+00:00","twitter_card":"summary_large_image","schema":{"@context":"https:\/\/schema.org","@graph":[{"@type":"WebPage","@id":"https:\/\/planbet.contact\/at\/login\/","url":"https:\/\/planbet.contact\/at\/login\/","name":"Planbet Anmelden \u2714\ufe0f Zugang zu Ihrem Konto auf jedem Ger\u00e4t","isPartOf":{"@id":"https:\/\/planbet.contact\/at\/#website"},"datePublished":"2025-11-13T05:49:36+00:00","dateModified":"2025-12-18T11:50:16+00:00","description":"Erfahren Sie, wie einfach es ist, sich von jedem Ger\u00e4t aus bei Planbet \u00d6sterreich anzumelden! Schritt-f\u00fcr-Schritt-Anleitung f\u00fcr den schnellen Zugriff auf Ihr pers\u00f6nliches Konto.","breadcrumb":{"@id":"https:\/\/planbet.contact\/at\/login\/#breadcrumb"},"inLanguage":"de-AT","potentialAction":[{"@type":"ReadAction","target":["https:\/\/planbet.contact\/at\/login\/"]}]},{"@type":"BreadcrumbList","@id":"https:\/\/planbet.contact\/at\/login\/#breadcrumb","itemListElement":[{"@type":"ListItem","position":1,"name":"Home","item":"https:\/\/planbet.contact\/at\/"},{"@type":"ListItem","position":2,"name":"Anmelden"}]},{"@type":"WebSite","@id":"https:\/\/planbet.contact\/at\/#website","url":"https:\/\/planbet.contact\/at\/","name":"PlanBet AT","description":"","potentialAction":[{"@type":"SearchAction","target":{"@type":"EntryPoint","urlTemplate":"https:\/\/planbet.contact\/at\/?s={search_term_string}"},"query-input":{"@type":"PropertyValueSpecification","valueRequired":true,"valueName":"search_term_string"}}],"inLanguage":"de-AT"}]}},"_links":{"self":[{"href":"https:\/\/planbet.contact\/at\/wp-json\/wp\/v2\/pages\/838","targetHints":{"allow":["GET"]}}],"collection":[{"href":"https:\/\/planbet.contact\/at\/wp-json\/wp\/v2\/pages"}],"about":[{"href":"https:\/\/planbet.contact\/at\/wp-json\/wp\/v2\/types\/page"}],"author":[{"embeddable":true,"href":"https:\/\/planbet.contact\/at\/wp-json\/wp\/v2\/users\/1"}],"replies":[{"embeddable":true,"href":"https:\/\/planbet.contact\/at\/wp-json\/wp\/v2\/comments?post=838"}],"version-history":[{"count":8,"href":"https:\/\/planbet.contact\/at\/wp-json\/wp\/v2\/pages\/838\/revisions"}],"predecessor-version":[{"id":967,"href":"https:\/\/planbet.contact\/at\/wp-json\/wp\/v2\/pages\/838\/revisions\/967"}],"wp:attachment":[{"href":"https:\/\/planbet.contact\/at\/wp-json\/wp\/v2\/media?parent=838"}],"curies":[{"name":"wp","href":"https:\/\/api.w.org\/{rel}","templated":true}]}}