{"id":783,"date":"2025-11-07T09:25:31","date_gmt":"2025-11-07T06:25:31","guid":{"rendered":"https:\/\/planbet.contact\/ch\/?page_id=783"},"modified":"2026-01-05T08:32:49","modified_gmt":"2026-01-05T05:32:49","slug":"apk","status":"publish","type":"page","link":"https:\/\/planbet.contact\/ch\/apk\/","title":{"rendered":"Apk"},"content":{"rendered":"","protected":false},"excerpt":{"rendered":"","protected":false},"author":1,"featured_media":0,"parent":0,"menu_order":0,"comment_status":"closed","ping_status":"closed","template":"","meta":{"_acf_changed":false,"footnotes":""},"class_list":["post-783","page","type-page","status-publish","hentry"],"acf":[],"yoast_head":"<!-- This site is optimized with the Yoast SEO plugin v26.3 - https:\/\/yoast.com\/wordpress\/plugins\/seo\/ -->\n<title>Planbet Switzerland Apk \ud83d\udcb0 Urheiluvedonly\u00f6nti- ja kasinosoft<\/title>\n<meta name=\"description\" content=\"Laden Sie Planbet Schweiz Apk jetzt herunter, um direkt auf Ihrem Android-Ger\u00e4t auf exklusive Funktionen, Live-Wetten und verschiedene Spieloptionen zuzugreifen. Melden Sie sich noch heute an und genie\u00dfen Sie eine Welt voller Wettm\u00f6glichkeiten, die Ihnen zur Verf\u00fcgung steht!\" \/>\n<meta name=\"robots\" content=\"noindex, follow, max-snippet:-1, max-image-preview:large, max-video-preview:-1\" \/>\n<meta property=\"og:locale\" content=\"de_DE\" \/>\n<meta property=\"og:type\" content=\"article\" \/>\n<meta property=\"og:title\" content=\"Planbet Switzerland Apk \ud83d\udcb0 Urheiluvedonly\u00f6nti- ja kasinosoft\" \/>\n<meta property=\"og:description\" content=\"Laden Sie Planbet Schweiz Apk jetzt herunter, um direkt auf Ihrem Android-Ger\u00e4t auf exklusive Funktionen, Live-Wetten und verschiedene Spieloptionen zuzugreifen. Melden Sie sich noch heute an und genie\u00dfen Sie eine Welt voller Wettm\u00f6glichkeiten, die Ihnen zur Verf\u00fcgung steht!\" \/>\n<meta property=\"og:url\" content=\"https:\/\/planbet.contact\/ch\/apk\/\" \/>\n<meta property=\"og:site_name\" content=\"PlanBet CH\" \/>\n<meta property=\"article:modified_time\" content=\"2026-01-05T05:32:49+00:00\" \/>\n<meta name=\"twitter:card\" content=\"summary_large_image\" \/>\n<script type=\"application\/ld+json\" class=\"yoast-schema-graph\">{\"@context\":\"https:\/\/schema.org\",\"@graph\":[{\"@type\":\"WebPage\",\"@id\":\"https:\/\/planbet.contact\/ch\/apk\/\",\"url\":\"https:\/\/planbet.contact\/ch\/apk\/\",\"name\":\"Planbet Switzerland Apk \ud83d\udcb0 Urheiluvedonly\u00f6nti- ja kasinosoft\",\"isPartOf\":{\"@id\":\"https:\/\/planbet.contact\/ch\/#website\"},\"datePublished\":\"2025-11-07T06:25:31+00:00\",\"dateModified\":\"2026-01-05T05:32:49+00:00\",\"description\":\"Laden Sie Planbet Schweiz Apk jetzt herunter, um direkt auf Ihrem Android-Ger\u00e4t auf exklusive Funktionen, Live-Wetten und verschiedene Spieloptionen zuzugreifen. Melden Sie sich noch heute an und genie\u00dfen Sie eine Welt voller Wettm\u00f6glichkeiten, die Ihnen zur Verf\u00fcgung steht!\",\"breadcrumb\":{\"@id\":\"https:\/\/planbet.contact\/ch\/apk\/#breadcrumb\"},\"inLanguage\":\"de-CH\",\"potentialAction\":[{\"@type\":\"ReadAction\",\"target\":[\"https:\/\/planbet.contact\/ch\/apk\/\"]}]},{\"@type\":\"BreadcrumbList\",\"@id\":\"https:\/\/planbet.contact\/ch\/apk\/#breadcrumb\",\"itemListElement\":[{\"@type\":\"ListItem\",\"position\":1,\"name\":\"Home\",\"item\":\"https:\/\/planbet.contact\/ch\/\"},{\"@type\":\"ListItem\",\"position\":2,\"name\":\"Apk\"}]},{\"@type\":\"WebSite\",\"@id\":\"https:\/\/planbet.contact\/ch\/#website\",\"url\":\"https:\/\/planbet.contact\/ch\/\",\"name\":\"PlanBet CH\",\"description\":\"\",\"potentialAction\":[{\"@type\":\"SearchAction\",\"target\":{\"@type\":\"EntryPoint\",\"urlTemplate\":\"https:\/\/planbet.contact\/ch\/?s={search_term_string}\"},\"query-input\":{\"@type\":\"PropertyValueSpecification\",\"valueRequired\":true,\"valueName\":\"search_term_string\"}}],\"inLanguage\":\"de-CH\"}]}<\/script>\n<!-- \/ Yoast SEO plugin. -->","yoast_head_json":{"title":"Planbet Switzerland Apk \ud83d\udcb0 Urheiluvedonly\u00f6nti- ja kasinosoft","description":"Laden Sie Planbet Schweiz Apk jetzt herunter, um direkt auf Ihrem Android-Ger\u00e4t auf exklusive Funktionen, Live-Wetten und verschiedene Spieloptionen zuzugreifen. Melden Sie sich noch heute an und genie\u00dfen Sie eine Welt voller Wettm\u00f6glichkeiten, die Ihnen zur Verf\u00fcgung steht!","robots":{"index":"noindex","follow":"follow","max-snippet":"max-snippet:-1","max-image-preview":"max-image-preview:large","max-video-preview":"max-video-preview:-1"},"og_locale":"de_DE","og_type":"article","og_title":"Planbet Switzerland Apk \ud83d\udcb0 Urheiluvedonly\u00f6nti- ja kasinosoft","og_description":"Laden Sie Planbet Schweiz Apk jetzt herunter, um direkt auf Ihrem Android-Ger\u00e4t auf exklusive Funktionen, Live-Wetten und verschiedene Spieloptionen zuzugreifen. Melden Sie sich noch heute an und genie\u00dfen Sie eine Welt voller Wettm\u00f6glichkeiten, die Ihnen zur Verf\u00fcgung steht!","og_url":"https:\/\/planbet.contact\/ch\/apk\/","og_site_name":"PlanBet CH","article_modified_time":"2026-01-05T05:32:49+00:00","twitter_card":"summary_large_image","schema":{"@context":"https:\/\/schema.org","@graph":[{"@type":"WebPage","@id":"https:\/\/planbet.contact\/ch\/apk\/","url":"https:\/\/planbet.contact\/ch\/apk\/","name":"Planbet Switzerland Apk \ud83d\udcb0 Urheiluvedonly\u00f6nti- ja kasinosoft","isPartOf":{"@id":"https:\/\/planbet.contact\/ch\/#website"},"datePublished":"2025-11-07T06:25:31+00:00","dateModified":"2026-01-05T05:32:49+00:00","description":"Laden Sie Planbet Schweiz Apk jetzt herunter, um direkt auf Ihrem Android-Ger\u00e4t auf exklusive Funktionen, Live-Wetten und verschiedene Spieloptionen zuzugreifen. Melden Sie sich noch heute an und genie\u00dfen Sie eine Welt voller Wettm\u00f6glichkeiten, die Ihnen zur Verf\u00fcgung steht!","breadcrumb":{"@id":"https:\/\/planbet.contact\/ch\/apk\/#breadcrumb"},"inLanguage":"de-CH","potentialAction":[{"@type":"ReadAction","target":["https:\/\/planbet.contact\/ch\/apk\/"]}]},{"@type":"BreadcrumbList","@id":"https:\/\/planbet.contact\/ch\/apk\/#breadcrumb","itemListElement":[{"@type":"ListItem","position":1,"name":"Home","item":"https:\/\/planbet.contact\/ch\/"},{"@type":"ListItem","position":2,"name":"Apk"}]},{"@type":"WebSite","@id":"https:\/\/planbet.contact\/ch\/#website","url":"https:\/\/planbet.contact\/ch\/","name":"PlanBet CH","description":"","potentialAction":[{"@type":"SearchAction","target":{"@type":"EntryPoint","urlTemplate":"https:\/\/planbet.contact\/ch\/?s={search_term_string}"},"query-input":{"@type":"PropertyValueSpecification","valueRequired":true,"valueName":"search_term_string"}}],"inLanguage":"de-CH"}]}},"_links":{"self":[{"href":"https:\/\/planbet.contact\/ch\/wp-json\/wp\/v2\/pages\/783","targetHints":{"allow":["GET"]}}],"collection":[{"href":"https:\/\/planbet.contact\/ch\/wp-json\/wp\/v2\/pages"}],"about":[{"href":"https:\/\/planbet.contact\/ch\/wp-json\/wp\/v2\/types\/page"}],"author":[{"embeddable":true,"href":"https:\/\/planbet.contact\/ch\/wp-json\/wp\/v2\/users\/1"}],"replies":[{"embeddable":true,"href":"https:\/\/planbet.contact\/ch\/wp-json\/wp\/v2\/comments?post=783"}],"version-history":[{"count":8,"href":"https:\/\/planbet.contact\/ch\/wp-json\/wp\/v2\/pages\/783\/revisions"}],"predecessor-version":[{"id":981,"href":"https:\/\/planbet.contact\/ch\/wp-json\/wp\/v2\/pages\/783\/revisions\/981"}],"wp:attachment":[{"href":"https:\/\/planbet.contact\/ch\/wp-json\/wp\/v2\/media?parent=783"}],"curies":[{"name":"wp","href":"https:\/\/api.w.org\/{rel}","templated":true}]}}