{"id":783,"date":"2025-11-07T09:25:31","date_gmt":"2025-11-07T06:25:31","guid":{"rendered":"https:\/\/planbet.contact\/fo\/?page_id=783"},"modified":"2025-12-22T19:37:42","modified_gmt":"2025-12-22T16:37:42","slug":"apk","status":"publish","type":"page","link":"https:\/\/planbet.contact\/fo\/apk\/","title":{"rendered":"Apk"},"content":{"rendered":"","protected":false},"excerpt":{"rendered":"","protected":false},"author":1,"featured_media":0,"parent":0,"menu_order":0,"comment_status":"closed","ping_status":"closed","template":"","meta":{"_acf_changed":false,"footnotes":""},"class_list":["post-783","page","type-page","status-publish","hentry"],"acf":[],"yoast_head":"<!-- This site is optimized with the Yoast SEO plugin v26.3 - https:\/\/yoast.com\/wordpress\/plugins\/seo\/ -->\n<title>S\u00e6kja Planbet Apk \ud83d\udd25 \u00cdtr\u00f3ttarveddingar &amp; spilav\u00edti app til Android<\/title>\n<meta name=\"description\" content=\"Heinta Planbet Apk n\u00fa fyri at f\u00e1a atgongd til einkultar funkur, beinlei\u00f0is veddingar, og ymiskar sp\u00e6lim\u00f8guleikar beinlei\u00f0is \u00e1 t\u00ednari Android-t\u00f3l. Melda teg til \u00ed dag og nj\u00f3t ein heim av veddingar vi\u00f0 fingrarnar!\" \/>\n<meta name=\"robots\" content=\"index, follow, max-snippet:-1, max-image-preview:large, max-video-preview:-1\" \/>\n<link rel=\"canonical\" href=\"https:\/\/planbet.contact\/fo\/apk\/\" \/>\n<meta property=\"og:locale\" content=\"fo_FO\" \/>\n<meta property=\"og:type\" content=\"article\" \/>\n<meta property=\"og:title\" content=\"S\u00e6kja Planbet Apk \ud83d\udd25 \u00cdtr\u00f3ttarveddingar &amp; spilav\u00edti app til Android\" \/>\n<meta property=\"og:description\" content=\"Heinta Planbet Apk n\u00fa fyri at f\u00e1a atgongd til einkultar funkur, beinlei\u00f0is veddingar, og ymiskar sp\u00e6lim\u00f8guleikar beinlei\u00f0is \u00e1 t\u00ednari Android-t\u00f3l. Melda teg til \u00ed dag og nj\u00f3t ein heim av veddingar vi\u00f0 fingrarnar!\" \/>\n<meta property=\"og:url\" content=\"https:\/\/planbet.contact\/fo\/apk\/\" \/>\n<meta property=\"og:site_name\" content=\"PlanBet FO\" \/>\n<meta property=\"article:modified_time\" content=\"2025-12-22T16:37:42+00:00\" \/>\n<meta name=\"twitter:card\" content=\"summary_large_image\" \/>\n<script type=\"application\/ld+json\" class=\"yoast-schema-graph\">{\"@context\":\"https:\/\/schema.org\",\"@graph\":[{\"@type\":\"WebPage\",\"@id\":\"https:\/\/planbet.contact\/fo\/apk\/\",\"url\":\"https:\/\/planbet.contact\/fo\/apk\/\",\"name\":\"S\u00e6kja Planbet Apk \ud83d\udd25 \u00cdtr\u00f3ttarveddingar & spilav\u00edti app til Android\",\"isPartOf\":{\"@id\":\"https:\/\/planbet.contact\/fo\/#website\"},\"datePublished\":\"2025-11-07T06:25:31+00:00\",\"dateModified\":\"2025-12-22T16:37:42+00:00\",\"description\":\"Heinta Planbet Apk n\u00fa fyri at f\u00e1a atgongd til einkultar funkur, beinlei\u00f0is veddingar, og ymiskar sp\u00e6lim\u00f8guleikar beinlei\u00f0is \u00e1 t\u00ednari Android-t\u00f3l. Melda teg til \u00ed dag og nj\u00f3t ein heim av veddingar vi\u00f0 fingrarnar!\",\"breadcrumb\":{\"@id\":\"https:\/\/planbet.contact\/fo\/apk\/#breadcrumb\"},\"inLanguage\":\"fo\",\"potentialAction\":[{\"@type\":\"ReadAction\",\"target\":[\"https:\/\/planbet.contact\/fo\/apk\/\"]}]},{\"@type\":\"BreadcrumbList\",\"@id\":\"https:\/\/planbet.contact\/fo\/apk\/#breadcrumb\",\"itemListElement\":[{\"@type\":\"ListItem\",\"position\":1,\"name\":\"Home\",\"item\":\"https:\/\/planbet.contact\/fo\/\"},{\"@type\":\"ListItem\",\"position\":2,\"name\":\"Apk\"}]},{\"@type\":\"WebSite\",\"@id\":\"https:\/\/planbet.contact\/fo\/#website\",\"url\":\"https:\/\/planbet.contact\/fo\/\",\"name\":\"PlanBet FO\",\"description\":\"\",\"potentialAction\":[{\"@type\":\"SearchAction\",\"target\":{\"@type\":\"EntryPoint\",\"urlTemplate\":\"https:\/\/planbet.contact\/fo\/?s={search_term_string}\"},\"query-input\":{\"@type\":\"PropertyValueSpecification\",\"valueRequired\":true,\"valueName\":\"search_term_string\"}}],\"inLanguage\":\"fo\"}]}<\/script>\n<!-- \/ Yoast SEO plugin. -->","yoast_head_json":{"title":"S\u00e6kja Planbet Apk \ud83d\udd25 \u00cdtr\u00f3ttarveddingar & spilav\u00edti app til Android","description":"Heinta Planbet Apk n\u00fa fyri at f\u00e1a atgongd til einkultar funkur, beinlei\u00f0is veddingar, og ymiskar sp\u00e6lim\u00f8guleikar beinlei\u00f0is \u00e1 t\u00ednari Android-t\u00f3l. Melda teg til \u00ed dag og nj\u00f3t ein heim av veddingar vi\u00f0 fingrarnar!","robots":{"index":"index","follow":"follow","max-snippet":"max-snippet:-1","max-image-preview":"max-image-preview:large","max-video-preview":"max-video-preview:-1"},"canonical":"https:\/\/planbet.contact\/fo\/apk\/","og_locale":"fo_FO","og_type":"article","og_title":"S\u00e6kja Planbet Apk \ud83d\udd25 \u00cdtr\u00f3ttarveddingar & spilav\u00edti app til Android","og_description":"Heinta Planbet Apk n\u00fa fyri at f\u00e1a atgongd til einkultar funkur, beinlei\u00f0is veddingar, og ymiskar sp\u00e6lim\u00f8guleikar beinlei\u00f0is \u00e1 t\u00ednari Android-t\u00f3l. Melda teg til \u00ed dag og nj\u00f3t ein heim av veddingar vi\u00f0 fingrarnar!","og_url":"https:\/\/planbet.contact\/fo\/apk\/","og_site_name":"PlanBet FO","article_modified_time":"2025-12-22T16:37:42+00:00","twitter_card":"summary_large_image","schema":{"@context":"https:\/\/schema.org","@graph":[{"@type":"WebPage","@id":"https:\/\/planbet.contact\/fo\/apk\/","url":"https:\/\/planbet.contact\/fo\/apk\/","name":"S\u00e6kja Planbet Apk \ud83d\udd25 \u00cdtr\u00f3ttarveddingar & spilav\u00edti app til Android","isPartOf":{"@id":"https:\/\/planbet.contact\/fo\/#website"},"datePublished":"2025-11-07T06:25:31+00:00","dateModified":"2025-12-22T16:37:42+00:00","description":"Heinta Planbet Apk n\u00fa fyri at f\u00e1a atgongd til einkultar funkur, beinlei\u00f0is veddingar, og ymiskar sp\u00e6lim\u00f8guleikar beinlei\u00f0is \u00e1 t\u00ednari Android-t\u00f3l. Melda teg til \u00ed dag og nj\u00f3t ein heim av veddingar vi\u00f0 fingrarnar!","breadcrumb":{"@id":"https:\/\/planbet.contact\/fo\/apk\/#breadcrumb"},"inLanguage":"fo","potentialAction":[{"@type":"ReadAction","target":["https:\/\/planbet.contact\/fo\/apk\/"]}]},{"@type":"BreadcrumbList","@id":"https:\/\/planbet.contact\/fo\/apk\/#breadcrumb","itemListElement":[{"@type":"ListItem","position":1,"name":"Home","item":"https:\/\/planbet.contact\/fo\/"},{"@type":"ListItem","position":2,"name":"Apk"}]},{"@type":"WebSite","@id":"https:\/\/planbet.contact\/fo\/#website","url":"https:\/\/planbet.contact\/fo\/","name":"PlanBet FO","description":"","potentialAction":[{"@type":"SearchAction","target":{"@type":"EntryPoint","urlTemplate":"https:\/\/planbet.contact\/fo\/?s={search_term_string}"},"query-input":{"@type":"PropertyValueSpecification","valueRequired":true,"valueName":"search_term_string"}}],"inLanguage":"fo"}]}},"_links":{"self":[{"href":"https:\/\/planbet.contact\/fo\/wp-json\/wp\/v2\/pages\/783","targetHints":{"allow":["GET"]}}],"collection":[{"href":"https:\/\/planbet.contact\/fo\/wp-json\/wp\/v2\/pages"}],"about":[{"href":"https:\/\/planbet.contact\/fo\/wp-json\/wp\/v2\/types\/page"}],"author":[{"embeddable":true,"href":"https:\/\/planbet.contact\/fo\/wp-json\/wp\/v2\/users\/1"}],"replies":[{"embeddable":true,"href":"https:\/\/planbet.contact\/fo\/wp-json\/wp\/v2\/comments?post=783"}],"version-history":[{"count":8,"href":"https:\/\/planbet.contact\/fo\/wp-json\/wp\/v2\/pages\/783\/revisions"}],"predecessor-version":[{"id":974,"href":"https:\/\/planbet.contact\/fo\/wp-json\/wp\/v2\/pages\/783\/revisions\/974"}],"wp:attachment":[{"href":"https:\/\/planbet.contact\/fo\/wp-json\/wp\/v2\/media?parent=783"}],"curies":[{"name":"wp","href":"https:\/\/api.w.org\/{rel}","templated":true}]}}