{"id":801,"date":"2025-11-11T19:56:53","date_gmt":"2025-11-11T16:56:53","guid":{"rendered":"https:\/\/planbet.contact\/fo\/?page_id=801"},"modified":"2025-12-22T19:44:52","modified_gmt":"2025-12-22T16:44:52","slug":"casino","status":"publish","type":"page","link":"https:\/\/planbet.contact\/fo\/casino\/","title":{"rendered":"Spilav\u00edti"},"content":{"rendered":"","protected":false},"excerpt":{"rendered":"","protected":false},"author":1,"featured_media":0,"parent":0,"menu_order":0,"comment_status":"closed","ping_status":"closed","template":"","meta":{"_acf_changed":false,"footnotes":""},"class_list":["post-801","page","type-page","status-publish","hentry"],"acf":[],"yoast_head":"<!-- This site is optimized with the Yoast SEO plugin v26.3 - https:\/\/yoast.com\/wordpress\/plugins\/seo\/ -->\n<title>Planbet spilav\u00edti \u2705 Hentugt happing \u00e1 t\u00ednum t\u00f3li<\/title>\n<meta name=\"description\" content=\"Planbet Spilav\u00edti \u2014 t\u00edn pers\u00f3nliga portur til heimin av happing! Sp\u00e6l tey bestu online sp\u00f8lini, hvar t\u00fa enn ert og royn t\u00edna eydnu n\u00e6r sum helst.\" \/>\n<meta name=\"robots\" content=\"index, follow, max-snippet:-1, max-image-preview:large, max-video-preview:-1\" \/>\n<link rel=\"canonical\" href=\"https:\/\/planbet.contact\/fo\/casino\/\" \/>\n<meta property=\"og:locale\" content=\"fo_FO\" \/>\n<meta property=\"og:type\" content=\"article\" \/>\n<meta property=\"og:title\" content=\"Planbet spilav\u00edti \u2705 Hentugt happing \u00e1 t\u00ednum t\u00f3li\" \/>\n<meta property=\"og:description\" content=\"Planbet Spilav\u00edti \u2014 t\u00edn pers\u00f3nliga portur til heimin av happing! Sp\u00e6l tey bestu online sp\u00f8lini, hvar t\u00fa enn ert og royn t\u00edna eydnu n\u00e6r sum helst.\" \/>\n<meta property=\"og:url\" content=\"https:\/\/planbet.contact\/fo\/casino\/\" \/>\n<meta property=\"og:site_name\" content=\"PlanBet FO\" \/>\n<meta property=\"article:modified_time\" content=\"2025-12-22T16:44:52+00:00\" \/>\n<meta name=\"twitter:card\" content=\"summary_large_image\" \/>\n<script type=\"application\/ld+json\" class=\"yoast-schema-graph\">{\"@context\":\"https:\/\/schema.org\",\"@graph\":[{\"@type\":\"WebPage\",\"@id\":\"https:\/\/planbet.contact\/fo\/casino\/\",\"url\":\"https:\/\/planbet.contact\/fo\/casino\/\",\"name\":\"Planbet spilav\u00edti \u2705 Hentugt happing \u00e1 t\u00ednum t\u00f3li\",\"isPartOf\":{\"@id\":\"https:\/\/planbet.contact\/fo\/#website\"},\"datePublished\":\"2025-11-11T16:56:53+00:00\",\"dateModified\":\"2025-12-22T16:44:52+00:00\",\"description\":\"Planbet Spilav\u00edti \u2014 t\u00edn pers\u00f3nliga portur til heimin av happing! Sp\u00e6l tey bestu online sp\u00f8lini, hvar t\u00fa enn ert og royn t\u00edna eydnu n\u00e6r sum helst.\",\"breadcrumb\":{\"@id\":\"https:\/\/planbet.contact\/fo\/casino\/#breadcrumb\"},\"inLanguage\":\"fo\",\"potentialAction\":[{\"@type\":\"ReadAction\",\"target\":[\"https:\/\/planbet.contact\/fo\/casino\/\"]}]},{\"@type\":\"BreadcrumbList\",\"@id\":\"https:\/\/planbet.contact\/fo\/casino\/#breadcrumb\",\"itemListElement\":[{\"@type\":\"ListItem\",\"position\":1,\"name\":\"Home\",\"item\":\"https:\/\/planbet.contact\/fo\/\"},{\"@type\":\"ListItem\",\"position\":2,\"name\":\"Spilav\u00edti\"}]},{\"@type\":\"WebSite\",\"@id\":\"https:\/\/planbet.contact\/fo\/#website\",\"url\":\"https:\/\/planbet.contact\/fo\/\",\"name\":\"PlanBet FO\",\"description\":\"\",\"potentialAction\":[{\"@type\":\"SearchAction\",\"target\":{\"@type\":\"EntryPoint\",\"urlTemplate\":\"https:\/\/planbet.contact\/fo\/?s={search_term_string}\"},\"query-input\":{\"@type\":\"PropertyValueSpecification\",\"valueRequired\":true,\"valueName\":\"search_term_string\"}}],\"inLanguage\":\"fo\"}]}<\/script>\n<!-- \/ Yoast SEO plugin. -->","yoast_head_json":{"title":"Planbet spilav\u00edti \u2705 Hentugt happing \u00e1 t\u00ednum t\u00f3li","description":"Planbet Spilav\u00edti \u2014 t\u00edn pers\u00f3nliga portur til heimin av happing! Sp\u00e6l tey bestu online sp\u00f8lini, hvar t\u00fa enn ert og royn t\u00edna eydnu n\u00e6r sum helst.","robots":{"index":"index","follow":"follow","max-snippet":"max-snippet:-1","max-image-preview":"max-image-preview:large","max-video-preview":"max-video-preview:-1"},"canonical":"https:\/\/planbet.contact\/fo\/casino\/","og_locale":"fo_FO","og_type":"article","og_title":"Planbet spilav\u00edti \u2705 Hentugt happing \u00e1 t\u00ednum t\u00f3li","og_description":"Planbet Spilav\u00edti \u2014 t\u00edn pers\u00f3nliga portur til heimin av happing! Sp\u00e6l tey bestu online sp\u00f8lini, hvar t\u00fa enn ert og royn t\u00edna eydnu n\u00e6r sum helst.","og_url":"https:\/\/planbet.contact\/fo\/casino\/","og_site_name":"PlanBet FO","article_modified_time":"2025-12-22T16:44:52+00:00","twitter_card":"summary_large_image","schema":{"@context":"https:\/\/schema.org","@graph":[{"@type":"WebPage","@id":"https:\/\/planbet.contact\/fo\/casino\/","url":"https:\/\/planbet.contact\/fo\/casino\/","name":"Planbet spilav\u00edti \u2705 Hentugt happing \u00e1 t\u00ednum t\u00f3li","isPartOf":{"@id":"https:\/\/planbet.contact\/fo\/#website"},"datePublished":"2025-11-11T16:56:53+00:00","dateModified":"2025-12-22T16:44:52+00:00","description":"Planbet Spilav\u00edti \u2014 t\u00edn pers\u00f3nliga portur til heimin av happing! Sp\u00e6l tey bestu online sp\u00f8lini, hvar t\u00fa enn ert og royn t\u00edna eydnu n\u00e6r sum helst.","breadcrumb":{"@id":"https:\/\/planbet.contact\/fo\/casino\/#breadcrumb"},"inLanguage":"fo","potentialAction":[{"@type":"ReadAction","target":["https:\/\/planbet.contact\/fo\/casino\/"]}]},{"@type":"BreadcrumbList","@id":"https:\/\/planbet.contact\/fo\/casino\/#breadcrumb","itemListElement":[{"@type":"ListItem","position":1,"name":"Home","item":"https:\/\/planbet.contact\/fo\/"},{"@type":"ListItem","position":2,"name":"Spilav\u00edti"}]},{"@type":"WebSite","@id":"https:\/\/planbet.contact\/fo\/#website","url":"https:\/\/planbet.contact\/fo\/","name":"PlanBet FO","description":"","potentialAction":[{"@type":"SearchAction","target":{"@type":"EntryPoint","urlTemplate":"https:\/\/planbet.contact\/fo\/?s={search_term_string}"},"query-input":{"@type":"PropertyValueSpecification","valueRequired":true,"valueName":"search_term_string"}}],"inLanguage":"fo"}]}},"_links":{"self":[{"href":"https:\/\/planbet.contact\/fo\/wp-json\/wp\/v2\/pages\/801","targetHints":{"allow":["GET"]}}],"collection":[{"href":"https:\/\/planbet.contact\/fo\/wp-json\/wp\/v2\/pages"}],"about":[{"href":"https:\/\/planbet.contact\/fo\/wp-json\/wp\/v2\/types\/page"}],"author":[{"embeddable":true,"href":"https:\/\/planbet.contact\/fo\/wp-json\/wp\/v2\/users\/1"}],"replies":[{"embeddable":true,"href":"https:\/\/planbet.contact\/fo\/wp-json\/wp\/v2\/comments?post=801"}],"version-history":[{"count":11,"href":"https:\/\/planbet.contact\/fo\/wp-json\/wp\/v2\/pages\/801\/revisions"}],"predecessor-version":[{"id":975,"href":"https:\/\/planbet.contact\/fo\/wp-json\/wp\/v2\/pages\/801\/revisions\/975"}],"wp:attachment":[{"href":"https:\/\/planbet.contact\/fo\/wp-json\/wp\/v2\/media?parent=801"}],"curies":[{"name":"wp","href":"https:\/\/api.w.org\/{rel}","templated":true}]}}