{"id":819,"date":"2025-11-12T16:24:25","date_gmt":"2025-11-12T13:24:25","guid":{"rendered":"https:\/\/planbet.contact\/fo\/?page_id=819"},"modified":"2025-12-22T19:49:37","modified_gmt":"2025-12-22T16:49:37","slug":"bonus","status":"publish","type":"page","link":"https:\/\/planbet.contact\/fo\/bonus\/","title":{"rendered":"Vi\u00f0b\u00f3t"},"content":{"rendered":"","protected":false},"excerpt":{"rendered":"","protected":false},"author":1,"featured_media":0,"parent":0,"menu_order":0,"comment_status":"closed","ping_status":"closed","template":"","meta":{"_acf_changed":false,"footnotes":""},"class_list":["post-819","page","type-page","status-publish","hentry"],"acf":[],"yoast_head":"<!-- This site is optimized with the Yoast SEO plugin v26.3 - https:\/\/yoast.com\/wordpress\/plugins\/seo\/ -->\n<title>Planbet Bonus \u1409 N\u00fdt allar m\u00f8guleikarnar!<\/title>\n<meta name=\"description\" content=\"Uppliv bonusirnar fr\u00e1 Planbet! F\u00e1 mest spenning og \u00e1g\u00f3\u00f0a av happing vi\u00f0 okkara r\u00famligu bonusskipan.\" \/>\n<meta name=\"robots\" content=\"index, follow, max-snippet:-1, max-image-preview:large, max-video-preview:-1\" \/>\n<link rel=\"canonical\" href=\"https:\/\/planbet.contact\/fo\/bonus\/\" \/>\n<meta property=\"og:locale\" content=\"fo_FO\" \/>\n<meta property=\"og:type\" content=\"article\" \/>\n<meta property=\"og:title\" content=\"Planbet Bonus \u1409 N\u00fdt allar m\u00f8guleikarnar!\" \/>\n<meta property=\"og:description\" content=\"Uppliv bonusirnar fr\u00e1 Planbet! F\u00e1 mest spenning og \u00e1g\u00f3\u00f0a av happing vi\u00f0 okkara r\u00famligu bonusskipan.\" \/>\n<meta property=\"og:url\" content=\"https:\/\/planbet.contact\/fo\/bonus\/\" \/>\n<meta property=\"og:site_name\" content=\"PlanBet FO\" \/>\n<meta property=\"article:modified_time\" content=\"2025-12-22T16:49:37+00:00\" \/>\n<meta name=\"twitter:card\" content=\"summary_large_image\" \/>\n<script type=\"application\/ld+json\" class=\"yoast-schema-graph\">{\"@context\":\"https:\/\/schema.org\",\"@graph\":[{\"@type\":\"WebPage\",\"@id\":\"https:\/\/planbet.contact\/fo\/bonus\/\",\"url\":\"https:\/\/planbet.contact\/fo\/bonus\/\",\"name\":\"Planbet Bonus \u1409 N\u00fdt allar m\u00f8guleikarnar!\",\"isPartOf\":{\"@id\":\"https:\/\/planbet.contact\/fo\/#website\"},\"datePublished\":\"2025-11-12T13:24:25+00:00\",\"dateModified\":\"2025-12-22T16:49:37+00:00\",\"description\":\"Uppliv bonusirnar fr\u00e1 Planbet! F\u00e1 mest spenning og \u00e1g\u00f3\u00f0a av happing vi\u00f0 okkara r\u00famligu bonusskipan.\",\"breadcrumb\":{\"@id\":\"https:\/\/planbet.contact\/fo\/bonus\/#breadcrumb\"},\"inLanguage\":\"fo\",\"potentialAction\":[{\"@type\":\"ReadAction\",\"target\":[\"https:\/\/planbet.contact\/fo\/bonus\/\"]}]},{\"@type\":\"BreadcrumbList\",\"@id\":\"https:\/\/planbet.contact\/fo\/bonus\/#breadcrumb\",\"itemListElement\":[{\"@type\":\"ListItem\",\"position\":1,\"name\":\"Home\",\"item\":\"https:\/\/planbet.contact\/fo\/\"},{\"@type\":\"ListItem\",\"position\":2,\"name\":\"Vi\u00f0b\u00f3t\"}]},{\"@type\":\"WebSite\",\"@id\":\"https:\/\/planbet.contact\/fo\/#website\",\"url\":\"https:\/\/planbet.contact\/fo\/\",\"name\":\"PlanBet FO\",\"description\":\"\",\"potentialAction\":[{\"@type\":\"SearchAction\",\"target\":{\"@type\":\"EntryPoint\",\"urlTemplate\":\"https:\/\/planbet.contact\/fo\/?s={search_term_string}\"},\"query-input\":{\"@type\":\"PropertyValueSpecification\",\"valueRequired\":true,\"valueName\":\"search_term_string\"}}],\"inLanguage\":\"fo\"}]}<\/script>\n<!-- \/ Yoast SEO plugin. -->","yoast_head_json":{"title":"Planbet Bonus \u1409 N\u00fdt allar m\u00f8guleikarnar!","description":"Uppliv bonusirnar fr\u00e1 Planbet! F\u00e1 mest spenning og \u00e1g\u00f3\u00f0a av happing vi\u00f0 okkara r\u00famligu bonusskipan.","robots":{"index":"index","follow":"follow","max-snippet":"max-snippet:-1","max-image-preview":"max-image-preview:large","max-video-preview":"max-video-preview:-1"},"canonical":"https:\/\/planbet.contact\/fo\/bonus\/","og_locale":"fo_FO","og_type":"article","og_title":"Planbet Bonus \u1409 N\u00fdt allar m\u00f8guleikarnar!","og_description":"Uppliv bonusirnar fr\u00e1 Planbet! F\u00e1 mest spenning og \u00e1g\u00f3\u00f0a av happing vi\u00f0 okkara r\u00famligu bonusskipan.","og_url":"https:\/\/planbet.contact\/fo\/bonus\/","og_site_name":"PlanBet FO","article_modified_time":"2025-12-22T16:49:37+00:00","twitter_card":"summary_large_image","schema":{"@context":"https:\/\/schema.org","@graph":[{"@type":"WebPage","@id":"https:\/\/planbet.contact\/fo\/bonus\/","url":"https:\/\/planbet.contact\/fo\/bonus\/","name":"Planbet Bonus \u1409 N\u00fdt allar m\u00f8guleikarnar!","isPartOf":{"@id":"https:\/\/planbet.contact\/fo\/#website"},"datePublished":"2025-11-12T13:24:25+00:00","dateModified":"2025-12-22T16:49:37+00:00","description":"Uppliv bonusirnar fr\u00e1 Planbet! F\u00e1 mest spenning og \u00e1g\u00f3\u00f0a av happing vi\u00f0 okkara r\u00famligu bonusskipan.","breadcrumb":{"@id":"https:\/\/planbet.contact\/fo\/bonus\/#breadcrumb"},"inLanguage":"fo","potentialAction":[{"@type":"ReadAction","target":["https:\/\/planbet.contact\/fo\/bonus\/"]}]},{"@type":"BreadcrumbList","@id":"https:\/\/planbet.contact\/fo\/bonus\/#breadcrumb","itemListElement":[{"@type":"ListItem","position":1,"name":"Home","item":"https:\/\/planbet.contact\/fo\/"},{"@type":"ListItem","position":2,"name":"Vi\u00f0b\u00f3t"}]},{"@type":"WebSite","@id":"https:\/\/planbet.contact\/fo\/#website","url":"https:\/\/planbet.contact\/fo\/","name":"PlanBet FO","description":"","potentialAction":[{"@type":"SearchAction","target":{"@type":"EntryPoint","urlTemplate":"https:\/\/planbet.contact\/fo\/?s={search_term_string}"},"query-input":{"@type":"PropertyValueSpecification","valueRequired":true,"valueName":"search_term_string"}}],"inLanguage":"fo"}]}},"_links":{"self":[{"href":"https:\/\/planbet.contact\/fo\/wp-json\/wp\/v2\/pages\/819","targetHints":{"allow":["GET"]}}],"collection":[{"href":"https:\/\/planbet.contact\/fo\/wp-json\/wp\/v2\/pages"}],"about":[{"href":"https:\/\/planbet.contact\/fo\/wp-json\/wp\/v2\/types\/page"}],"author":[{"embeddable":true,"href":"https:\/\/planbet.contact\/fo\/wp-json\/wp\/v2\/users\/1"}],"replies":[{"embeddable":true,"href":"https:\/\/planbet.contact\/fo\/wp-json\/wp\/v2\/comments?post=819"}],"version-history":[{"count":6,"href":"https:\/\/planbet.contact\/fo\/wp-json\/wp\/v2\/pages\/819\/revisions"}],"predecessor-version":[{"id":956,"href":"https:\/\/planbet.contact\/fo\/wp-json\/wp\/v2\/pages\/819\/revisions\/956"}],"wp:attachment":[{"href":"https:\/\/planbet.contact\/fo\/wp-json\/wp\/v2\/media?parent=819"}],"curies":[{"name":"wp","href":"https:\/\/api.w.org\/{rel}","templated":true}]}}