{"id":831,"date":"2025-11-13T07:18:15","date_gmt":"2025-11-13T04:18:15","guid":{"rendered":"https:\/\/planbet.contact\/fo\/?page_id=831"},"modified":"2025-12-22T19:44:55","modified_gmt":"2025-12-22T16:44:55","slug":"promo-code","status":"publish","type":"page","link":"https:\/\/planbet.contact\/fo\/promo-code\/","title":{"rendered":"Kampanjukoda"},"content":{"rendered":"","protected":false},"excerpt":{"rendered":"","protected":false},"author":1,"featured_media":0,"parent":0,"menu_order":0,"comment_status":"closed","ping_status":"closed","template":"","meta":{"_acf_changed":false,"footnotes":""},"class_list":["post-831","page","type-page","status-publish","hentry"],"acf":[],"yoast_head":"<!-- This site is optimized with the Yoast SEO plugin v26.3 - https:\/\/yoast.com\/wordpress\/plugins\/seo\/ -->\n<title>PlanBet Promo Kotur \u2714\ufe0f Serst\u00f8k tilbo\u00f0 til sp\u00e6larar<\/title>\n<meta name=\"description\" content=\"PlanBet promo kotur eru lykilin til serst\u00f8k herindi og b\u00f3nusar! Finn \u00fat av, hvussu t\u00fa n\u00fdtir henda m\u00f8guleikan til at gera t\u00edna sp\u00e6liupleivd enn betri.\" \/>\n<meta name=\"robots\" content=\"index, follow, max-snippet:-1, max-image-preview:large, max-video-preview:-1\" \/>\n<link rel=\"canonical\" href=\"https:\/\/planbet.contact\/fo\/promo-code\/\" \/>\n<meta property=\"og:locale\" content=\"fo_FO\" \/>\n<meta property=\"og:type\" content=\"article\" \/>\n<meta property=\"og:title\" content=\"PlanBet Promo Kotur \u2714\ufe0f Serst\u00f8k tilbo\u00f0 til sp\u00e6larar\" \/>\n<meta property=\"og:description\" content=\"PlanBet promo kotur eru lykilin til serst\u00f8k herindi og b\u00f3nusar! Finn \u00fat av, hvussu t\u00fa n\u00fdtir henda m\u00f8guleikan til at gera t\u00edna sp\u00e6liupleivd enn betri.\" \/>\n<meta property=\"og:url\" content=\"https:\/\/planbet.contact\/fo\/promo-code\/\" \/>\n<meta property=\"og:site_name\" content=\"PlanBet FO\" \/>\n<meta property=\"article:modified_time\" content=\"2025-12-22T16:44:55+00:00\" \/>\n<meta name=\"twitter:card\" content=\"summary_large_image\" \/>\n<script type=\"application\/ld+json\" class=\"yoast-schema-graph\">{\"@context\":\"https:\/\/schema.org\",\"@graph\":[{\"@type\":\"WebPage\",\"@id\":\"https:\/\/planbet.contact\/fo\/promo-code\/\",\"url\":\"https:\/\/planbet.contact\/fo\/promo-code\/\",\"name\":\"PlanBet Promo Kotur \u2714\ufe0f Serst\u00f8k tilbo\u00f0 til sp\u00e6larar\",\"isPartOf\":{\"@id\":\"https:\/\/planbet.contact\/fo\/#website\"},\"datePublished\":\"2025-11-13T04:18:15+00:00\",\"dateModified\":\"2025-12-22T16:44:55+00:00\",\"description\":\"PlanBet promo kotur eru lykilin til serst\u00f8k herindi og b\u00f3nusar! Finn \u00fat av, hvussu t\u00fa n\u00fdtir henda m\u00f8guleikan til at gera t\u00edna sp\u00e6liupleivd enn betri.\",\"breadcrumb\":{\"@id\":\"https:\/\/planbet.contact\/fo\/promo-code\/#breadcrumb\"},\"inLanguage\":\"fo\",\"potentialAction\":[{\"@type\":\"ReadAction\",\"target\":[\"https:\/\/planbet.contact\/fo\/promo-code\/\"]}]},{\"@type\":\"BreadcrumbList\",\"@id\":\"https:\/\/planbet.contact\/fo\/promo-code\/#breadcrumb\",\"itemListElement\":[{\"@type\":\"ListItem\",\"position\":1,\"name\":\"Home\",\"item\":\"https:\/\/planbet.contact\/fo\/\"},{\"@type\":\"ListItem\",\"position\":2,\"name\":\"Kampanjukoda\"}]},{\"@type\":\"WebSite\",\"@id\":\"https:\/\/planbet.contact\/fo\/#website\",\"url\":\"https:\/\/planbet.contact\/fo\/\",\"name\":\"PlanBet FO\",\"description\":\"\",\"potentialAction\":[{\"@type\":\"SearchAction\",\"target\":{\"@type\":\"EntryPoint\",\"urlTemplate\":\"https:\/\/planbet.contact\/fo\/?s={search_term_string}\"},\"query-input\":{\"@type\":\"PropertyValueSpecification\",\"valueRequired\":true,\"valueName\":\"search_term_string\"}}],\"inLanguage\":\"fo\"}]}<\/script>\n<!-- \/ Yoast SEO plugin. -->","yoast_head_json":{"title":"PlanBet Promo Kotur \u2714\ufe0f Serst\u00f8k tilbo\u00f0 til sp\u00e6larar","description":"PlanBet promo kotur eru lykilin til serst\u00f8k herindi og b\u00f3nusar! Finn \u00fat av, hvussu t\u00fa n\u00fdtir henda m\u00f8guleikan til at gera t\u00edna sp\u00e6liupleivd enn betri.","robots":{"index":"index","follow":"follow","max-snippet":"max-snippet:-1","max-image-preview":"max-image-preview:large","max-video-preview":"max-video-preview:-1"},"canonical":"https:\/\/planbet.contact\/fo\/promo-code\/","og_locale":"fo_FO","og_type":"article","og_title":"PlanBet Promo Kotur \u2714\ufe0f Serst\u00f8k tilbo\u00f0 til sp\u00e6larar","og_description":"PlanBet promo kotur eru lykilin til serst\u00f8k herindi og b\u00f3nusar! Finn \u00fat av, hvussu t\u00fa n\u00fdtir henda m\u00f8guleikan til at gera t\u00edna sp\u00e6liupleivd enn betri.","og_url":"https:\/\/planbet.contact\/fo\/promo-code\/","og_site_name":"PlanBet FO","article_modified_time":"2025-12-22T16:44:55+00:00","twitter_card":"summary_large_image","schema":{"@context":"https:\/\/schema.org","@graph":[{"@type":"WebPage","@id":"https:\/\/planbet.contact\/fo\/promo-code\/","url":"https:\/\/planbet.contact\/fo\/promo-code\/","name":"PlanBet Promo Kotur \u2714\ufe0f Serst\u00f8k tilbo\u00f0 til sp\u00e6larar","isPartOf":{"@id":"https:\/\/planbet.contact\/fo\/#website"},"datePublished":"2025-11-13T04:18:15+00:00","dateModified":"2025-12-22T16:44:55+00:00","description":"PlanBet promo kotur eru lykilin til serst\u00f8k herindi og b\u00f3nusar! Finn \u00fat av, hvussu t\u00fa n\u00fdtir henda m\u00f8guleikan til at gera t\u00edna sp\u00e6liupleivd enn betri.","breadcrumb":{"@id":"https:\/\/planbet.contact\/fo\/promo-code\/#breadcrumb"},"inLanguage":"fo","potentialAction":[{"@type":"ReadAction","target":["https:\/\/planbet.contact\/fo\/promo-code\/"]}]},{"@type":"BreadcrumbList","@id":"https:\/\/planbet.contact\/fo\/promo-code\/#breadcrumb","itemListElement":[{"@type":"ListItem","position":1,"name":"Home","item":"https:\/\/planbet.contact\/fo\/"},{"@type":"ListItem","position":2,"name":"Kampanjukoda"}]},{"@type":"WebSite","@id":"https:\/\/planbet.contact\/fo\/#website","url":"https:\/\/planbet.contact\/fo\/","name":"PlanBet FO","description":"","potentialAction":[{"@type":"SearchAction","target":{"@type":"EntryPoint","urlTemplate":"https:\/\/planbet.contact\/fo\/?s={search_term_string}"},"query-input":{"@type":"PropertyValueSpecification","valueRequired":true,"valueName":"search_term_string"}}],"inLanguage":"fo"}]}},"_links":{"self":[{"href":"https:\/\/planbet.contact\/fo\/wp-json\/wp\/v2\/pages\/831","targetHints":{"allow":["GET"]}}],"collection":[{"href":"https:\/\/planbet.contact\/fo\/wp-json\/wp\/v2\/pages"}],"about":[{"href":"https:\/\/planbet.contact\/fo\/wp-json\/wp\/v2\/types\/page"}],"author":[{"embeddable":true,"href":"https:\/\/planbet.contact\/fo\/wp-json\/wp\/v2\/users\/1"}],"replies":[{"embeddable":true,"href":"https:\/\/planbet.contact\/fo\/wp-json\/wp\/v2\/comments?post=831"}],"version-history":[{"count":7,"href":"https:\/\/planbet.contact\/fo\/wp-json\/wp\/v2\/pages\/831\/revisions"}],"predecessor-version":[{"id":968,"href":"https:\/\/planbet.contact\/fo\/wp-json\/wp\/v2\/pages\/831\/revisions\/968"}],"wp:attachment":[{"href":"https:\/\/planbet.contact\/fo\/wp-json\/wp\/v2\/media?parent=831"}],"curies":[{"name":"wp","href":"https:\/\/api.w.org\/{rel}","templated":true}]}}