{"id":851,"date":"2025-11-14T07:40:39","date_gmt":"2025-11-14T04:40:39","guid":{"rendered":"https:\/\/planbet.contact\/fo\/?page_id=851"},"modified":"2025-12-22T19:48:43","modified_gmt":"2025-12-22T16:48:43","slug":"registration","status":"publish","type":"page","link":"https:\/\/planbet.contact\/fo\/registration\/","title":{"rendered":"Tilmelding"},"content":{"rendered":"","protected":false},"excerpt":{"rendered":"","protected":false},"author":1,"featured_media":0,"parent":0,"menu_order":0,"comment_status":"closed","ping_status":"closed","template":"","meta":{"_acf_changed":false,"footnotes":""},"class_list":["post-851","page","type-page","status-publish","hentry"],"acf":[],"yoast_head":"<!-- This site is optimized with the Yoast SEO plugin v26.3 - https:\/\/yoast.com\/wordpress\/plugins\/seo\/ -->\n<title>PlanBet Skr\u00e1seting \u1409 Byrja at vedda og sp\u00e6la kasino!<\/title>\n<meta name=\"description\" content=\"Finn \u00fatav hvussu l\u00e6tt ta\u00f0 er at melda seg til Planbet og byrja at sp\u00e6la fyri pengar! Stig fyri stig veglei\u00f0ing til n\u00fdggjar br\u00fakarar.\" \/>\n<meta name=\"robots\" content=\"index, follow, max-snippet:-1, max-image-preview:large, max-video-preview:-1\" \/>\n<link rel=\"canonical\" href=\"https:\/\/planbet.contact\/fo\/registration\/\" \/>\n<meta property=\"og:locale\" content=\"fo_FO\" \/>\n<meta property=\"og:type\" content=\"article\" \/>\n<meta property=\"og:title\" content=\"PlanBet Skr\u00e1seting \u1409 Byrja at vedda og sp\u00e6la kasino!\" \/>\n<meta property=\"og:description\" content=\"Finn \u00fatav hvussu l\u00e6tt ta\u00f0 er at melda seg til Planbet og byrja at sp\u00e6la fyri pengar! Stig fyri stig veglei\u00f0ing til n\u00fdggjar br\u00fakarar.\" \/>\n<meta property=\"og:url\" content=\"https:\/\/planbet.contact\/fo\/registration\/\" \/>\n<meta property=\"og:site_name\" content=\"PlanBet FO\" \/>\n<meta property=\"article:modified_time\" content=\"2025-12-22T16:48:43+00:00\" \/>\n<meta name=\"twitter:card\" content=\"summary_large_image\" \/>\n<script type=\"application\/ld+json\" class=\"yoast-schema-graph\">{\"@context\":\"https:\/\/schema.org\",\"@graph\":[{\"@type\":\"WebPage\",\"@id\":\"https:\/\/planbet.contact\/fo\/registration\/\",\"url\":\"https:\/\/planbet.contact\/fo\/registration\/\",\"name\":\"PlanBet Skr\u00e1seting \u1409 Byrja at vedda og sp\u00e6la kasino!\",\"isPartOf\":{\"@id\":\"https:\/\/planbet.contact\/fo\/#website\"},\"datePublished\":\"2025-11-14T04:40:39+00:00\",\"dateModified\":\"2025-12-22T16:48:43+00:00\",\"description\":\"Finn \u00fatav hvussu l\u00e6tt ta\u00f0 er at melda seg til Planbet og byrja at sp\u00e6la fyri pengar! Stig fyri stig veglei\u00f0ing til n\u00fdggjar br\u00fakarar.\",\"breadcrumb\":{\"@id\":\"https:\/\/planbet.contact\/fo\/registration\/#breadcrumb\"},\"inLanguage\":\"fo\",\"potentialAction\":[{\"@type\":\"ReadAction\",\"target\":[\"https:\/\/planbet.contact\/fo\/registration\/\"]}]},{\"@type\":\"BreadcrumbList\",\"@id\":\"https:\/\/planbet.contact\/fo\/registration\/#breadcrumb\",\"itemListElement\":[{\"@type\":\"ListItem\",\"position\":1,\"name\":\"Home\",\"item\":\"https:\/\/planbet.contact\/fo\/\"},{\"@type\":\"ListItem\",\"position\":2,\"name\":\"Tilmelding\"}]},{\"@type\":\"WebSite\",\"@id\":\"https:\/\/planbet.contact\/fo\/#website\",\"url\":\"https:\/\/planbet.contact\/fo\/\",\"name\":\"PlanBet FO\",\"description\":\"\",\"potentialAction\":[{\"@type\":\"SearchAction\",\"target\":{\"@type\":\"EntryPoint\",\"urlTemplate\":\"https:\/\/planbet.contact\/fo\/?s={search_term_string}\"},\"query-input\":{\"@type\":\"PropertyValueSpecification\",\"valueRequired\":true,\"valueName\":\"search_term_string\"}}],\"inLanguage\":\"fo\"}]}<\/script>\n<!-- \/ Yoast SEO plugin. -->","yoast_head_json":{"title":"PlanBet Skr\u00e1seting \u1409 Byrja at vedda og sp\u00e6la kasino!","description":"Finn \u00fatav hvussu l\u00e6tt ta\u00f0 er at melda seg til Planbet og byrja at sp\u00e6la fyri pengar! Stig fyri stig veglei\u00f0ing til n\u00fdggjar br\u00fakarar.","robots":{"index":"index","follow":"follow","max-snippet":"max-snippet:-1","max-image-preview":"max-image-preview:large","max-video-preview":"max-video-preview:-1"},"canonical":"https:\/\/planbet.contact\/fo\/registration\/","og_locale":"fo_FO","og_type":"article","og_title":"PlanBet Skr\u00e1seting \u1409 Byrja at vedda og sp\u00e6la kasino!","og_description":"Finn \u00fatav hvussu l\u00e6tt ta\u00f0 er at melda seg til Planbet og byrja at sp\u00e6la fyri pengar! Stig fyri stig veglei\u00f0ing til n\u00fdggjar br\u00fakarar.","og_url":"https:\/\/planbet.contact\/fo\/registration\/","og_site_name":"PlanBet FO","article_modified_time":"2025-12-22T16:48:43+00:00","twitter_card":"summary_large_image","schema":{"@context":"https:\/\/schema.org","@graph":[{"@type":"WebPage","@id":"https:\/\/planbet.contact\/fo\/registration\/","url":"https:\/\/planbet.contact\/fo\/registration\/","name":"PlanBet Skr\u00e1seting \u1409 Byrja at vedda og sp\u00e6la kasino!","isPartOf":{"@id":"https:\/\/planbet.contact\/fo\/#website"},"datePublished":"2025-11-14T04:40:39+00:00","dateModified":"2025-12-22T16:48:43+00:00","description":"Finn \u00fatav hvussu l\u00e6tt ta\u00f0 er at melda seg til Planbet og byrja at sp\u00e6la fyri pengar! Stig fyri stig veglei\u00f0ing til n\u00fdggjar br\u00fakarar.","breadcrumb":{"@id":"https:\/\/planbet.contact\/fo\/registration\/#breadcrumb"},"inLanguage":"fo","potentialAction":[{"@type":"ReadAction","target":["https:\/\/planbet.contact\/fo\/registration\/"]}]},{"@type":"BreadcrumbList","@id":"https:\/\/planbet.contact\/fo\/registration\/#breadcrumb","itemListElement":[{"@type":"ListItem","position":1,"name":"Home","item":"https:\/\/planbet.contact\/fo\/"},{"@type":"ListItem","position":2,"name":"Tilmelding"}]},{"@type":"WebSite","@id":"https:\/\/planbet.contact\/fo\/#website","url":"https:\/\/planbet.contact\/fo\/","name":"PlanBet FO","description":"","potentialAction":[{"@type":"SearchAction","target":{"@type":"EntryPoint","urlTemplate":"https:\/\/planbet.contact\/fo\/?s={search_term_string}"},"query-input":{"@type":"PropertyValueSpecification","valueRequired":true,"valueName":"search_term_string"}}],"inLanguage":"fo"}]}},"_links":{"self":[{"href":"https:\/\/planbet.contact\/fo\/wp-json\/wp\/v2\/pages\/851","targetHints":{"allow":["GET"]}}],"collection":[{"href":"https:\/\/planbet.contact\/fo\/wp-json\/wp\/v2\/pages"}],"about":[{"href":"https:\/\/planbet.contact\/fo\/wp-json\/wp\/v2\/types\/page"}],"author":[{"embeddable":true,"href":"https:\/\/planbet.contact\/fo\/wp-json\/wp\/v2\/users\/1"}],"replies":[{"embeddable":true,"href":"https:\/\/planbet.contact\/fo\/wp-json\/wp\/v2\/comments?post=851"}],"version-history":[{"count":7,"href":"https:\/\/planbet.contact\/fo\/wp-json\/wp\/v2\/pages\/851\/revisions"}],"predecessor-version":[{"id":971,"href":"https:\/\/planbet.contact\/fo\/wp-json\/wp\/v2\/pages\/851\/revisions\/971"}],"wp:attachment":[{"href":"https:\/\/planbet.contact\/fo\/wp-json\/wp\/v2\/media?parent=851"}],"curies":[{"name":"wp","href":"https:\/\/api.w.org\/{rel}","templated":true}]}}