{"id":2,"date":"2025-10-05T16:17:47","date_gmt":"2025-10-05T13:17:47","guid":{"rendered":"https:\/\/planbet.contact\/hr\/?page_id=2"},"modified":"2025-12-13T00:39:44","modified_gmt":"2025-12-12T21:39:44","slug":"home","status":"publish","type":"page","link":"https:\/\/planbet.contact\/hr\/","title":{"rendered":"Inicio"},"content":{"rendered":"","protected":false},"excerpt":{"rendered":"","protected":false},"author":1,"featured_media":0,"parent":0,"menu_order":0,"comment_status":"closed","ping_status":"closed","template":"","meta":{"_acf_changed":false,"footnotes":""},"class_list":["post-2","page","type-page","status-publish","hentry"],"acf":[],"yoast_head":"<!-- This site is optimized with the Yoast SEO plugin v26.3 - https:\/\/yoast.com\/wordpress\/plugins\/seo\/ -->\n<title>Kladionica i kasino Planbet \u2705 Visoko, vrhunske igre, bonusi<\/title>\n<meta name=\"description\" content=\"Planbet je va\u0161a pouzdana kladionica za sportsko kla\u0111enje i casino igre. Ostvarite ekskluzivne bonuse, visoke kvote i nenadma\u0161no iskustvo igranja!\" \/>\n<meta name=\"robots\" content=\"index, follow, max-snippet:-1, max-image-preview:large, max-video-preview:-1\" \/>\n<link rel=\"canonical\" href=\"https:\/\/planbet.contact\/hr\/\" \/>\n<meta property=\"og:locale\" content=\"hr_HR\" \/>\n<meta property=\"og:type\" content=\"article\" \/>\n<meta property=\"og:title\" content=\"Kladionica i kasino Planbet \u2705 Visoko, vrhunske igre, bonusi\" \/>\n<meta property=\"og:description\" content=\"Planbet je va\u0161a pouzdana kladionica za sportsko kla\u0111enje i casino igre. Ostvarite ekskluzivne bonuse, visoke kvote i nenadma\u0161no iskustvo igranja!\" \/>\n<meta property=\"og:url\" content=\"https:\/\/planbet.contact\/hr\/\" \/>\n<meta property=\"og:site_name\" content=\"Planbet HR\" \/>\n<meta property=\"article:modified_time\" content=\"2025-12-12T21:39:44+00:00\" \/>\n<meta name=\"twitter:card\" content=\"summary_large_image\" \/>\n<script type=\"application\/ld+json\" class=\"yoast-schema-graph\">{\"@context\":\"https:\/\/schema.org\",\"@graph\":[{\"@type\":\"WebPage\",\"@id\":\"https:\/\/planbet.contact\/hr\/\",\"url\":\"https:\/\/planbet.contact\/hr\/\",\"name\":\"Kladionica i kasino Planbet \u2705 Visoko, vrhunske igre, bonusi\",\"isPartOf\":{\"@id\":\"https:\/\/planbet.contact\/hr\/#website\"},\"datePublished\":\"2025-10-05T13:17:47+00:00\",\"dateModified\":\"2025-12-12T21:39:44+00:00\",\"description\":\"Planbet je va\u0161a pouzdana kladionica za sportsko kla\u0111enje i casino igre. Ostvarite ekskluzivne bonuse, visoke kvote i nenadma\u0161no iskustvo igranja!\",\"breadcrumb\":{\"@id\":\"https:\/\/planbet.contact\/hr\/#breadcrumb\"},\"inLanguage\":\"hr\",\"potentialAction\":[{\"@type\":\"ReadAction\",\"target\":[\"https:\/\/planbet.contact\/hr\/\"]}]},{\"@type\":\"BreadcrumbList\",\"@id\":\"https:\/\/planbet.contact\/hr\/#breadcrumb\",\"itemListElement\":[{\"@type\":\"ListItem\",\"position\":1,\"name\":\"Home\",\"item\":\"https:\/\/planbet.contact\/hr\/\"},{\"@type\":\"ListItem\",\"position\":2,\"name\":\"Inicio\"}]},{\"@type\":\"WebSite\",\"@id\":\"https:\/\/planbet.contact\/hr\/#website\",\"url\":\"https:\/\/planbet.contact\/hr\/\",\"name\":\"Planbet HR\",\"description\":\"\",\"potentialAction\":[{\"@type\":\"SearchAction\",\"target\":{\"@type\":\"EntryPoint\",\"urlTemplate\":\"https:\/\/planbet.contact\/hr\/?s={search_term_string}\"},\"query-input\":{\"@type\":\"PropertyValueSpecification\",\"valueRequired\":true,\"valueName\":\"search_term_string\"}}],\"inLanguage\":\"hr\"}]}<\/script>\n<!-- \/ Yoast SEO plugin. -->","yoast_head_json":{"title":"Kladionica i kasino Planbet \u2705 Visoko, vrhunske igre, bonusi","description":"Planbet je va\u0161a pouzdana kladionica za sportsko kla\u0111enje i casino igre. Ostvarite ekskluzivne bonuse, visoke kvote i nenadma\u0161no iskustvo igranja!","robots":{"index":"index","follow":"follow","max-snippet":"max-snippet:-1","max-image-preview":"max-image-preview:large","max-video-preview":"max-video-preview:-1"},"canonical":"https:\/\/planbet.contact\/hr\/","og_locale":"hr_HR","og_type":"article","og_title":"Kladionica i kasino Planbet \u2705 Visoko, vrhunske igre, bonusi","og_description":"Planbet je va\u0161a pouzdana kladionica za sportsko kla\u0111enje i casino igre. Ostvarite ekskluzivne bonuse, visoke kvote i nenadma\u0161no iskustvo igranja!","og_url":"https:\/\/planbet.contact\/hr\/","og_site_name":"Planbet HR","article_modified_time":"2025-12-12T21:39:44+00:00","twitter_card":"summary_large_image","schema":{"@context":"https:\/\/schema.org","@graph":[{"@type":"WebPage","@id":"https:\/\/planbet.contact\/hr\/","url":"https:\/\/planbet.contact\/hr\/","name":"Kladionica i kasino Planbet \u2705 Visoko, vrhunske igre, bonusi","isPartOf":{"@id":"https:\/\/planbet.contact\/hr\/#website"},"datePublished":"2025-10-05T13:17:47+00:00","dateModified":"2025-12-12T21:39:44+00:00","description":"Planbet je va\u0161a pouzdana kladionica za sportsko kla\u0111enje i casino igre. Ostvarite ekskluzivne bonuse, visoke kvote i nenadma\u0161no iskustvo igranja!","breadcrumb":{"@id":"https:\/\/planbet.contact\/hr\/#breadcrumb"},"inLanguage":"hr","potentialAction":[{"@type":"ReadAction","target":["https:\/\/planbet.contact\/hr\/"]}]},{"@type":"BreadcrumbList","@id":"https:\/\/planbet.contact\/hr\/#breadcrumb","itemListElement":[{"@type":"ListItem","position":1,"name":"Home","item":"https:\/\/planbet.contact\/hr\/"},{"@type":"ListItem","position":2,"name":"Inicio"}]},{"@type":"WebSite","@id":"https:\/\/planbet.contact\/hr\/#website","url":"https:\/\/planbet.contact\/hr\/","name":"Planbet HR","description":"","potentialAction":[{"@type":"SearchAction","target":{"@type":"EntryPoint","urlTemplate":"https:\/\/planbet.contact\/hr\/?s={search_term_string}"},"query-input":{"@type":"PropertyValueSpecification","valueRequired":true,"valueName":"search_term_string"}}],"inLanguage":"hr"}]}},"_links":{"self":[{"href":"https:\/\/planbet.contact\/hr\/wp-json\/wp\/v2\/pages\/2","targetHints":{"allow":["GET"]}}],"collection":[{"href":"https:\/\/planbet.contact\/hr\/wp-json\/wp\/v2\/pages"}],"about":[{"href":"https:\/\/planbet.contact\/hr\/wp-json\/wp\/v2\/types\/page"}],"author":[{"embeddable":true,"href":"https:\/\/planbet.contact\/hr\/wp-json\/wp\/v2\/users\/1"}],"replies":[{"embeddable":true,"href":"https:\/\/planbet.contact\/hr\/wp-json\/wp\/v2\/comments?post=2"}],"version-history":[{"count":71,"href":"https:\/\/planbet.contact\/hr\/wp-json\/wp\/v2\/pages\/2\/revisions"}],"predecessor-version":[{"id":977,"href":"https:\/\/planbet.contact\/hr\/wp-json\/wp\/v2\/pages\/2\/revisions\/977"}],"wp:attachment":[{"href":"https:\/\/planbet.contact\/hr\/wp-json\/wp\/v2\/media?parent=2"}],"curies":[{"name":"wp","href":"https:\/\/api.w.org\/{rel}","templated":true}]}}