{"id":783,"date":"2025-11-07T09:25:31","date_gmt":"2025-11-07T06:25:31","guid":{"rendered":"https:\/\/planbet.contact\/hr\/?page_id=783"},"modified":"2025-12-13T00:00:51","modified_gmt":"2025-12-12T21:00:51","slug":"apk","status":"publish","type":"page","link":"https:\/\/planbet.contact\/hr\/apk\/","title":{"rendered":"Apk"},"content":{"rendered":"","protected":false},"excerpt":{"rendered":"","protected":false},"author":1,"featured_media":0,"parent":0,"menu_order":0,"comment_status":"closed","ping_status":"closed","template":"","meta":{"_acf_changed":false,"footnotes":""},"class_list":["post-783","page","type-page","status-publish","hentry"],"acf":[],"yoast_head":"<!-- This site is optimized with the Yoast SEO plugin v26.3 - https:\/\/yoast.com\/wordpress\/plugins\/seo\/ -->\n<title>Preuzmite Planbet Apk | Sportska i kasino aplikacija za Android<\/title>\n<meta name=\"description\" content=\"Preuzmite Planbet Apk sada kako biste pristupili ekskluzivnim zna\u010dajkama, kla\u0111enju u\u017eivo i raznim opcijama igara izravno na svom Android ure\u0111aju. Pridru\u017eite se danas i u\u017eivajte u svijetu kla\u0111enja nadohvat ruke!\" \/>\n<meta name=\"robots\" content=\"index, follow, max-snippet:-1, max-image-preview:large, max-video-preview:-1\" \/>\n<link rel=\"canonical\" href=\"https:\/\/planbet.contact\/hr\/apk\/\" \/>\n<meta property=\"og:locale\" content=\"hr_HR\" \/>\n<meta property=\"og:type\" content=\"article\" \/>\n<meta property=\"og:title\" content=\"Preuzmite Planbet Apk | Sportska i kasino aplikacija za Android\" \/>\n<meta property=\"og:description\" content=\"Preuzmite Planbet Apk sada kako biste pristupili ekskluzivnim zna\u010dajkama, kla\u0111enju u\u017eivo i raznim opcijama igara izravno na svom Android ure\u0111aju. Pridru\u017eite se danas i u\u017eivajte u svijetu kla\u0111enja nadohvat ruke!\" \/>\n<meta property=\"og:url\" content=\"https:\/\/planbet.contact\/hr\/apk\/\" \/>\n<meta property=\"og:site_name\" content=\"Planbet HR\" \/>\n<meta property=\"article:modified_time\" content=\"2025-12-12T21:00:51+00:00\" \/>\n<meta name=\"twitter:card\" content=\"summary_large_image\" \/>\n<script type=\"application\/ld+json\" class=\"yoast-schema-graph\">{\"@context\":\"https:\/\/schema.org\",\"@graph\":[{\"@type\":\"WebPage\",\"@id\":\"https:\/\/planbet.contact\/hr\/apk\/\",\"url\":\"https:\/\/planbet.contact\/hr\/apk\/\",\"name\":\"Preuzmite Planbet Apk | Sportska i kasino aplikacija za Android\",\"isPartOf\":{\"@id\":\"https:\/\/planbet.contact\/hr\/#website\"},\"datePublished\":\"2025-11-07T06:25:31+00:00\",\"dateModified\":\"2025-12-12T21:00:51+00:00\",\"description\":\"Preuzmite Planbet Apk sada kako biste pristupili ekskluzivnim zna\u010dajkama, kla\u0111enju u\u017eivo i raznim opcijama igara izravno na svom Android ure\u0111aju. Pridru\u017eite se danas i u\u017eivajte u svijetu kla\u0111enja nadohvat ruke!\",\"breadcrumb\":{\"@id\":\"https:\/\/planbet.contact\/hr\/apk\/#breadcrumb\"},\"inLanguage\":\"hr\",\"potentialAction\":[{\"@type\":\"ReadAction\",\"target\":[\"https:\/\/planbet.contact\/hr\/apk\/\"]}]},{\"@type\":\"BreadcrumbList\",\"@id\":\"https:\/\/planbet.contact\/hr\/apk\/#breadcrumb\",\"itemListElement\":[{\"@type\":\"ListItem\",\"position\":1,\"name\":\"Home\",\"item\":\"https:\/\/planbet.contact\/hr\/\"},{\"@type\":\"ListItem\",\"position\":2,\"name\":\"Apk\"}]},{\"@type\":\"WebSite\",\"@id\":\"https:\/\/planbet.contact\/hr\/#website\",\"url\":\"https:\/\/planbet.contact\/hr\/\",\"name\":\"Planbet HR\",\"description\":\"\",\"potentialAction\":[{\"@type\":\"SearchAction\",\"target\":{\"@type\":\"EntryPoint\",\"urlTemplate\":\"https:\/\/planbet.contact\/hr\/?s={search_term_string}\"},\"query-input\":{\"@type\":\"PropertyValueSpecification\",\"valueRequired\":true,\"valueName\":\"search_term_string\"}}],\"inLanguage\":\"hr\"}]}<\/script>\n<!-- \/ Yoast SEO plugin. -->","yoast_head_json":{"title":"Preuzmite Planbet Apk | Sportska i kasino aplikacija za Android","description":"Preuzmite Planbet Apk sada kako biste pristupili ekskluzivnim zna\u010dajkama, kla\u0111enju u\u017eivo i raznim opcijama igara izravno na svom Android ure\u0111aju. Pridru\u017eite se danas i u\u017eivajte u svijetu kla\u0111enja nadohvat ruke!","robots":{"index":"index","follow":"follow","max-snippet":"max-snippet:-1","max-image-preview":"max-image-preview:large","max-video-preview":"max-video-preview:-1"},"canonical":"https:\/\/planbet.contact\/hr\/apk\/","og_locale":"hr_HR","og_type":"article","og_title":"Preuzmite Planbet Apk | Sportska i kasino aplikacija za Android","og_description":"Preuzmite Planbet Apk sada kako biste pristupili ekskluzivnim zna\u010dajkama, kla\u0111enju u\u017eivo i raznim opcijama igara izravno na svom Android ure\u0111aju. Pridru\u017eite se danas i u\u017eivajte u svijetu kla\u0111enja nadohvat ruke!","og_url":"https:\/\/planbet.contact\/hr\/apk\/","og_site_name":"Planbet HR","article_modified_time":"2025-12-12T21:00:51+00:00","twitter_card":"summary_large_image","schema":{"@context":"https:\/\/schema.org","@graph":[{"@type":"WebPage","@id":"https:\/\/planbet.contact\/hr\/apk\/","url":"https:\/\/planbet.contact\/hr\/apk\/","name":"Preuzmite Planbet Apk | Sportska i kasino aplikacija za Android","isPartOf":{"@id":"https:\/\/planbet.contact\/hr\/#website"},"datePublished":"2025-11-07T06:25:31+00:00","dateModified":"2025-12-12T21:00:51+00:00","description":"Preuzmite Planbet Apk sada kako biste pristupili ekskluzivnim zna\u010dajkama, kla\u0111enju u\u017eivo i raznim opcijama igara izravno na svom Android ure\u0111aju. Pridru\u017eite se danas i u\u017eivajte u svijetu kla\u0111enja nadohvat ruke!","breadcrumb":{"@id":"https:\/\/planbet.contact\/hr\/apk\/#breadcrumb"},"inLanguage":"hr","potentialAction":[{"@type":"ReadAction","target":["https:\/\/planbet.contact\/hr\/apk\/"]}]},{"@type":"BreadcrumbList","@id":"https:\/\/planbet.contact\/hr\/apk\/#breadcrumb","itemListElement":[{"@type":"ListItem","position":1,"name":"Home","item":"https:\/\/planbet.contact\/hr\/"},{"@type":"ListItem","position":2,"name":"Apk"}]},{"@type":"WebSite","@id":"https:\/\/planbet.contact\/hr\/#website","url":"https:\/\/planbet.contact\/hr\/","name":"Planbet HR","description":"","potentialAction":[{"@type":"SearchAction","target":{"@type":"EntryPoint","urlTemplate":"https:\/\/planbet.contact\/hr\/?s={search_term_string}"},"query-input":{"@type":"PropertyValueSpecification","valueRequired":true,"valueName":"search_term_string"}}],"inLanguage":"hr"}]}},"_links":{"self":[{"href":"https:\/\/planbet.contact\/hr\/wp-json\/wp\/v2\/pages\/783","targetHints":{"allow":["GET"]}}],"collection":[{"href":"https:\/\/planbet.contact\/hr\/wp-json\/wp\/v2\/pages"}],"about":[{"href":"https:\/\/planbet.contact\/hr\/wp-json\/wp\/v2\/types\/page"}],"author":[{"embeddable":true,"href":"https:\/\/planbet.contact\/hr\/wp-json\/wp\/v2\/users\/1"}],"replies":[{"embeddable":true,"href":"https:\/\/planbet.contact\/hr\/wp-json\/wp\/v2\/comments?post=783"}],"version-history":[{"count":7,"href":"https:\/\/planbet.contact\/hr\/wp-json\/wp\/v2\/pages\/783\/revisions"}],"predecessor-version":[{"id":964,"href":"https:\/\/planbet.contact\/hr\/wp-json\/wp\/v2\/pages\/783\/revisions\/964"}],"wp:attachment":[{"href":"https:\/\/planbet.contact\/hr\/wp-json\/wp\/v2\/media?parent=783"}],"curies":[{"name":"wp","href":"https:\/\/api.w.org\/{rel}","templated":true}]}}