{"id":819,"date":"2025-11-12T16:24:25","date_gmt":"2025-11-12T13:24:25","guid":{"rendered":"https:\/\/planbet.contact\/hr\/?page_id=819"},"modified":"2025-12-13T00:04:18","modified_gmt":"2025-12-12T21:04:18","slug":"bonus","status":"publish","type":"page","link":"https:\/\/planbet.contact\/hr\/bonus\/","title":{"rendered":"Bonificaci\u00f3n"},"content":{"rendered":"","protected":false},"excerpt":{"rendered":"","protected":false},"author":1,"featured_media":0,"parent":0,"menu_order":0,"comment_status":"closed","ping_status":"closed","template":"","meta":{"_acf_changed":false,"footnotes":""},"class_list":["post-819","page","type-page","status-publish","hentry"],"acf":[],"yoast_head":"<!-- This site is optimized with the Yoast SEO plugin v26.3 - https:\/\/yoast.com\/wordpress\/plugins\/seo\/ -->\n<title>Planbet bonus \u1409 Iskoristite sve prilike!<\/title>\n<meta name=\"description\" content=\"Otkrijte bonuse od Planbeta! Ostvarite najvi\u0161e uzbu\u0111enja i pogodnosti od kockanja uz na\u0161 velikodu\u0161ni bonus program.\" \/>\n<meta name=\"robots\" content=\"index, follow, max-snippet:-1, max-image-preview:large, max-video-preview:-1\" \/>\n<link rel=\"canonical\" href=\"https:\/\/planbet.contact\/hr\/bonus\/\" \/>\n<meta property=\"og:locale\" content=\"hr_HR\" \/>\n<meta property=\"og:type\" content=\"article\" \/>\n<meta property=\"og:title\" content=\"Planbet bonus \u1409 Iskoristite sve prilike!\" \/>\n<meta property=\"og:description\" content=\"Otkrijte bonuse od Planbeta! Ostvarite najvi\u0161e uzbu\u0111enja i pogodnosti od kockanja uz na\u0161 velikodu\u0161ni bonus program.\" \/>\n<meta property=\"og:url\" content=\"https:\/\/planbet.contact\/hr\/bonus\/\" \/>\n<meta property=\"og:site_name\" content=\"Planbet HR\" \/>\n<meta property=\"article:modified_time\" content=\"2025-12-12T21:04:18+00:00\" \/>\n<meta name=\"twitter:card\" content=\"summary_large_image\" \/>\n<script type=\"application\/ld+json\" class=\"yoast-schema-graph\">{\"@context\":\"https:\/\/schema.org\",\"@graph\":[{\"@type\":\"WebPage\",\"@id\":\"https:\/\/planbet.contact\/hr\/bonus\/\",\"url\":\"https:\/\/planbet.contact\/hr\/bonus\/\",\"name\":\"Planbet bonus \u1409 Iskoristite sve prilike!\",\"isPartOf\":{\"@id\":\"https:\/\/planbet.contact\/hr\/#website\"},\"datePublished\":\"2025-11-12T13:24:25+00:00\",\"dateModified\":\"2025-12-12T21:04:18+00:00\",\"description\":\"Otkrijte bonuse od Planbeta! Ostvarite najvi\u0161e uzbu\u0111enja i pogodnosti od kockanja uz na\u0161 velikodu\u0161ni bonus program.\",\"breadcrumb\":{\"@id\":\"https:\/\/planbet.contact\/hr\/bonus\/#breadcrumb\"},\"inLanguage\":\"hr\",\"potentialAction\":[{\"@type\":\"ReadAction\",\"target\":[\"https:\/\/planbet.contact\/hr\/bonus\/\"]}]},{\"@type\":\"BreadcrumbList\",\"@id\":\"https:\/\/planbet.contact\/hr\/bonus\/#breadcrumb\",\"itemListElement\":[{\"@type\":\"ListItem\",\"position\":1,\"name\":\"Home\",\"item\":\"https:\/\/planbet.contact\/hr\/\"},{\"@type\":\"ListItem\",\"position\":2,\"name\":\"Bonificaci\u00f3n\"}]},{\"@type\":\"WebSite\",\"@id\":\"https:\/\/planbet.contact\/hr\/#website\",\"url\":\"https:\/\/planbet.contact\/hr\/\",\"name\":\"Planbet HR\",\"description\":\"\",\"potentialAction\":[{\"@type\":\"SearchAction\",\"target\":{\"@type\":\"EntryPoint\",\"urlTemplate\":\"https:\/\/planbet.contact\/hr\/?s={search_term_string}\"},\"query-input\":{\"@type\":\"PropertyValueSpecification\",\"valueRequired\":true,\"valueName\":\"search_term_string\"}}],\"inLanguage\":\"hr\"}]}<\/script>\n<!-- \/ Yoast SEO plugin. -->","yoast_head_json":{"title":"Planbet bonus \u1409 Iskoristite sve prilike!","description":"Otkrijte bonuse od Planbeta! Ostvarite najvi\u0161e uzbu\u0111enja i pogodnosti od kockanja uz na\u0161 velikodu\u0161ni bonus program.","robots":{"index":"index","follow":"follow","max-snippet":"max-snippet:-1","max-image-preview":"max-image-preview:large","max-video-preview":"max-video-preview:-1"},"canonical":"https:\/\/planbet.contact\/hr\/bonus\/","og_locale":"hr_HR","og_type":"article","og_title":"Planbet bonus \u1409 Iskoristite sve prilike!","og_description":"Otkrijte bonuse od Planbeta! Ostvarite najvi\u0161e uzbu\u0111enja i pogodnosti od kockanja uz na\u0161 velikodu\u0161ni bonus program.","og_url":"https:\/\/planbet.contact\/hr\/bonus\/","og_site_name":"Planbet HR","article_modified_time":"2025-12-12T21:04:18+00:00","twitter_card":"summary_large_image","schema":{"@context":"https:\/\/schema.org","@graph":[{"@type":"WebPage","@id":"https:\/\/planbet.contact\/hr\/bonus\/","url":"https:\/\/planbet.contact\/hr\/bonus\/","name":"Planbet bonus \u1409 Iskoristite sve prilike!","isPartOf":{"@id":"https:\/\/planbet.contact\/hr\/#website"},"datePublished":"2025-11-12T13:24:25+00:00","dateModified":"2025-12-12T21:04:18+00:00","description":"Otkrijte bonuse od Planbeta! Ostvarite najvi\u0161e uzbu\u0111enja i pogodnosti od kockanja uz na\u0161 velikodu\u0161ni bonus program.","breadcrumb":{"@id":"https:\/\/planbet.contact\/hr\/bonus\/#breadcrumb"},"inLanguage":"hr","potentialAction":[{"@type":"ReadAction","target":["https:\/\/planbet.contact\/hr\/bonus\/"]}]},{"@type":"BreadcrumbList","@id":"https:\/\/planbet.contact\/hr\/bonus\/#breadcrumb","itemListElement":[{"@type":"ListItem","position":1,"name":"Home","item":"https:\/\/planbet.contact\/hr\/"},{"@type":"ListItem","position":2,"name":"Bonificaci\u00f3n"}]},{"@type":"WebSite","@id":"https:\/\/planbet.contact\/hr\/#website","url":"https:\/\/planbet.contact\/hr\/","name":"Planbet HR","description":"","potentialAction":[{"@type":"SearchAction","target":{"@type":"EntryPoint","urlTemplate":"https:\/\/planbet.contact\/hr\/?s={search_term_string}"},"query-input":{"@type":"PropertyValueSpecification","valueRequired":true,"valueName":"search_term_string"}}],"inLanguage":"hr"}]}},"_links":{"self":[{"href":"https:\/\/planbet.contact\/hr\/wp-json\/wp\/v2\/pages\/819","targetHints":{"allow":["GET"]}}],"collection":[{"href":"https:\/\/planbet.contact\/hr\/wp-json\/wp\/v2\/pages"}],"about":[{"href":"https:\/\/planbet.contact\/hr\/wp-json\/wp\/v2\/types\/page"}],"author":[{"embeddable":true,"href":"https:\/\/planbet.contact\/hr\/wp-json\/wp\/v2\/users\/1"}],"replies":[{"embeddable":true,"href":"https:\/\/planbet.contact\/hr\/wp-json\/wp\/v2\/comments?post=819"}],"version-history":[{"count":8,"href":"https:\/\/planbet.contact\/hr\/wp-json\/wp\/v2\/pages\/819\/revisions"}],"predecessor-version":[{"id":966,"href":"https:\/\/planbet.contact\/hr\/wp-json\/wp\/v2\/pages\/819\/revisions\/966"}],"wp:attachment":[{"href":"https:\/\/planbet.contact\/hr\/wp-json\/wp\/v2\/media?parent=819"}],"curies":[{"name":"wp","href":"https:\/\/api.w.org\/{rel}","templated":true}]}}