{"id":801,"date":"2025-11-11T19:56:53","date_gmt":"2025-11-11T16:56:53","guid":{"rendered":"https:\/\/planbet.contact\/hu\/?page_id=801"},"modified":"2025-12-21T12:14:19","modified_gmt":"2025-12-21T09:14:19","slug":"casino","status":"publish","type":"page","link":"https:\/\/planbet.contact\/hu\/casino\/","title":{"rendered":"Kaszin\u00f3"},"content":{"rendered":"","protected":false},"excerpt":{"rendered":"","protected":false},"author":1,"featured_media":0,"parent":0,"menu_order":0,"comment_status":"closed","ping_status":"closed","template":"","meta":{"_acf_changed":false,"footnotes":""},"class_list":["post-801","page","type-page","status-publish","hentry"],"acf":[],"yoast_head":"<!-- This site is optimized with the Yoast SEO plugin v26.3 - https:\/\/yoast.com\/wordpress\/plugins\/seo\/ -->\n<title>Planbet Kaszin\u00f3 \ud83d\udcb8 K\u00e9nyelmes szerencsej\u00e1t\u00e9k az \u00d6n eszk\u00f6z\u00e9n<\/title>\n<meta name=\"description\" content=\"Planbet Kaszin\u00f3 \u2014 a szerencsej\u00e1t\u00e9kok vil\u00e1g\u00e1ba vezet\u0151 szem\u00e9lyes kapud! J\u00e1tssz a legjobb online j\u00e1t\u00e9kokkal, b\u00e1rhol is legy\u00e9l, \u00e9s pr\u00f3b\u00e1ld ki szerencs\u00e9det b\u00e1rmikor.\" \/>\n<meta name=\"robots\" content=\"index, follow, max-snippet:-1, max-image-preview:large, max-video-preview:-1\" \/>\n<link rel=\"canonical\" href=\"https:\/\/planbet.contact\/hu\/casino\/\" \/>\n<meta property=\"og:locale\" content=\"hu_HU\" \/>\n<meta property=\"og:type\" content=\"article\" \/>\n<meta property=\"og:title\" content=\"Planbet Kaszin\u00f3 \ud83d\udcb8 K\u00e9nyelmes szerencsej\u00e1t\u00e9k az \u00d6n eszk\u00f6z\u00e9n\" \/>\n<meta property=\"og:description\" content=\"Planbet Kaszin\u00f3 \u2014 a szerencsej\u00e1t\u00e9kok vil\u00e1g\u00e1ba vezet\u0151 szem\u00e9lyes kapud! J\u00e1tssz a legjobb online j\u00e1t\u00e9kokkal, b\u00e1rhol is legy\u00e9l, \u00e9s pr\u00f3b\u00e1ld ki szerencs\u00e9det b\u00e1rmikor.\" \/>\n<meta property=\"og:url\" content=\"https:\/\/planbet.contact\/hu\/casino\/\" \/>\n<meta property=\"og:site_name\" content=\"PlanBet HU\" \/>\n<meta property=\"article:modified_time\" content=\"2025-12-21T09:14:19+00:00\" \/>\n<meta name=\"twitter:card\" content=\"summary_large_image\" \/>\n<script type=\"application\/ld+json\" class=\"yoast-schema-graph\">{\"@context\":\"https:\/\/schema.org\",\"@graph\":[{\"@type\":\"WebPage\",\"@id\":\"https:\/\/planbet.contact\/hu\/casino\/\",\"url\":\"https:\/\/planbet.contact\/hu\/casino\/\",\"name\":\"Planbet Kaszin\u00f3 \ud83d\udcb8 K\u00e9nyelmes szerencsej\u00e1t\u00e9k az \u00d6n eszk\u00f6z\u00e9n\",\"isPartOf\":{\"@id\":\"https:\/\/planbet.contact\/hu\/#website\"},\"datePublished\":\"2025-11-11T16:56:53+00:00\",\"dateModified\":\"2025-12-21T09:14:19+00:00\",\"description\":\"Planbet Kaszin\u00f3 \u2014 a szerencsej\u00e1t\u00e9kok vil\u00e1g\u00e1ba vezet\u0151 szem\u00e9lyes kapud! J\u00e1tssz a legjobb online j\u00e1t\u00e9kokkal, b\u00e1rhol is legy\u00e9l, \u00e9s pr\u00f3b\u00e1ld ki szerencs\u00e9det b\u00e1rmikor.\",\"breadcrumb\":{\"@id\":\"https:\/\/planbet.contact\/hu\/casino\/#breadcrumb\"},\"inLanguage\":\"hu\",\"potentialAction\":[{\"@type\":\"ReadAction\",\"target\":[\"https:\/\/planbet.contact\/hu\/casino\/\"]}]},{\"@type\":\"BreadcrumbList\",\"@id\":\"https:\/\/planbet.contact\/hu\/casino\/#breadcrumb\",\"itemListElement\":[{\"@type\":\"ListItem\",\"position\":1,\"name\":\"Home\",\"item\":\"https:\/\/planbet.contact\/hu\/\"},{\"@type\":\"ListItem\",\"position\":2,\"name\":\"Kaszin\u00f3\"}]},{\"@type\":\"WebSite\",\"@id\":\"https:\/\/planbet.contact\/hu\/#website\",\"url\":\"https:\/\/planbet.contact\/hu\/\",\"name\":\"PlanBet HU\",\"description\":\"\",\"potentialAction\":[{\"@type\":\"SearchAction\",\"target\":{\"@type\":\"EntryPoint\",\"urlTemplate\":\"https:\/\/planbet.contact\/hu\/?s={search_term_string}\"},\"query-input\":{\"@type\":\"PropertyValueSpecification\",\"valueRequired\":true,\"valueName\":\"search_term_string\"}}],\"inLanguage\":\"hu\"}]}<\/script>\n<!-- \/ Yoast SEO plugin. -->","yoast_head_json":{"title":"Planbet Kaszin\u00f3 \ud83d\udcb8 K\u00e9nyelmes szerencsej\u00e1t\u00e9k az \u00d6n eszk\u00f6z\u00e9n","description":"Planbet Kaszin\u00f3 \u2014 a szerencsej\u00e1t\u00e9kok vil\u00e1g\u00e1ba vezet\u0151 szem\u00e9lyes kapud! J\u00e1tssz a legjobb online j\u00e1t\u00e9kokkal, b\u00e1rhol is legy\u00e9l, \u00e9s pr\u00f3b\u00e1ld ki szerencs\u00e9det b\u00e1rmikor.","robots":{"index":"index","follow":"follow","max-snippet":"max-snippet:-1","max-image-preview":"max-image-preview:large","max-video-preview":"max-video-preview:-1"},"canonical":"https:\/\/planbet.contact\/hu\/casino\/","og_locale":"hu_HU","og_type":"article","og_title":"Planbet Kaszin\u00f3 \ud83d\udcb8 K\u00e9nyelmes szerencsej\u00e1t\u00e9k az \u00d6n eszk\u00f6z\u00e9n","og_description":"Planbet Kaszin\u00f3 \u2014 a szerencsej\u00e1t\u00e9kok vil\u00e1g\u00e1ba vezet\u0151 szem\u00e9lyes kapud! J\u00e1tssz a legjobb online j\u00e1t\u00e9kokkal, b\u00e1rhol is legy\u00e9l, \u00e9s pr\u00f3b\u00e1ld ki szerencs\u00e9det b\u00e1rmikor.","og_url":"https:\/\/planbet.contact\/hu\/casino\/","og_site_name":"PlanBet HU","article_modified_time":"2025-12-21T09:14:19+00:00","twitter_card":"summary_large_image","schema":{"@context":"https:\/\/schema.org","@graph":[{"@type":"WebPage","@id":"https:\/\/planbet.contact\/hu\/casino\/","url":"https:\/\/planbet.contact\/hu\/casino\/","name":"Planbet Kaszin\u00f3 \ud83d\udcb8 K\u00e9nyelmes szerencsej\u00e1t\u00e9k az \u00d6n eszk\u00f6z\u00e9n","isPartOf":{"@id":"https:\/\/planbet.contact\/hu\/#website"},"datePublished":"2025-11-11T16:56:53+00:00","dateModified":"2025-12-21T09:14:19+00:00","description":"Planbet Kaszin\u00f3 \u2014 a szerencsej\u00e1t\u00e9kok vil\u00e1g\u00e1ba vezet\u0151 szem\u00e9lyes kapud! J\u00e1tssz a legjobb online j\u00e1t\u00e9kokkal, b\u00e1rhol is legy\u00e9l, \u00e9s pr\u00f3b\u00e1ld ki szerencs\u00e9det b\u00e1rmikor.","breadcrumb":{"@id":"https:\/\/planbet.contact\/hu\/casino\/#breadcrumb"},"inLanguage":"hu","potentialAction":[{"@type":"ReadAction","target":["https:\/\/planbet.contact\/hu\/casino\/"]}]},{"@type":"BreadcrumbList","@id":"https:\/\/planbet.contact\/hu\/casino\/#breadcrumb","itemListElement":[{"@type":"ListItem","position":1,"name":"Home","item":"https:\/\/planbet.contact\/hu\/"},{"@type":"ListItem","position":2,"name":"Kaszin\u00f3"}]},{"@type":"WebSite","@id":"https:\/\/planbet.contact\/hu\/#website","url":"https:\/\/planbet.contact\/hu\/","name":"PlanBet HU","description":"","potentialAction":[{"@type":"SearchAction","target":{"@type":"EntryPoint","urlTemplate":"https:\/\/planbet.contact\/hu\/?s={search_term_string}"},"query-input":{"@type":"PropertyValueSpecification","valueRequired":true,"valueName":"search_term_string"}}],"inLanguage":"hu"}]}},"_links":{"self":[{"href":"https:\/\/planbet.contact\/hu\/wp-json\/wp\/v2\/pages\/801","targetHints":{"allow":["GET"]}}],"collection":[{"href":"https:\/\/planbet.contact\/hu\/wp-json\/wp\/v2\/pages"}],"about":[{"href":"https:\/\/planbet.contact\/hu\/wp-json\/wp\/v2\/types\/page"}],"author":[{"embeddable":true,"href":"https:\/\/planbet.contact\/hu\/wp-json\/wp\/v2\/users\/1"}],"replies":[{"embeddable":true,"href":"https:\/\/planbet.contact\/hu\/wp-json\/wp\/v2\/comments?post=801"}],"version-history":[{"count":11,"href":"https:\/\/planbet.contact\/hu\/wp-json\/wp\/v2\/pages\/801\/revisions"}],"predecessor-version":[{"id":960,"href":"https:\/\/planbet.contact\/hu\/wp-json\/wp\/v2\/pages\/801\/revisions\/960"}],"wp:attachment":[{"href":"https:\/\/planbet.contact\/hu\/wp-json\/wp\/v2\/media?parent=801"}],"curies":[{"name":"wp","href":"https:\/\/api.w.org\/{rel}","templated":true}]}}