{"id":819,"date":"2025-11-12T16:24:25","date_gmt":"2025-11-12T13:24:25","guid":{"rendered":"https:\/\/planbet.contact\/hu\/?page_id=819"},"modified":"2025-12-21T11:53:36","modified_gmt":"2025-12-21T08:53:36","slug":"bonus","status":"publish","type":"page","link":"https:\/\/planbet.contact\/hu\/bonus\/","title":{"rendered":"Bonus"},"content":{"rendered":"","protected":false},"excerpt":{"rendered":"","protected":false},"author":1,"featured_media":0,"parent":0,"menu_order":0,"comment_status":"closed","ping_status":"closed","template":"","meta":{"_acf_changed":false,"footnotes":""},"class_list":["post-819","page","type-page","status-publish","hentry"],"acf":[],"yoast_head":"<!-- This site is optimized with the Yoast SEO plugin v26.3 - https:\/\/yoast.com\/wordpress\/plugins\/seo\/ -->\n<title>Planbet B\u00f3nusz \ud83d\ude80 Haszn\u00e1ljon ki minden lehet\u0151s\u00e9get!<\/title>\n<meta name=\"description\" content=\"Fedezze fel a Planbet b\u00f3nuszait! Szerezze meg a legnagyobb izgalmat \u00e9s el\u0151ny\u00f6ket a szerencsej\u00e1t\u00e9kb\u00f3l nagylelk\u0171 b\u00f3nuszprogramunkkal.\" \/>\n<meta name=\"robots\" content=\"index, follow, max-snippet:-1, max-image-preview:large, max-video-preview:-1\" \/>\n<link rel=\"canonical\" href=\"https:\/\/planbet.contact\/hu\/bonus\/\" \/>\n<meta property=\"og:locale\" content=\"hu_HU\" \/>\n<meta property=\"og:type\" content=\"article\" \/>\n<meta property=\"og:title\" content=\"Planbet B\u00f3nusz \ud83d\ude80 Haszn\u00e1ljon ki minden lehet\u0151s\u00e9get!\" \/>\n<meta property=\"og:description\" content=\"Fedezze fel a Planbet b\u00f3nuszait! Szerezze meg a legnagyobb izgalmat \u00e9s el\u0151ny\u00f6ket a szerencsej\u00e1t\u00e9kb\u00f3l nagylelk\u0171 b\u00f3nuszprogramunkkal.\" \/>\n<meta property=\"og:url\" content=\"https:\/\/planbet.contact\/hu\/bonus\/\" \/>\n<meta property=\"og:site_name\" content=\"PlanBet HU\" \/>\n<meta property=\"article:modified_time\" content=\"2025-12-21T08:53:36+00:00\" \/>\n<meta name=\"twitter:card\" content=\"summary_large_image\" \/>\n<script type=\"application\/ld+json\" class=\"yoast-schema-graph\">{\"@context\":\"https:\/\/schema.org\",\"@graph\":[{\"@type\":\"WebPage\",\"@id\":\"https:\/\/planbet.contact\/hu\/bonus\/\",\"url\":\"https:\/\/planbet.contact\/hu\/bonus\/\",\"name\":\"Planbet B\u00f3nusz \ud83d\ude80 Haszn\u00e1ljon ki minden lehet\u0151s\u00e9get!\",\"isPartOf\":{\"@id\":\"https:\/\/planbet.contact\/hu\/#website\"},\"datePublished\":\"2025-11-12T13:24:25+00:00\",\"dateModified\":\"2025-12-21T08:53:36+00:00\",\"description\":\"Fedezze fel a Planbet b\u00f3nuszait! Szerezze meg a legnagyobb izgalmat \u00e9s el\u0151ny\u00f6ket a szerencsej\u00e1t\u00e9kb\u00f3l nagylelk\u0171 b\u00f3nuszprogramunkkal.\",\"breadcrumb\":{\"@id\":\"https:\/\/planbet.contact\/hu\/bonus\/#breadcrumb\"},\"inLanguage\":\"hu\",\"potentialAction\":[{\"@type\":\"ReadAction\",\"target\":[\"https:\/\/planbet.contact\/hu\/bonus\/\"]}]},{\"@type\":\"BreadcrumbList\",\"@id\":\"https:\/\/planbet.contact\/hu\/bonus\/#breadcrumb\",\"itemListElement\":[{\"@type\":\"ListItem\",\"position\":1,\"name\":\"Home\",\"item\":\"https:\/\/planbet.contact\/hu\/\"},{\"@type\":\"ListItem\",\"position\":2,\"name\":\"Bonus\"}]},{\"@type\":\"WebSite\",\"@id\":\"https:\/\/planbet.contact\/hu\/#website\",\"url\":\"https:\/\/planbet.contact\/hu\/\",\"name\":\"PlanBet HU\",\"description\":\"\",\"potentialAction\":[{\"@type\":\"SearchAction\",\"target\":{\"@type\":\"EntryPoint\",\"urlTemplate\":\"https:\/\/planbet.contact\/hu\/?s={search_term_string}\"},\"query-input\":{\"@type\":\"PropertyValueSpecification\",\"valueRequired\":true,\"valueName\":\"search_term_string\"}}],\"inLanguage\":\"hu\"}]}<\/script>\n<!-- \/ Yoast SEO plugin. -->","yoast_head_json":{"title":"Planbet B\u00f3nusz \ud83d\ude80 Haszn\u00e1ljon ki minden lehet\u0151s\u00e9get!","description":"Fedezze fel a Planbet b\u00f3nuszait! Szerezze meg a legnagyobb izgalmat \u00e9s el\u0151ny\u00f6ket a szerencsej\u00e1t\u00e9kb\u00f3l nagylelk\u0171 b\u00f3nuszprogramunkkal.","robots":{"index":"index","follow":"follow","max-snippet":"max-snippet:-1","max-image-preview":"max-image-preview:large","max-video-preview":"max-video-preview:-1"},"canonical":"https:\/\/planbet.contact\/hu\/bonus\/","og_locale":"hu_HU","og_type":"article","og_title":"Planbet B\u00f3nusz \ud83d\ude80 Haszn\u00e1ljon ki minden lehet\u0151s\u00e9get!","og_description":"Fedezze fel a Planbet b\u00f3nuszait! Szerezze meg a legnagyobb izgalmat \u00e9s el\u0151ny\u00f6ket a szerencsej\u00e1t\u00e9kb\u00f3l nagylelk\u0171 b\u00f3nuszprogramunkkal.","og_url":"https:\/\/planbet.contact\/hu\/bonus\/","og_site_name":"PlanBet HU","article_modified_time":"2025-12-21T08:53:36+00:00","twitter_card":"summary_large_image","schema":{"@context":"https:\/\/schema.org","@graph":[{"@type":"WebPage","@id":"https:\/\/planbet.contact\/hu\/bonus\/","url":"https:\/\/planbet.contact\/hu\/bonus\/","name":"Planbet B\u00f3nusz \ud83d\ude80 Haszn\u00e1ljon ki minden lehet\u0151s\u00e9get!","isPartOf":{"@id":"https:\/\/planbet.contact\/hu\/#website"},"datePublished":"2025-11-12T13:24:25+00:00","dateModified":"2025-12-21T08:53:36+00:00","description":"Fedezze fel a Planbet b\u00f3nuszait! Szerezze meg a legnagyobb izgalmat \u00e9s el\u0151ny\u00f6ket a szerencsej\u00e1t\u00e9kb\u00f3l nagylelk\u0171 b\u00f3nuszprogramunkkal.","breadcrumb":{"@id":"https:\/\/planbet.contact\/hu\/bonus\/#breadcrumb"},"inLanguage":"hu","potentialAction":[{"@type":"ReadAction","target":["https:\/\/planbet.contact\/hu\/bonus\/"]}]},{"@type":"BreadcrumbList","@id":"https:\/\/planbet.contact\/hu\/bonus\/#breadcrumb","itemListElement":[{"@type":"ListItem","position":1,"name":"Home","item":"https:\/\/planbet.contact\/hu\/"},{"@type":"ListItem","position":2,"name":"Bonus"}]},{"@type":"WebSite","@id":"https:\/\/planbet.contact\/hu\/#website","url":"https:\/\/planbet.contact\/hu\/","name":"PlanBet HU","description":"","potentialAction":[{"@type":"SearchAction","target":{"@type":"EntryPoint","urlTemplate":"https:\/\/planbet.contact\/hu\/?s={search_term_string}"},"query-input":{"@type":"PropertyValueSpecification","valueRequired":true,"valueName":"search_term_string"}}],"inLanguage":"hu"}]}},"_links":{"self":[{"href":"https:\/\/planbet.contact\/hu\/wp-json\/wp\/v2\/pages\/819","targetHints":{"allow":["GET"]}}],"collection":[{"href":"https:\/\/planbet.contact\/hu\/wp-json\/wp\/v2\/pages"}],"about":[{"href":"https:\/\/planbet.contact\/hu\/wp-json\/wp\/v2\/types\/page"}],"author":[{"embeddable":true,"href":"https:\/\/planbet.contact\/hu\/wp-json\/wp\/v2\/users\/1"}],"replies":[{"embeddable":true,"href":"https:\/\/planbet.contact\/hu\/wp-json\/wp\/v2\/comments?post=819"}],"version-history":[{"count":7,"href":"https:\/\/planbet.contact\/hu\/wp-json\/wp\/v2\/pages\/819\/revisions"}],"predecessor-version":[{"id":956,"href":"https:\/\/planbet.contact\/hu\/wp-json\/wp\/v2\/pages\/819\/revisions\/956"}],"wp:attachment":[{"href":"https:\/\/planbet.contact\/hu\/wp-json\/wp\/v2\/media?parent=819"}],"curies":[{"name":"wp","href":"https:\/\/api.w.org\/{rel}","templated":true}]}}