{"id":783,"date":"2025-11-07T09:25:31","date_gmt":"2025-11-07T06:25:31","guid":{"rendered":"https:\/\/planbet.contact\/iceland\/?page_id=783"},"modified":"2026-01-28T12:35:32","modified_gmt":"2026-01-28T09:35:32","slug":"apk","status":"publish","type":"page","link":"https:\/\/planbet.contact\/iceland\/apk\/","title":{"rendered":"Apk"},"content":{"rendered":"","protected":false},"excerpt":{"rendered":"","protected":false},"author":1,"featured_media":0,"parent":0,"menu_order":0,"comment_status":"closed","ping_status":"closed","template":"","meta":{"_acf_changed":false,"footnotes":""},"class_list":["post-783","page","type-page","status-publish","hentry"],"acf":[],"yoast_head":"<!-- This site is optimized with the Yoast SEO plugin v26.3 - https:\/\/yoast.com\/wordpress\/plugins\/seo\/ -->\n<title>S\u00e6kja Planbet Apk | \u00cd\u00fer\u00f3ttave\u00f0m\u00e1la- og spilav\u00edtisapp fyrir Android<\/title>\n<meta name=\"description\" content=\"S\u00e6ktu Planbet Apk n\u00fana til a\u00f0 f\u00e1 a\u00f0gang a\u00f0 s\u00e9rst\u00f6kum eiginleikum, lifandi ve\u00f0m\u00e1lum og \u00fdmsum leikjam\u00f6guleikum beint \u00ed Android t\u00e6kinu \u00fe\u00ednu. Skr\u00e1\u00f0u \u00feig \u00ed dag og nj\u00f3ttu heims ve\u00f0m\u00e1la innan seilingar!\" \/>\n<meta name=\"robots\" content=\"index, follow, max-snippet:-1, max-image-preview:large, max-video-preview:-1\" \/>\n<link rel=\"canonical\" href=\"https:\/\/planbet.contact\/iceland\/apk\/\" \/>\n<meta property=\"og:locale\" content=\"is_IS\" \/>\n<meta property=\"og:type\" content=\"article\" \/>\n<meta property=\"og:title\" content=\"S\u00e6kja Planbet Apk | \u00cd\u00fer\u00f3ttave\u00f0m\u00e1la- og spilav\u00edtisapp fyrir Android\" \/>\n<meta property=\"og:description\" content=\"S\u00e6ktu Planbet Apk n\u00fana til a\u00f0 f\u00e1 a\u00f0gang a\u00f0 s\u00e9rst\u00f6kum eiginleikum, lifandi ve\u00f0m\u00e1lum og \u00fdmsum leikjam\u00f6guleikum beint \u00ed Android t\u00e6kinu \u00fe\u00ednu. Skr\u00e1\u00f0u \u00feig \u00ed dag og nj\u00f3ttu heims ve\u00f0m\u00e1la innan seilingar!\" \/>\n<meta property=\"og:url\" content=\"https:\/\/planbet.contact\/iceland\/apk\/\" \/>\n<meta property=\"og:site_name\" content=\"PlanBet IS\" \/>\n<meta property=\"article:modified_time\" content=\"2026-01-28T09:35:32+00:00\" \/>\n<meta name=\"twitter:card\" content=\"summary_large_image\" \/>\n<script type=\"application\/ld+json\" class=\"yoast-schema-graph\">{\"@context\":\"https:\/\/schema.org\",\"@graph\":[{\"@type\":\"WebPage\",\"@id\":\"https:\/\/planbet.contact\/iceland\/apk\/\",\"url\":\"https:\/\/planbet.contact\/iceland\/apk\/\",\"name\":\"S\u00e6kja Planbet Apk | \u00cd\u00fer\u00f3ttave\u00f0m\u00e1la- og spilav\u00edtisapp fyrir Android\",\"isPartOf\":{\"@id\":\"https:\/\/planbet.contact\/iceland\/#website\"},\"datePublished\":\"2025-11-07T06:25:31+00:00\",\"dateModified\":\"2026-01-28T09:35:32+00:00\",\"description\":\"S\u00e6ktu Planbet Apk n\u00fana til a\u00f0 f\u00e1 a\u00f0gang a\u00f0 s\u00e9rst\u00f6kum eiginleikum, lifandi ve\u00f0m\u00e1lum og \u00fdmsum leikjam\u00f6guleikum beint \u00ed Android t\u00e6kinu \u00fe\u00ednu. Skr\u00e1\u00f0u \u00feig \u00ed dag og nj\u00f3ttu heims ve\u00f0m\u00e1la innan seilingar!\",\"breadcrumb\":{\"@id\":\"https:\/\/planbet.contact\/iceland\/apk\/#breadcrumb\"},\"inLanguage\":\"is\",\"potentialAction\":[{\"@type\":\"ReadAction\",\"target\":[\"https:\/\/planbet.contact\/iceland\/apk\/\"]}]},{\"@type\":\"BreadcrumbList\",\"@id\":\"https:\/\/planbet.contact\/iceland\/apk\/#breadcrumb\",\"itemListElement\":[{\"@type\":\"ListItem\",\"position\":1,\"name\":\"Home\",\"item\":\"https:\/\/planbet.contact\/iceland\/\"},{\"@type\":\"ListItem\",\"position\":2,\"name\":\"Apk\"}]},{\"@type\":\"WebSite\",\"@id\":\"https:\/\/planbet.contact\/iceland\/#website\",\"url\":\"https:\/\/planbet.contact\/iceland\/\",\"name\":\"PlanBet IS\",\"description\":\"\",\"potentialAction\":[{\"@type\":\"SearchAction\",\"target\":{\"@type\":\"EntryPoint\",\"urlTemplate\":\"https:\/\/planbet.contact\/iceland\/?s={search_term_string}\"},\"query-input\":{\"@type\":\"PropertyValueSpecification\",\"valueRequired\":true,\"valueName\":\"search_term_string\"}}],\"inLanguage\":\"is\"}]}<\/script>\n<!-- \/ Yoast SEO plugin. -->","yoast_head_json":{"title":"S\u00e6kja Planbet Apk | \u00cd\u00fer\u00f3ttave\u00f0m\u00e1la- og spilav\u00edtisapp fyrir Android","description":"S\u00e6ktu Planbet Apk n\u00fana til a\u00f0 f\u00e1 a\u00f0gang a\u00f0 s\u00e9rst\u00f6kum eiginleikum, lifandi ve\u00f0m\u00e1lum og \u00fdmsum leikjam\u00f6guleikum beint \u00ed Android t\u00e6kinu \u00fe\u00ednu. Skr\u00e1\u00f0u \u00feig \u00ed dag og nj\u00f3ttu heims ve\u00f0m\u00e1la innan seilingar!","robots":{"index":"index","follow":"follow","max-snippet":"max-snippet:-1","max-image-preview":"max-image-preview:large","max-video-preview":"max-video-preview:-1"},"canonical":"https:\/\/planbet.contact\/iceland\/apk\/","og_locale":"is_IS","og_type":"article","og_title":"S\u00e6kja Planbet Apk | \u00cd\u00fer\u00f3ttave\u00f0m\u00e1la- og spilav\u00edtisapp fyrir Android","og_description":"S\u00e6ktu Planbet Apk n\u00fana til a\u00f0 f\u00e1 a\u00f0gang a\u00f0 s\u00e9rst\u00f6kum eiginleikum, lifandi ve\u00f0m\u00e1lum og \u00fdmsum leikjam\u00f6guleikum beint \u00ed Android t\u00e6kinu \u00fe\u00ednu. Skr\u00e1\u00f0u \u00feig \u00ed dag og nj\u00f3ttu heims ve\u00f0m\u00e1la innan seilingar!","og_url":"https:\/\/planbet.contact\/iceland\/apk\/","og_site_name":"PlanBet IS","article_modified_time":"2026-01-28T09:35:32+00:00","twitter_card":"summary_large_image","schema":{"@context":"https:\/\/schema.org","@graph":[{"@type":"WebPage","@id":"https:\/\/planbet.contact\/iceland\/apk\/","url":"https:\/\/planbet.contact\/iceland\/apk\/","name":"S\u00e6kja Planbet Apk | \u00cd\u00fer\u00f3ttave\u00f0m\u00e1la- og spilav\u00edtisapp fyrir Android","isPartOf":{"@id":"https:\/\/planbet.contact\/iceland\/#website"},"datePublished":"2025-11-07T06:25:31+00:00","dateModified":"2026-01-28T09:35:32+00:00","description":"S\u00e6ktu Planbet Apk n\u00fana til a\u00f0 f\u00e1 a\u00f0gang a\u00f0 s\u00e9rst\u00f6kum eiginleikum, lifandi ve\u00f0m\u00e1lum og \u00fdmsum leikjam\u00f6guleikum beint \u00ed Android t\u00e6kinu \u00fe\u00ednu. Skr\u00e1\u00f0u \u00feig \u00ed dag og nj\u00f3ttu heims ve\u00f0m\u00e1la innan seilingar!","breadcrumb":{"@id":"https:\/\/planbet.contact\/iceland\/apk\/#breadcrumb"},"inLanguage":"is","potentialAction":[{"@type":"ReadAction","target":["https:\/\/planbet.contact\/iceland\/apk\/"]}]},{"@type":"BreadcrumbList","@id":"https:\/\/planbet.contact\/iceland\/apk\/#breadcrumb","itemListElement":[{"@type":"ListItem","position":1,"name":"Home","item":"https:\/\/planbet.contact\/iceland\/"},{"@type":"ListItem","position":2,"name":"Apk"}]},{"@type":"WebSite","@id":"https:\/\/planbet.contact\/iceland\/#website","url":"https:\/\/planbet.contact\/iceland\/","name":"PlanBet IS","description":"","potentialAction":[{"@type":"SearchAction","target":{"@type":"EntryPoint","urlTemplate":"https:\/\/planbet.contact\/iceland\/?s={search_term_string}"},"query-input":{"@type":"PropertyValueSpecification","valueRequired":true,"valueName":"search_term_string"}}],"inLanguage":"is"}]}},"_links":{"self":[{"href":"https:\/\/planbet.contact\/iceland\/wp-json\/wp\/v2\/pages\/783","targetHints":{"allow":["GET"]}}],"collection":[{"href":"https:\/\/planbet.contact\/iceland\/wp-json\/wp\/v2\/pages"}],"about":[{"href":"https:\/\/planbet.contact\/iceland\/wp-json\/wp\/v2\/types\/page"}],"author":[{"embeddable":true,"href":"https:\/\/planbet.contact\/iceland\/wp-json\/wp\/v2\/users\/1"}],"replies":[{"embeddable":true,"href":"https:\/\/planbet.contact\/iceland\/wp-json\/wp\/v2\/comments?post=783"}],"version-history":[{"count":6,"href":"https:\/\/planbet.contact\/iceland\/wp-json\/wp\/v2\/pages\/783\/revisions"}],"predecessor-version":[{"id":961,"href":"https:\/\/planbet.contact\/iceland\/wp-json\/wp\/v2\/pages\/783\/revisions\/961"}],"wp:attachment":[{"href":"https:\/\/planbet.contact\/iceland\/wp-json\/wp\/v2\/media?parent=783"}],"curies":[{"name":"wp","href":"https:\/\/api.w.org\/{rel}","templated":true}]}}