{"id":801,"date":"2025-11-11T19:56:53","date_gmt":"2025-11-11T16:56:53","guid":{"rendered":"https:\/\/planbet.contact\/iceland\/?page_id=801"},"modified":"2026-01-28T13:24:21","modified_gmt":"2026-01-28T10:24:21","slug":"casino","status":"publish","type":"page","link":"https:\/\/planbet.contact\/iceland\/casino\/","title":{"rendered":"Spilav\u00edti"},"content":{"rendered":"","protected":false},"excerpt":{"rendered":"","protected":false},"author":1,"featured_media":0,"parent":0,"menu_order":0,"comment_status":"closed","ping_status":"closed","template":"","meta":{"_acf_changed":false,"footnotes":""},"class_list":["post-801","page","type-page","status-publish","hentry"],"acf":[],"yoast_head":"<!-- This site is optimized with the Yoast SEO plugin v26.3 - https:\/\/yoast.com\/wordpress\/plugins\/seo\/ -->\n<title>Planbet spilav\u00edti\u00f0 \u2705 \u00de\u00e6gilegt spilamennska \u00ed t\u00e6kinu \u00fe\u00ednu<\/title>\n<meta name=\"description\" content=\"Planbet spilav\u00edti\u00f0 \u2014 \u00fe\u00edn pers\u00f3nulega lei\u00f0 inn \u00ed heim fj\u00e1rh\u00e6ttuspilanna! Spila\u00f0u bestu netleikina hvar sem \u00fe\u00fa ert og freista\u00f0u g\u00e6funnar hven\u00e6r sem er.\" \/>\n<meta name=\"robots\" content=\"index, follow, max-snippet:-1, max-image-preview:large, max-video-preview:-1\" \/>\n<link rel=\"canonical\" href=\"https:\/\/planbet.contact\/iceland\/casino\/\" \/>\n<meta property=\"og:locale\" content=\"is_IS\" \/>\n<meta property=\"og:type\" content=\"article\" \/>\n<meta property=\"og:title\" content=\"Planbet spilav\u00edti\u00f0 \u2705 \u00de\u00e6gilegt spilamennska \u00ed t\u00e6kinu \u00fe\u00ednu\" \/>\n<meta property=\"og:description\" content=\"Planbet spilav\u00edti\u00f0 \u2014 \u00fe\u00edn pers\u00f3nulega lei\u00f0 inn \u00ed heim fj\u00e1rh\u00e6ttuspilanna! Spila\u00f0u bestu netleikina hvar sem \u00fe\u00fa ert og freista\u00f0u g\u00e6funnar hven\u00e6r sem er.\" \/>\n<meta property=\"og:url\" content=\"https:\/\/planbet.contact\/iceland\/casino\/\" \/>\n<meta property=\"og:site_name\" content=\"PlanBet IS\" \/>\n<meta property=\"article:modified_time\" content=\"2026-01-28T10:24:21+00:00\" \/>\n<meta name=\"twitter:card\" content=\"summary_large_image\" \/>\n<script type=\"application\/ld+json\" class=\"yoast-schema-graph\">{\"@context\":\"https:\/\/schema.org\",\"@graph\":[{\"@type\":\"WebPage\",\"@id\":\"https:\/\/planbet.contact\/iceland\/casino\/\",\"url\":\"https:\/\/planbet.contact\/iceland\/casino\/\",\"name\":\"Planbet spilav\u00edti\u00f0 \u2705 \u00de\u00e6gilegt spilamennska \u00ed t\u00e6kinu \u00fe\u00ednu\",\"isPartOf\":{\"@id\":\"https:\/\/planbet.contact\/iceland\/#website\"},\"datePublished\":\"2025-11-11T16:56:53+00:00\",\"dateModified\":\"2026-01-28T10:24:21+00:00\",\"description\":\"Planbet spilav\u00edti\u00f0 \u2014 \u00fe\u00edn pers\u00f3nulega lei\u00f0 inn \u00ed heim fj\u00e1rh\u00e6ttuspilanna! Spila\u00f0u bestu netleikina hvar sem \u00fe\u00fa ert og freista\u00f0u g\u00e6funnar hven\u00e6r sem er.\",\"breadcrumb\":{\"@id\":\"https:\/\/planbet.contact\/iceland\/casino\/#breadcrumb\"},\"inLanguage\":\"is\",\"potentialAction\":[{\"@type\":\"ReadAction\",\"target\":[\"https:\/\/planbet.contact\/iceland\/casino\/\"]}]},{\"@type\":\"BreadcrumbList\",\"@id\":\"https:\/\/planbet.contact\/iceland\/casino\/#breadcrumb\",\"itemListElement\":[{\"@type\":\"ListItem\",\"position\":1,\"name\":\"Home\",\"item\":\"https:\/\/planbet.contact\/iceland\/\"},{\"@type\":\"ListItem\",\"position\":2,\"name\":\"Spilav\u00edti\"}]},{\"@type\":\"WebSite\",\"@id\":\"https:\/\/planbet.contact\/iceland\/#website\",\"url\":\"https:\/\/planbet.contact\/iceland\/\",\"name\":\"PlanBet IS\",\"description\":\"\",\"potentialAction\":[{\"@type\":\"SearchAction\",\"target\":{\"@type\":\"EntryPoint\",\"urlTemplate\":\"https:\/\/planbet.contact\/iceland\/?s={search_term_string}\"},\"query-input\":{\"@type\":\"PropertyValueSpecification\",\"valueRequired\":true,\"valueName\":\"search_term_string\"}}],\"inLanguage\":\"is\"}]}<\/script>\n<!-- \/ Yoast SEO plugin. -->","yoast_head_json":{"title":"Planbet spilav\u00edti\u00f0 \u2705 \u00de\u00e6gilegt spilamennska \u00ed t\u00e6kinu \u00fe\u00ednu","description":"Planbet spilav\u00edti\u00f0 \u2014 \u00fe\u00edn pers\u00f3nulega lei\u00f0 inn \u00ed heim fj\u00e1rh\u00e6ttuspilanna! Spila\u00f0u bestu netleikina hvar sem \u00fe\u00fa ert og freista\u00f0u g\u00e6funnar hven\u00e6r sem er.","robots":{"index":"index","follow":"follow","max-snippet":"max-snippet:-1","max-image-preview":"max-image-preview:large","max-video-preview":"max-video-preview:-1"},"canonical":"https:\/\/planbet.contact\/iceland\/casino\/","og_locale":"is_IS","og_type":"article","og_title":"Planbet spilav\u00edti\u00f0 \u2705 \u00de\u00e6gilegt spilamennska \u00ed t\u00e6kinu \u00fe\u00ednu","og_description":"Planbet spilav\u00edti\u00f0 \u2014 \u00fe\u00edn pers\u00f3nulega lei\u00f0 inn \u00ed heim fj\u00e1rh\u00e6ttuspilanna! Spila\u00f0u bestu netleikina hvar sem \u00fe\u00fa ert og freista\u00f0u g\u00e6funnar hven\u00e6r sem er.","og_url":"https:\/\/planbet.contact\/iceland\/casino\/","og_site_name":"PlanBet IS","article_modified_time":"2026-01-28T10:24:21+00:00","twitter_card":"summary_large_image","schema":{"@context":"https:\/\/schema.org","@graph":[{"@type":"WebPage","@id":"https:\/\/planbet.contact\/iceland\/casino\/","url":"https:\/\/planbet.contact\/iceland\/casino\/","name":"Planbet spilav\u00edti\u00f0 \u2705 \u00de\u00e6gilegt spilamennska \u00ed t\u00e6kinu \u00fe\u00ednu","isPartOf":{"@id":"https:\/\/planbet.contact\/iceland\/#website"},"datePublished":"2025-11-11T16:56:53+00:00","dateModified":"2026-01-28T10:24:21+00:00","description":"Planbet spilav\u00edti\u00f0 \u2014 \u00fe\u00edn pers\u00f3nulega lei\u00f0 inn \u00ed heim fj\u00e1rh\u00e6ttuspilanna! Spila\u00f0u bestu netleikina hvar sem \u00fe\u00fa ert og freista\u00f0u g\u00e6funnar hven\u00e6r sem er.","breadcrumb":{"@id":"https:\/\/planbet.contact\/iceland\/casino\/#breadcrumb"},"inLanguage":"is","potentialAction":[{"@type":"ReadAction","target":["https:\/\/planbet.contact\/iceland\/casino\/"]}]},{"@type":"BreadcrumbList","@id":"https:\/\/planbet.contact\/iceland\/casino\/#breadcrumb","itemListElement":[{"@type":"ListItem","position":1,"name":"Home","item":"https:\/\/planbet.contact\/iceland\/"},{"@type":"ListItem","position":2,"name":"Spilav\u00edti"}]},{"@type":"WebSite","@id":"https:\/\/planbet.contact\/iceland\/#website","url":"https:\/\/planbet.contact\/iceland\/","name":"PlanBet IS","description":"","potentialAction":[{"@type":"SearchAction","target":{"@type":"EntryPoint","urlTemplate":"https:\/\/planbet.contact\/iceland\/?s={search_term_string}"},"query-input":{"@type":"PropertyValueSpecification","valueRequired":true,"valueName":"search_term_string"}}],"inLanguage":"is"}]}},"_links":{"self":[{"href":"https:\/\/planbet.contact\/iceland\/wp-json\/wp\/v2\/pages\/801","targetHints":{"allow":["GET"]}}],"collection":[{"href":"https:\/\/planbet.contact\/iceland\/wp-json\/wp\/v2\/pages"}],"about":[{"href":"https:\/\/planbet.contact\/iceland\/wp-json\/wp\/v2\/types\/page"}],"author":[{"embeddable":true,"href":"https:\/\/planbet.contact\/iceland\/wp-json\/wp\/v2\/users\/1"}],"replies":[{"embeddable":true,"href":"https:\/\/planbet.contact\/iceland\/wp-json\/wp\/v2\/comments?post=801"}],"version-history":[{"count":11,"href":"https:\/\/planbet.contact\/iceland\/wp-json\/wp\/v2\/pages\/801\/revisions"}],"predecessor-version":[{"id":976,"href":"https:\/\/planbet.contact\/iceland\/wp-json\/wp\/v2\/pages\/801\/revisions\/976"}],"wp:attachment":[{"href":"https:\/\/planbet.contact\/iceland\/wp-json\/wp\/v2\/media?parent=801"}],"curies":[{"name":"wp","href":"https:\/\/api.w.org\/{rel}","templated":true}]}}