{"id":838,"date":"2025-11-13T08:49:36","date_gmt":"2025-11-13T05:49:36","guid":{"rendered":"https:\/\/planbet.contact\/iceland\/?page_id=838"},"modified":"2026-01-28T13:02:56","modified_gmt":"2026-01-28T10:02:56","slug":"login","status":"publish","type":"page","link":"https:\/\/planbet.contact\/iceland\/login\/","title":{"rendered":"Innskr\u00e1ning"},"content":{"rendered":"","protected":false},"excerpt":{"rendered":"","protected":false},"author":1,"featured_media":0,"parent":0,"menu_order":0,"comment_status":"closed","ping_status":"closed","template":"","meta":{"_acf_changed":false,"footnotes":""},"class_list":["post-838","page","type-page","status-publish","hentry"],"acf":[],"yoast_head":"<!-- This site is optimized with the Yoast SEO plugin v26.3 - https:\/\/yoast.com\/wordpress\/plugins\/seo\/ -->\n<title>Innskr\u00e1ning \u00e1 Planbet \u2705<\/title>\n<meta name=\"description\" content=\"Kynntu \u00fe\u00e9r hversu au\u00f0velt \u00fea\u00f0 er a\u00f0 skr\u00e1 sig inn \u00e1 Planbet \u00far hva\u00f0a t\u00e6ki sem er! Lei\u00f0beiningar skref fyrir skref til a\u00f0 f\u00e1 skj\u00f3tan a\u00f0gang a\u00f0 pers\u00f3nulegum reikningi \u00fe\u00ednum.\" \/>\n<meta name=\"robots\" content=\"index, follow, max-snippet:-1, max-image-preview:large, max-video-preview:-1\" \/>\n<link rel=\"canonical\" href=\"https:\/\/planbet.contact\/iceland\/login\/\" \/>\n<meta property=\"og:locale\" content=\"is_IS\" \/>\n<meta property=\"og:type\" content=\"article\" \/>\n<meta property=\"og:title\" content=\"Innskr\u00e1ning \u00e1 Planbet \u2705\" \/>\n<meta property=\"og:description\" content=\"Kynntu \u00fe\u00e9r hversu au\u00f0velt \u00fea\u00f0 er a\u00f0 skr\u00e1 sig inn \u00e1 Planbet \u00far hva\u00f0a t\u00e6ki sem er! Lei\u00f0beiningar skref fyrir skref til a\u00f0 f\u00e1 skj\u00f3tan a\u00f0gang a\u00f0 pers\u00f3nulegum reikningi \u00fe\u00ednum.\" \/>\n<meta property=\"og:url\" content=\"https:\/\/planbet.contact\/iceland\/login\/\" \/>\n<meta property=\"og:site_name\" content=\"PlanBet IS\" \/>\n<meta property=\"article:modified_time\" content=\"2026-01-28T10:02:56+00:00\" \/>\n<meta name=\"twitter:card\" content=\"summary_large_image\" \/>\n<script type=\"application\/ld+json\" class=\"yoast-schema-graph\">{\"@context\":\"https:\/\/schema.org\",\"@graph\":[{\"@type\":\"WebPage\",\"@id\":\"https:\/\/planbet.contact\/iceland\/login\/\",\"url\":\"https:\/\/planbet.contact\/iceland\/login\/\",\"name\":\"Innskr\u00e1ning \u00e1 Planbet \u2705\",\"isPartOf\":{\"@id\":\"https:\/\/planbet.contact\/iceland\/#website\"},\"datePublished\":\"2025-11-13T05:49:36+00:00\",\"dateModified\":\"2026-01-28T10:02:56+00:00\",\"description\":\"Kynntu \u00fe\u00e9r hversu au\u00f0velt \u00fea\u00f0 er a\u00f0 skr\u00e1 sig inn \u00e1 Planbet \u00far hva\u00f0a t\u00e6ki sem er! Lei\u00f0beiningar skref fyrir skref til a\u00f0 f\u00e1 skj\u00f3tan a\u00f0gang a\u00f0 pers\u00f3nulegum reikningi \u00fe\u00ednum.\",\"breadcrumb\":{\"@id\":\"https:\/\/planbet.contact\/iceland\/login\/#breadcrumb\"},\"inLanguage\":\"is\",\"potentialAction\":[{\"@type\":\"ReadAction\",\"target\":[\"https:\/\/planbet.contact\/iceland\/login\/\"]}]},{\"@type\":\"BreadcrumbList\",\"@id\":\"https:\/\/planbet.contact\/iceland\/login\/#breadcrumb\",\"itemListElement\":[{\"@type\":\"ListItem\",\"position\":1,\"name\":\"Home\",\"item\":\"https:\/\/planbet.contact\/iceland\/\"},{\"@type\":\"ListItem\",\"position\":2,\"name\":\"Innskr\u00e1ning\"}]},{\"@type\":\"WebSite\",\"@id\":\"https:\/\/planbet.contact\/iceland\/#website\",\"url\":\"https:\/\/planbet.contact\/iceland\/\",\"name\":\"PlanBet IS\",\"description\":\"\",\"potentialAction\":[{\"@type\":\"SearchAction\",\"target\":{\"@type\":\"EntryPoint\",\"urlTemplate\":\"https:\/\/planbet.contact\/iceland\/?s={search_term_string}\"},\"query-input\":{\"@type\":\"PropertyValueSpecification\",\"valueRequired\":true,\"valueName\":\"search_term_string\"}}],\"inLanguage\":\"is\"}]}<\/script>\n<!-- \/ Yoast SEO plugin. -->","yoast_head_json":{"title":"Innskr\u00e1ning \u00e1 Planbet \u2705","description":"Kynntu \u00fe\u00e9r hversu au\u00f0velt \u00fea\u00f0 er a\u00f0 skr\u00e1 sig inn \u00e1 Planbet \u00far hva\u00f0a t\u00e6ki sem er! Lei\u00f0beiningar skref fyrir skref til a\u00f0 f\u00e1 skj\u00f3tan a\u00f0gang a\u00f0 pers\u00f3nulegum reikningi \u00fe\u00ednum.","robots":{"index":"index","follow":"follow","max-snippet":"max-snippet:-1","max-image-preview":"max-image-preview:large","max-video-preview":"max-video-preview:-1"},"canonical":"https:\/\/planbet.contact\/iceland\/login\/","og_locale":"is_IS","og_type":"article","og_title":"Innskr\u00e1ning \u00e1 Planbet \u2705","og_description":"Kynntu \u00fe\u00e9r hversu au\u00f0velt \u00fea\u00f0 er a\u00f0 skr\u00e1 sig inn \u00e1 Planbet \u00far hva\u00f0a t\u00e6ki sem er! Lei\u00f0beiningar skref fyrir skref til a\u00f0 f\u00e1 skj\u00f3tan a\u00f0gang a\u00f0 pers\u00f3nulegum reikningi \u00fe\u00ednum.","og_url":"https:\/\/planbet.contact\/iceland\/login\/","og_site_name":"PlanBet IS","article_modified_time":"2026-01-28T10:02:56+00:00","twitter_card":"summary_large_image","schema":{"@context":"https:\/\/schema.org","@graph":[{"@type":"WebPage","@id":"https:\/\/planbet.contact\/iceland\/login\/","url":"https:\/\/planbet.contact\/iceland\/login\/","name":"Innskr\u00e1ning \u00e1 Planbet \u2705","isPartOf":{"@id":"https:\/\/planbet.contact\/iceland\/#website"},"datePublished":"2025-11-13T05:49:36+00:00","dateModified":"2026-01-28T10:02:56+00:00","description":"Kynntu \u00fe\u00e9r hversu au\u00f0velt \u00fea\u00f0 er a\u00f0 skr\u00e1 sig inn \u00e1 Planbet \u00far hva\u00f0a t\u00e6ki sem er! Lei\u00f0beiningar skref fyrir skref til a\u00f0 f\u00e1 skj\u00f3tan a\u00f0gang a\u00f0 pers\u00f3nulegum reikningi \u00fe\u00ednum.","breadcrumb":{"@id":"https:\/\/planbet.contact\/iceland\/login\/#breadcrumb"},"inLanguage":"is","potentialAction":[{"@type":"ReadAction","target":["https:\/\/planbet.contact\/iceland\/login\/"]}]},{"@type":"BreadcrumbList","@id":"https:\/\/planbet.contact\/iceland\/login\/#breadcrumb","itemListElement":[{"@type":"ListItem","position":1,"name":"Home","item":"https:\/\/planbet.contact\/iceland\/"},{"@type":"ListItem","position":2,"name":"Innskr\u00e1ning"}]},{"@type":"WebSite","@id":"https:\/\/planbet.contact\/iceland\/#website","url":"https:\/\/planbet.contact\/iceland\/","name":"PlanBet IS","description":"","potentialAction":[{"@type":"SearchAction","target":{"@type":"EntryPoint","urlTemplate":"https:\/\/planbet.contact\/iceland\/?s={search_term_string}"},"query-input":{"@type":"PropertyValueSpecification","valueRequired":true,"valueName":"search_term_string"}}],"inLanguage":"is"}]}},"_links":{"self":[{"href":"https:\/\/planbet.contact\/iceland\/wp-json\/wp\/v2\/pages\/838","targetHints":{"allow":["GET"]}}],"collection":[{"href":"https:\/\/planbet.contact\/iceland\/wp-json\/wp\/v2\/pages"}],"about":[{"href":"https:\/\/planbet.contact\/iceland\/wp-json\/wp\/v2\/types\/page"}],"author":[{"embeddable":true,"href":"https:\/\/planbet.contact\/iceland\/wp-json\/wp\/v2\/users\/1"}],"replies":[{"embeddable":true,"href":"https:\/\/planbet.contact\/iceland\/wp-json\/wp\/v2\/comments?post=838"}],"version-history":[{"count":7,"href":"https:\/\/planbet.contact\/iceland\/wp-json\/wp\/v2\/pages\/838\/revisions"}],"predecessor-version":[{"id":969,"href":"https:\/\/planbet.contact\/iceland\/wp-json\/wp\/v2\/pages\/838\/revisions\/969"}],"wp:attachment":[{"href":"https:\/\/planbet.contact\/iceland\/wp-json\/wp\/v2\/media?parent=838"}],"curies":[{"name":"wp","href":"https:\/\/api.w.org\/{rel}","templated":true}]}}