{"id":862,"date":"2025-11-14T08:17:45","date_gmt":"2025-11-14T05:17:45","guid":{"rendered":"https:\/\/planbet.contact\/iceland\/?page_id=862"},"modified":"2026-01-28T12:32:29","modified_gmt":"2026-01-28T09:32:29","slug":"affiliate","status":"publish","type":"page","link":"https:\/\/planbet.contact\/iceland\/affiliate\/","title":{"rendered":"Tengd f\u00e9lagi"},"content":{"rendered":"","protected":false},"excerpt":{"rendered":"","protected":false},"author":1,"featured_media":0,"parent":0,"menu_order":0,"comment_status":"closed","ping_status":"closed","template":"","meta":{"_acf_changed":false,"footnotes":""},"class_list":["post-862","page","type-page","status-publish","hentry"],"acf":[],"yoast_head":"<!-- This site is optimized with the Yoast SEO plugin v26.3 - https:\/\/yoast.com\/wordpress\/plugins\/seo\/ -->\n<title>Samstarf vi\u00f0 Planbet: Einf\u00f6ld skref a\u00f0 fars\u00e6lum tekjum!<\/title>\n<meta name=\"description\" content=\"Skr\u00e1\u00f0u \u00feig \u00ed samstarfs\u00e1\u00e6tlun Planbet og byrja\u00f0u a\u00f0 vinna s\u00e9r inn peninga \u00e1n nokkurrar reynslu! Uppg\u00f6tva\u00f0u t\u00e6kif\u00e6ri \u00ed fj\u00e1rh\u00e6ttuspilageiranum.\" \/>\n<meta name=\"robots\" content=\"index, follow, max-snippet:-1, max-image-preview:large, max-video-preview:-1\" \/>\n<link rel=\"canonical\" href=\"https:\/\/planbet.contact\/iceland\/affiliate\/\" \/>\n<meta property=\"og:locale\" content=\"is_IS\" \/>\n<meta property=\"og:type\" content=\"article\" \/>\n<meta property=\"og:title\" content=\"Samstarf vi\u00f0 Planbet: Einf\u00f6ld skref a\u00f0 fars\u00e6lum tekjum!\" \/>\n<meta property=\"og:description\" content=\"Skr\u00e1\u00f0u \u00feig \u00ed samstarfs\u00e1\u00e6tlun Planbet og byrja\u00f0u a\u00f0 vinna s\u00e9r inn peninga \u00e1n nokkurrar reynslu! Uppg\u00f6tva\u00f0u t\u00e6kif\u00e6ri \u00ed fj\u00e1rh\u00e6ttuspilageiranum.\" \/>\n<meta property=\"og:url\" content=\"https:\/\/planbet.contact\/iceland\/affiliate\/\" \/>\n<meta property=\"og:site_name\" content=\"PlanBet IS\" \/>\n<meta property=\"article:modified_time\" content=\"2026-01-28T09:32:29+00:00\" \/>\n<meta name=\"twitter:card\" content=\"summary_large_image\" \/>\n<script type=\"application\/ld+json\" class=\"yoast-schema-graph\">{\"@context\":\"https:\/\/schema.org\",\"@graph\":[{\"@type\":\"WebPage\",\"@id\":\"https:\/\/planbet.contact\/iceland\/affiliate\/\",\"url\":\"https:\/\/planbet.contact\/iceland\/affiliate\/\",\"name\":\"Samstarf vi\u00f0 Planbet: Einf\u00f6ld skref a\u00f0 fars\u00e6lum tekjum!\",\"isPartOf\":{\"@id\":\"https:\/\/planbet.contact\/iceland\/#website\"},\"datePublished\":\"2025-11-14T05:17:45+00:00\",\"dateModified\":\"2026-01-28T09:32:29+00:00\",\"description\":\"Skr\u00e1\u00f0u \u00feig \u00ed samstarfs\u00e1\u00e6tlun Planbet og byrja\u00f0u a\u00f0 vinna s\u00e9r inn peninga \u00e1n nokkurrar reynslu! Uppg\u00f6tva\u00f0u t\u00e6kif\u00e6ri \u00ed fj\u00e1rh\u00e6ttuspilageiranum.\",\"breadcrumb\":{\"@id\":\"https:\/\/planbet.contact\/iceland\/affiliate\/#breadcrumb\"},\"inLanguage\":\"is\",\"potentialAction\":[{\"@type\":\"ReadAction\",\"target\":[\"https:\/\/planbet.contact\/iceland\/affiliate\/\"]}]},{\"@type\":\"BreadcrumbList\",\"@id\":\"https:\/\/planbet.contact\/iceland\/affiliate\/#breadcrumb\",\"itemListElement\":[{\"@type\":\"ListItem\",\"position\":1,\"name\":\"Home\",\"item\":\"https:\/\/planbet.contact\/iceland\/\"},{\"@type\":\"ListItem\",\"position\":2,\"name\":\"Tengd f\u00e9lagi\"}]},{\"@type\":\"WebSite\",\"@id\":\"https:\/\/planbet.contact\/iceland\/#website\",\"url\":\"https:\/\/planbet.contact\/iceland\/\",\"name\":\"PlanBet IS\",\"description\":\"\",\"potentialAction\":[{\"@type\":\"SearchAction\",\"target\":{\"@type\":\"EntryPoint\",\"urlTemplate\":\"https:\/\/planbet.contact\/iceland\/?s={search_term_string}\"},\"query-input\":{\"@type\":\"PropertyValueSpecification\",\"valueRequired\":true,\"valueName\":\"search_term_string\"}}],\"inLanguage\":\"is\"}]}<\/script>\n<!-- \/ Yoast SEO plugin. -->","yoast_head_json":{"title":"Samstarf vi\u00f0 Planbet: Einf\u00f6ld skref a\u00f0 fars\u00e6lum tekjum!","description":"Skr\u00e1\u00f0u \u00feig \u00ed samstarfs\u00e1\u00e6tlun Planbet og byrja\u00f0u a\u00f0 vinna s\u00e9r inn peninga \u00e1n nokkurrar reynslu! Uppg\u00f6tva\u00f0u t\u00e6kif\u00e6ri \u00ed fj\u00e1rh\u00e6ttuspilageiranum.","robots":{"index":"index","follow":"follow","max-snippet":"max-snippet:-1","max-image-preview":"max-image-preview:large","max-video-preview":"max-video-preview:-1"},"canonical":"https:\/\/planbet.contact\/iceland\/affiliate\/","og_locale":"is_IS","og_type":"article","og_title":"Samstarf vi\u00f0 Planbet: Einf\u00f6ld skref a\u00f0 fars\u00e6lum tekjum!","og_description":"Skr\u00e1\u00f0u \u00feig \u00ed samstarfs\u00e1\u00e6tlun Planbet og byrja\u00f0u a\u00f0 vinna s\u00e9r inn peninga \u00e1n nokkurrar reynslu! Uppg\u00f6tva\u00f0u t\u00e6kif\u00e6ri \u00ed fj\u00e1rh\u00e6ttuspilageiranum.","og_url":"https:\/\/planbet.contact\/iceland\/affiliate\/","og_site_name":"PlanBet IS","article_modified_time":"2026-01-28T09:32:29+00:00","twitter_card":"summary_large_image","schema":{"@context":"https:\/\/schema.org","@graph":[{"@type":"WebPage","@id":"https:\/\/planbet.contact\/iceland\/affiliate\/","url":"https:\/\/planbet.contact\/iceland\/affiliate\/","name":"Samstarf vi\u00f0 Planbet: Einf\u00f6ld skref a\u00f0 fars\u00e6lum tekjum!","isPartOf":{"@id":"https:\/\/planbet.contact\/iceland\/#website"},"datePublished":"2025-11-14T05:17:45+00:00","dateModified":"2026-01-28T09:32:29+00:00","description":"Skr\u00e1\u00f0u \u00feig \u00ed samstarfs\u00e1\u00e6tlun Planbet og byrja\u00f0u a\u00f0 vinna s\u00e9r inn peninga \u00e1n nokkurrar reynslu! Uppg\u00f6tva\u00f0u t\u00e6kif\u00e6ri \u00ed fj\u00e1rh\u00e6ttuspilageiranum.","breadcrumb":{"@id":"https:\/\/planbet.contact\/iceland\/affiliate\/#breadcrumb"},"inLanguage":"is","potentialAction":[{"@type":"ReadAction","target":["https:\/\/planbet.contact\/iceland\/affiliate\/"]}]},{"@type":"BreadcrumbList","@id":"https:\/\/planbet.contact\/iceland\/affiliate\/#breadcrumb","itemListElement":[{"@type":"ListItem","position":1,"name":"Home","item":"https:\/\/planbet.contact\/iceland\/"},{"@type":"ListItem","position":2,"name":"Tengd f\u00e9lagi"}]},{"@type":"WebSite","@id":"https:\/\/planbet.contact\/iceland\/#website","url":"https:\/\/planbet.contact\/iceland\/","name":"PlanBet IS","description":"","potentialAction":[{"@type":"SearchAction","target":{"@type":"EntryPoint","urlTemplate":"https:\/\/planbet.contact\/iceland\/?s={search_term_string}"},"query-input":{"@type":"PropertyValueSpecification","valueRequired":true,"valueName":"search_term_string"}}],"inLanguage":"is"}]}},"_links":{"self":[{"href":"https:\/\/planbet.contact\/iceland\/wp-json\/wp\/v2\/pages\/862","targetHints":{"allow":["GET"]}}],"collection":[{"href":"https:\/\/planbet.contact\/iceland\/wp-json\/wp\/v2\/pages"}],"about":[{"href":"https:\/\/planbet.contact\/iceland\/wp-json\/wp\/v2\/types\/page"}],"author":[{"embeddable":true,"href":"https:\/\/planbet.contact\/iceland\/wp-json\/wp\/v2\/users\/1"}],"replies":[{"embeddable":true,"href":"https:\/\/planbet.contact\/iceland\/wp-json\/wp\/v2\/comments?post=862"}],"version-history":[{"count":8,"href":"https:\/\/planbet.contact\/iceland\/wp-json\/wp\/v2\/pages\/862\/revisions"}],"predecessor-version":[{"id":960,"href":"https:\/\/planbet.contact\/iceland\/wp-json\/wp\/v2\/pages\/862\/revisions\/960"}],"wp:attachment":[{"href":"https:\/\/planbet.contact\/iceland\/wp-json\/wp\/v2\/media?parent=862"}],"curies":[{"name":"wp","href":"https:\/\/api.w.org\/{rel}","templated":true}]}}