{"id":2,"date":"2025-10-05T16:17:47","date_gmt":"2025-10-05T13:17:47","guid":{"rendered":"https:\/\/planbet.contact\/lu\/?page_id=2"},"modified":"2025-12-29T14:12:51","modified_gmt":"2025-12-29T11:12:51","slug":"home","status":"publish","type":"page","link":"https:\/\/planbet.contact\/lu\/","title":{"rendered":"Heem"},"content":{"rendered":"","protected":false},"excerpt":{"rendered":"","protected":false},"author":1,"featured_media":0,"parent":0,"menu_order":0,"comment_status":"closed","ping_status":"closed","template":"","meta":{"_acf_changed":false,"footnotes":""},"class_list":["post-2","page","type-page","status-publish","hentry"],"acf":[],"yoast_head":"<!-- This site is optimized with the Yoast SEO plugin v26.3 - https:\/\/yoast.com\/wordpress\/plugins\/seo\/ -->\n<title>Planbet Buchmacher &amp; Casino \u2705H\u00e9ich Quoten, Top Spiller<\/title>\n<meta name=\"description\" content=\"Planbet ass \u00c4re verl\u00e4ssleche Buchmacher fir Sportwetten a Casinospiller. Kritt exklusiv Bonusen, h\u00e9ich Quoten an eng onvergl\u00e4ichlech Spillerfahrung!\" \/>\n<meta name=\"robots\" content=\"index, follow, max-snippet:-1, max-image-preview:large, max-video-preview:-1\" \/>\n<link rel=\"canonical\" href=\"https:\/\/planbet.contact\/lu\/\" \/>\n<meta property=\"og:locale\" content=\"en_US\" \/>\n<meta property=\"og:type\" content=\"article\" \/>\n<meta property=\"og:title\" content=\"Planbet Buchmacher &amp; Casino \u2705H\u00e9ich Quoten, Top Spiller\" \/>\n<meta property=\"og:description\" content=\"Planbet ass \u00c4re verl\u00e4ssleche Buchmacher fir Sportwetten a Casinospiller. Kritt exklusiv Bonusen, h\u00e9ich Quoten an eng onvergl\u00e4ichlech Spillerfahrung!\" \/>\n<meta property=\"og:url\" content=\"https:\/\/planbet.contact\/lu\/\" \/>\n<meta property=\"og:site_name\" content=\"Planbet LU\" \/>\n<meta property=\"article:modified_time\" content=\"2025-12-29T11:12:51+00:00\" \/>\n<meta name=\"twitter:card\" content=\"summary_large_image\" \/>\n<script type=\"application\/ld+json\" class=\"yoast-schema-graph\">{\"@context\":\"https:\/\/schema.org\",\"@graph\":[{\"@type\":\"WebPage\",\"@id\":\"https:\/\/planbet.contact\/lu\/\",\"url\":\"https:\/\/planbet.contact\/lu\/\",\"name\":\"Planbet Buchmacher & Casino \u2705H\u00e9ich Quoten, Top Spiller\",\"isPartOf\":{\"@id\":\"https:\/\/planbet.contact\/lu\/#website\"},\"datePublished\":\"2025-10-05T13:17:47+00:00\",\"dateModified\":\"2025-12-29T11:12:51+00:00\",\"description\":\"Planbet ass \u00c4re verl\u00e4ssleche Buchmacher fir Sportwetten a Casinospiller. Kritt exklusiv Bonusen, h\u00e9ich Quoten an eng onvergl\u00e4ichlech Spillerfahrung!\",\"breadcrumb\":{\"@id\":\"https:\/\/planbet.contact\/lu\/#breadcrumb\"},\"inLanguage\":\"en-LU\",\"potentialAction\":[{\"@type\":\"ReadAction\",\"target\":[\"https:\/\/planbet.contact\/lu\/\"]}]},{\"@type\":\"BreadcrumbList\",\"@id\":\"https:\/\/planbet.contact\/lu\/#breadcrumb\",\"itemListElement\":[{\"@type\":\"ListItem\",\"position\":1,\"name\":\"Home\",\"item\":\"https:\/\/planbet.contact\/lu\/\"},{\"@type\":\"ListItem\",\"position\":2,\"name\":\"Heem\"}]},{\"@type\":\"WebSite\",\"@id\":\"https:\/\/planbet.contact\/lu\/#website\",\"url\":\"https:\/\/planbet.contact\/lu\/\",\"name\":\"Planbet LU\",\"description\":\"\",\"potentialAction\":[{\"@type\":\"SearchAction\",\"target\":{\"@type\":\"EntryPoint\",\"urlTemplate\":\"https:\/\/planbet.contact\/lu\/?s={search_term_string}\"},\"query-input\":{\"@type\":\"PropertyValueSpecification\",\"valueRequired\":true,\"valueName\":\"search_term_string\"}}],\"inLanguage\":\"en-LU\"}]}<\/script>\n<!-- \/ Yoast SEO plugin. -->","yoast_head_json":{"title":"Planbet Buchmacher & Casino \u2705H\u00e9ich Quoten, Top Spiller","description":"Planbet ass \u00c4re verl\u00e4ssleche Buchmacher fir Sportwetten a Casinospiller. Kritt exklusiv Bonusen, h\u00e9ich Quoten an eng onvergl\u00e4ichlech Spillerfahrung!","robots":{"index":"index","follow":"follow","max-snippet":"max-snippet:-1","max-image-preview":"max-image-preview:large","max-video-preview":"max-video-preview:-1"},"canonical":"https:\/\/planbet.contact\/lu\/","og_locale":"en_US","og_type":"article","og_title":"Planbet Buchmacher & Casino \u2705H\u00e9ich Quoten, Top Spiller","og_description":"Planbet ass \u00c4re verl\u00e4ssleche Buchmacher fir Sportwetten a Casinospiller. Kritt exklusiv Bonusen, h\u00e9ich Quoten an eng onvergl\u00e4ichlech Spillerfahrung!","og_url":"https:\/\/planbet.contact\/lu\/","og_site_name":"Planbet LU","article_modified_time":"2025-12-29T11:12:51+00:00","twitter_card":"summary_large_image","schema":{"@context":"https:\/\/schema.org","@graph":[{"@type":"WebPage","@id":"https:\/\/planbet.contact\/lu\/","url":"https:\/\/planbet.contact\/lu\/","name":"Planbet Buchmacher & Casino \u2705H\u00e9ich Quoten, Top Spiller","isPartOf":{"@id":"https:\/\/planbet.contact\/lu\/#website"},"datePublished":"2025-10-05T13:17:47+00:00","dateModified":"2025-12-29T11:12:51+00:00","description":"Planbet ass \u00c4re verl\u00e4ssleche Buchmacher fir Sportwetten a Casinospiller. Kritt exklusiv Bonusen, h\u00e9ich Quoten an eng onvergl\u00e4ichlech Spillerfahrung!","breadcrumb":{"@id":"https:\/\/planbet.contact\/lu\/#breadcrumb"},"inLanguage":"en-LU","potentialAction":[{"@type":"ReadAction","target":["https:\/\/planbet.contact\/lu\/"]}]},{"@type":"BreadcrumbList","@id":"https:\/\/planbet.contact\/lu\/#breadcrumb","itemListElement":[{"@type":"ListItem","position":1,"name":"Home","item":"https:\/\/planbet.contact\/lu\/"},{"@type":"ListItem","position":2,"name":"Heem"}]},{"@type":"WebSite","@id":"https:\/\/planbet.contact\/lu\/#website","url":"https:\/\/planbet.contact\/lu\/","name":"Planbet LU","description":"","potentialAction":[{"@type":"SearchAction","target":{"@type":"EntryPoint","urlTemplate":"https:\/\/planbet.contact\/lu\/?s={search_term_string}"},"query-input":{"@type":"PropertyValueSpecification","valueRequired":true,"valueName":"search_term_string"}}],"inLanguage":"en-LU"}]}},"_links":{"self":[{"href":"https:\/\/planbet.contact\/lu\/wp-json\/wp\/v2\/pages\/2","targetHints":{"allow":["GET"]}}],"collection":[{"href":"https:\/\/planbet.contact\/lu\/wp-json\/wp\/v2\/pages"}],"about":[{"href":"https:\/\/planbet.contact\/lu\/wp-json\/wp\/v2\/types\/page"}],"author":[{"embeddable":true,"href":"https:\/\/planbet.contact\/lu\/wp-json\/wp\/v2\/users\/1"}],"replies":[{"embeddable":true,"href":"https:\/\/planbet.contact\/lu\/wp-json\/wp\/v2\/comments?post=2"}],"version-history":[{"count":73,"href":"https:\/\/planbet.contact\/lu\/wp-json\/wp\/v2\/pages\/2\/revisions"}],"predecessor-version":[{"id":978,"href":"https:\/\/planbet.contact\/lu\/wp-json\/wp\/v2\/pages\/2\/revisions\/978"}],"wp:attachment":[{"href":"https:\/\/planbet.contact\/lu\/wp-json\/wp\/v2\/media?parent=2"}],"curies":[{"name":"wp","href":"https:\/\/api.w.org\/{rel}","templated":true}]}}