{"id":783,"date":"2025-11-07T09:25:31","date_gmt":"2025-11-07T06:25:31","guid":{"rendered":"https:\/\/planbet.contact\/lu\/?page_id=783"},"modified":"2025-12-26T10:58:25","modified_gmt":"2025-12-26T07:58:25","slug":"apk","status":"publish","type":"page","link":"https:\/\/planbet.contact\/lu\/apk\/","title":{"rendered":"Apk"},"content":{"rendered":"","protected":false},"excerpt":{"rendered":"","protected":false},"author":1,"featured_media":0,"parent":0,"menu_order":0,"comment_status":"closed","ping_status":"closed","template":"","meta":{"_acf_changed":false,"footnotes":""},"class_list":["post-783","page","type-page","status-publish","hentry"],"acf":[],"yoast_head":"<!-- This site is optimized with the Yoast SEO plugin v26.3 - https:\/\/yoast.com\/wordpress\/plugins\/seo\/ -->\n<title>Luet Planbet Apk erof | Sportwetten &amp; Casino App fir Android<\/title>\n<meta name=\"description\" content=\"Luet elo d&#039;Planbet Apk erof fir Zougang zu exklusiven Funktiounen, Live-Wetten a verschiddene Spilloptiounen direkt op \u00c4rem Android-Apparat ze kr\u00e9ien. Mellt Iech haut un a gen\u00e9isst eng Welt vum Wetten zur Verf\u00fcgung!\" \/>\n<meta name=\"robots\" content=\"index, follow, max-snippet:-1, max-image-preview:large, max-video-preview:-1\" \/>\n<link rel=\"canonical\" href=\"https:\/\/planbet.contact\/lu\/apk\/\" \/>\n<meta property=\"og:locale\" content=\"en_US\" \/>\n<meta property=\"og:type\" content=\"article\" \/>\n<meta property=\"og:title\" content=\"Luet Planbet Apk erof | Sportwetten &amp; Casino App fir Android\" \/>\n<meta property=\"og:description\" content=\"Luet elo d&#039;Planbet Apk erof fir Zougang zu exklusiven Funktiounen, Live-Wetten a verschiddene Spilloptiounen direkt op \u00c4rem Android-Apparat ze kr\u00e9ien. Mellt Iech haut un a gen\u00e9isst eng Welt vum Wetten zur Verf\u00fcgung!\" \/>\n<meta property=\"og:url\" content=\"https:\/\/planbet.contact\/lu\/apk\/\" \/>\n<meta property=\"og:site_name\" content=\"Planbet LU\" \/>\n<meta property=\"article:modified_time\" content=\"2025-12-26T07:58:25+00:00\" \/>\n<meta name=\"twitter:card\" content=\"summary_large_image\" \/>\n<script type=\"application\/ld+json\" class=\"yoast-schema-graph\">{\"@context\":\"https:\/\/schema.org\",\"@graph\":[{\"@type\":\"WebPage\",\"@id\":\"https:\/\/planbet.contact\/lu\/apk\/\",\"url\":\"https:\/\/planbet.contact\/lu\/apk\/\",\"name\":\"Luet Planbet Apk erof | Sportwetten & Casino App fir Android\",\"isPartOf\":{\"@id\":\"https:\/\/planbet.contact\/lu\/#website\"},\"datePublished\":\"2025-11-07T06:25:31+00:00\",\"dateModified\":\"2025-12-26T07:58:25+00:00\",\"description\":\"Luet elo d'Planbet Apk erof fir Zougang zu exklusiven Funktiounen, Live-Wetten a verschiddene Spilloptiounen direkt op \u00c4rem Android-Apparat ze kr\u00e9ien. Mellt Iech haut un a gen\u00e9isst eng Welt vum Wetten zur Verf\u00fcgung!\",\"breadcrumb\":{\"@id\":\"https:\/\/planbet.contact\/lu\/apk\/#breadcrumb\"},\"inLanguage\":\"en-LU\",\"potentialAction\":[{\"@type\":\"ReadAction\",\"target\":[\"https:\/\/planbet.contact\/lu\/apk\/\"]}]},{\"@type\":\"BreadcrumbList\",\"@id\":\"https:\/\/planbet.contact\/lu\/apk\/#breadcrumb\",\"itemListElement\":[{\"@type\":\"ListItem\",\"position\":1,\"name\":\"Home\",\"item\":\"https:\/\/planbet.contact\/lu\/\"},{\"@type\":\"ListItem\",\"position\":2,\"name\":\"Apk\"}]},{\"@type\":\"WebSite\",\"@id\":\"https:\/\/planbet.contact\/lu\/#website\",\"url\":\"https:\/\/planbet.contact\/lu\/\",\"name\":\"Planbet LU\",\"description\":\"\",\"potentialAction\":[{\"@type\":\"SearchAction\",\"target\":{\"@type\":\"EntryPoint\",\"urlTemplate\":\"https:\/\/planbet.contact\/lu\/?s={search_term_string}\"},\"query-input\":{\"@type\":\"PropertyValueSpecification\",\"valueRequired\":true,\"valueName\":\"search_term_string\"}}],\"inLanguage\":\"en-LU\"}]}<\/script>\n<!-- \/ Yoast SEO plugin. -->","yoast_head_json":{"title":"Luet Planbet Apk erof | Sportwetten & Casino App fir Android","description":"Luet elo d'Planbet Apk erof fir Zougang zu exklusiven Funktiounen, Live-Wetten a verschiddene Spilloptiounen direkt op \u00c4rem Android-Apparat ze kr\u00e9ien. Mellt Iech haut un a gen\u00e9isst eng Welt vum Wetten zur Verf\u00fcgung!","robots":{"index":"index","follow":"follow","max-snippet":"max-snippet:-1","max-image-preview":"max-image-preview:large","max-video-preview":"max-video-preview:-1"},"canonical":"https:\/\/planbet.contact\/lu\/apk\/","og_locale":"en_US","og_type":"article","og_title":"Luet Planbet Apk erof | Sportwetten & Casino App fir Android","og_description":"Luet elo d'Planbet Apk erof fir Zougang zu exklusiven Funktiounen, Live-Wetten a verschiddene Spilloptiounen direkt op \u00c4rem Android-Apparat ze kr\u00e9ien. Mellt Iech haut un a gen\u00e9isst eng Welt vum Wetten zur Verf\u00fcgung!","og_url":"https:\/\/planbet.contact\/lu\/apk\/","og_site_name":"Planbet LU","article_modified_time":"2025-12-26T07:58:25+00:00","twitter_card":"summary_large_image","schema":{"@context":"https:\/\/schema.org","@graph":[{"@type":"WebPage","@id":"https:\/\/planbet.contact\/lu\/apk\/","url":"https:\/\/planbet.contact\/lu\/apk\/","name":"Luet Planbet Apk erof | Sportwetten & Casino App fir Android","isPartOf":{"@id":"https:\/\/planbet.contact\/lu\/#website"},"datePublished":"2025-11-07T06:25:31+00:00","dateModified":"2025-12-26T07:58:25+00:00","description":"Luet elo d'Planbet Apk erof fir Zougang zu exklusiven Funktiounen, Live-Wetten a verschiddene Spilloptiounen direkt op \u00c4rem Android-Apparat ze kr\u00e9ien. Mellt Iech haut un a gen\u00e9isst eng Welt vum Wetten zur Verf\u00fcgung!","breadcrumb":{"@id":"https:\/\/planbet.contact\/lu\/apk\/#breadcrumb"},"inLanguage":"en-LU","potentialAction":[{"@type":"ReadAction","target":["https:\/\/planbet.contact\/lu\/apk\/"]}]},{"@type":"BreadcrumbList","@id":"https:\/\/planbet.contact\/lu\/apk\/#breadcrumb","itemListElement":[{"@type":"ListItem","position":1,"name":"Home","item":"https:\/\/planbet.contact\/lu\/"},{"@type":"ListItem","position":2,"name":"Apk"}]},{"@type":"WebSite","@id":"https:\/\/planbet.contact\/lu\/#website","url":"https:\/\/planbet.contact\/lu\/","name":"Planbet LU","description":"","potentialAction":[{"@type":"SearchAction","target":{"@type":"EntryPoint","urlTemplate":"https:\/\/planbet.contact\/lu\/?s={search_term_string}"},"query-input":{"@type":"PropertyValueSpecification","valueRequired":true,"valueName":"search_term_string"}}],"inLanguage":"en-LU"}]}},"_links":{"self":[{"href":"https:\/\/planbet.contact\/lu\/wp-json\/wp\/v2\/pages\/783","targetHints":{"allow":["GET"]}}],"collection":[{"href":"https:\/\/planbet.contact\/lu\/wp-json\/wp\/v2\/pages"}],"about":[{"href":"https:\/\/planbet.contact\/lu\/wp-json\/wp\/v2\/types\/page"}],"author":[{"embeddable":true,"href":"https:\/\/planbet.contact\/lu\/wp-json\/wp\/v2\/users\/1"}],"replies":[{"embeddable":true,"href":"https:\/\/planbet.contact\/lu\/wp-json\/wp\/v2\/comments?post=783"}],"version-history":[{"count":7,"href":"https:\/\/planbet.contact\/lu\/wp-json\/wp\/v2\/pages\/783\/revisions"}],"predecessor-version":[{"id":965,"href":"https:\/\/planbet.contact\/lu\/wp-json\/wp\/v2\/pages\/783\/revisions\/965"}],"wp:attachment":[{"href":"https:\/\/planbet.contact\/lu\/wp-json\/wp\/v2\/media?parent=783"}],"curies":[{"name":"wp","href":"https:\/\/api.w.org\/{rel}","templated":true}]}}