{"id":831,"date":"2025-11-13T07:18:15","date_gmt":"2025-11-13T04:18:15","guid":{"rendered":"https:\/\/planbet.contact\/lu\/?page_id=831"},"modified":"2025-12-25T12:50:37","modified_gmt":"2025-12-25T09:50:37","slug":"promo-code","status":"publish","type":"page","link":"https:\/\/planbet.contact\/lu\/promo-code\/","title":{"rendered":"Promotiounscode"},"content":{"rendered":"","protected":false},"excerpt":{"rendered":"","protected":false},"author":1,"featured_media":0,"parent":0,"menu_order":0,"comment_status":"closed","ping_status":"closed","template":"","meta":{"_acf_changed":false,"footnotes":""},"class_list":["post-831","page","type-page","status-publish","hentry"],"acf":[],"yoast_head":"<!-- This site is optimized with the Yoast SEO plugin v26.3 - https:\/\/yoast.com\/wordpress\/plugins\/seo\/ -->\n<title>Planbet Promotiounscoden \u2714\ufe0fEenzegaarteg Offeren fir Spiller<\/title>\n<meta name=\"description\" content=\"Planbet Promotiounscoden sinn de Schl\u00ebssel zu exklusiven Belounungen a Bonusen! Fannt eraus, w\u00e9i Dir d\u00ebs M\u00e9iglechkeet notze k\u00ebnnt an \u00c4r Spillerfahrung verbessert.\" \/>\n<meta name=\"robots\" content=\"index, follow, max-snippet:-1, max-image-preview:large, max-video-preview:-1\" \/>\n<link rel=\"canonical\" href=\"https:\/\/planbet.contact\/lu\/promo-code\/\" \/>\n<meta property=\"og:locale\" content=\"en_US\" \/>\n<meta property=\"og:type\" content=\"article\" \/>\n<meta property=\"og:title\" content=\"Planbet Promotiounscoden \u2714\ufe0fEenzegaarteg Offeren fir Spiller\" \/>\n<meta property=\"og:description\" content=\"Planbet Promotiounscoden sinn de Schl\u00ebssel zu exklusiven Belounungen a Bonusen! Fannt eraus, w\u00e9i Dir d\u00ebs M\u00e9iglechkeet notze k\u00ebnnt an \u00c4r Spillerfahrung verbessert.\" \/>\n<meta property=\"og:url\" content=\"https:\/\/planbet.contact\/lu\/promo-code\/\" \/>\n<meta property=\"og:site_name\" content=\"Planbet LU\" \/>\n<meta property=\"article:modified_time\" content=\"2025-12-25T09:50:37+00:00\" \/>\n<meta name=\"twitter:card\" content=\"summary_large_image\" \/>\n<script type=\"application\/ld+json\" class=\"yoast-schema-graph\">{\"@context\":\"https:\/\/schema.org\",\"@graph\":[{\"@type\":\"WebPage\",\"@id\":\"https:\/\/planbet.contact\/lu\/promo-code\/\",\"url\":\"https:\/\/planbet.contact\/lu\/promo-code\/\",\"name\":\"Planbet Promotiounscoden \u2714\ufe0fEenzegaarteg Offeren fir Spiller\",\"isPartOf\":{\"@id\":\"https:\/\/planbet.contact\/lu\/#website\"},\"datePublished\":\"2025-11-13T04:18:15+00:00\",\"dateModified\":\"2025-12-25T09:50:37+00:00\",\"description\":\"Planbet Promotiounscoden sinn de Schl\u00ebssel zu exklusiven Belounungen a Bonusen! Fannt eraus, w\u00e9i Dir d\u00ebs M\u00e9iglechkeet notze k\u00ebnnt an \u00c4r Spillerfahrung verbessert.\",\"breadcrumb\":{\"@id\":\"https:\/\/planbet.contact\/lu\/promo-code\/#breadcrumb\"},\"inLanguage\":\"en-LU\",\"potentialAction\":[{\"@type\":\"ReadAction\",\"target\":[\"https:\/\/planbet.contact\/lu\/promo-code\/\"]}]},{\"@type\":\"BreadcrumbList\",\"@id\":\"https:\/\/planbet.contact\/lu\/promo-code\/#breadcrumb\",\"itemListElement\":[{\"@type\":\"ListItem\",\"position\":1,\"name\":\"Home\",\"item\":\"https:\/\/planbet.contact\/lu\/\"},{\"@type\":\"ListItem\",\"position\":2,\"name\":\"Promotiounscode\"}]},{\"@type\":\"WebSite\",\"@id\":\"https:\/\/planbet.contact\/lu\/#website\",\"url\":\"https:\/\/planbet.contact\/lu\/\",\"name\":\"Planbet LU\",\"description\":\"\",\"potentialAction\":[{\"@type\":\"SearchAction\",\"target\":{\"@type\":\"EntryPoint\",\"urlTemplate\":\"https:\/\/planbet.contact\/lu\/?s={search_term_string}\"},\"query-input\":{\"@type\":\"PropertyValueSpecification\",\"valueRequired\":true,\"valueName\":\"search_term_string\"}}],\"inLanguage\":\"en-LU\"}]}<\/script>\n<!-- \/ Yoast SEO plugin. -->","yoast_head_json":{"title":"Planbet Promotiounscoden \u2714\ufe0fEenzegaarteg Offeren fir Spiller","description":"Planbet Promotiounscoden sinn de Schl\u00ebssel zu exklusiven Belounungen a Bonusen! Fannt eraus, w\u00e9i Dir d\u00ebs M\u00e9iglechkeet notze k\u00ebnnt an \u00c4r Spillerfahrung verbessert.","robots":{"index":"index","follow":"follow","max-snippet":"max-snippet:-1","max-image-preview":"max-image-preview:large","max-video-preview":"max-video-preview:-1"},"canonical":"https:\/\/planbet.contact\/lu\/promo-code\/","og_locale":"en_US","og_type":"article","og_title":"Planbet Promotiounscoden \u2714\ufe0fEenzegaarteg Offeren fir Spiller","og_description":"Planbet Promotiounscoden sinn de Schl\u00ebssel zu exklusiven Belounungen a Bonusen! Fannt eraus, w\u00e9i Dir d\u00ebs M\u00e9iglechkeet notze k\u00ebnnt an \u00c4r Spillerfahrung verbessert.","og_url":"https:\/\/planbet.contact\/lu\/promo-code\/","og_site_name":"Planbet LU","article_modified_time":"2025-12-25T09:50:37+00:00","twitter_card":"summary_large_image","schema":{"@context":"https:\/\/schema.org","@graph":[{"@type":"WebPage","@id":"https:\/\/planbet.contact\/lu\/promo-code\/","url":"https:\/\/planbet.contact\/lu\/promo-code\/","name":"Planbet Promotiounscoden \u2714\ufe0fEenzegaarteg Offeren fir Spiller","isPartOf":{"@id":"https:\/\/planbet.contact\/lu\/#website"},"datePublished":"2025-11-13T04:18:15+00:00","dateModified":"2025-12-25T09:50:37+00:00","description":"Planbet Promotiounscoden sinn de Schl\u00ebssel zu exklusiven Belounungen a Bonusen! Fannt eraus, w\u00e9i Dir d\u00ebs M\u00e9iglechkeet notze k\u00ebnnt an \u00c4r Spillerfahrung verbessert.","breadcrumb":{"@id":"https:\/\/planbet.contact\/lu\/promo-code\/#breadcrumb"},"inLanguage":"en-LU","potentialAction":[{"@type":"ReadAction","target":["https:\/\/planbet.contact\/lu\/promo-code\/"]}]},{"@type":"BreadcrumbList","@id":"https:\/\/planbet.contact\/lu\/promo-code\/#breadcrumb","itemListElement":[{"@type":"ListItem","position":1,"name":"Home","item":"https:\/\/planbet.contact\/lu\/"},{"@type":"ListItem","position":2,"name":"Promotiounscode"}]},{"@type":"WebSite","@id":"https:\/\/planbet.contact\/lu\/#website","url":"https:\/\/planbet.contact\/lu\/","name":"Planbet LU","description":"","potentialAction":[{"@type":"SearchAction","target":{"@type":"EntryPoint","urlTemplate":"https:\/\/planbet.contact\/lu\/?s={search_term_string}"},"query-input":{"@type":"PropertyValueSpecification","valueRequired":true,"valueName":"search_term_string"}}],"inLanguage":"en-LU"}]}},"_links":{"self":[{"href":"https:\/\/planbet.contact\/lu\/wp-json\/wp\/v2\/pages\/831","targetHints":{"allow":["GET"]}}],"collection":[{"href":"https:\/\/planbet.contact\/lu\/wp-json\/wp\/v2\/pages"}],"about":[{"href":"https:\/\/planbet.contact\/lu\/wp-json\/wp\/v2\/types\/page"}],"author":[{"embeddable":true,"href":"https:\/\/planbet.contact\/lu\/wp-json\/wp\/v2\/users\/1"}],"replies":[{"embeddable":true,"href":"https:\/\/planbet.contact\/lu\/wp-json\/wp\/v2\/comments?post=831"}],"version-history":[{"count":7,"href":"https:\/\/planbet.contact\/lu\/wp-json\/wp\/v2\/pages\/831\/revisions"}],"predecessor-version":[{"id":960,"href":"https:\/\/planbet.contact\/lu\/wp-json\/wp\/v2\/pages\/831\/revisions\/960"}],"wp:attachment":[{"href":"https:\/\/planbet.contact\/lu\/wp-json\/wp\/v2\/media?parent=831"}],"curies":[{"name":"wp","href":"https:\/\/api.w.org\/{rel}","templated":true}]}}