{"id":862,"date":"2025-11-14T08:17:45","date_gmt":"2025-11-14T05:17:45","guid":{"rendered":"https:\/\/planbet.contact\/lu\/?page_id=862"},"modified":"2025-12-26T11:00:27","modified_gmt":"2025-12-26T08:00:27","slug":"affiliate","status":"publish","type":"page","link":"https:\/\/planbet.contact\/lu\/affiliate\/","title":{"rendered":"Partner"},"content":{"rendered":"","protected":false},"excerpt":{"rendered":"","protected":false},"author":1,"featured_media":0,"parent":0,"menu_order":0,"comment_status":"closed","ping_status":"closed","template":"","meta":{"_acf_changed":false,"footnotes":""},"class_list":["post-862","page","type-page","status-publish","hentry"],"acf":[],"yoast_head":"<!-- This site is optimized with the Yoast SEO plugin v26.3 - https:\/\/yoast.com\/wordpress\/plugins\/seo\/ -->\n<title>Planbet Partnerschaft \u2705 Schr\u00ebtt fir erfollegr\u00e4icht Akommes!<\/title>\n<meta name=\"description\" content=\"Maacht mat beim Planbet Partnerprogramm a verd\u00e9ngt ouni Erfahrung Suen! Entdeckt M\u00e9iglechkeeten an der Spillindustrie.\" \/>\n<meta name=\"robots\" content=\"index, follow, max-snippet:-1, max-image-preview:large, max-video-preview:-1\" \/>\n<link rel=\"canonical\" href=\"https:\/\/planbet.contact\/lu\/affiliate\/\" \/>\n<meta property=\"og:locale\" content=\"en_US\" \/>\n<meta property=\"og:type\" content=\"article\" \/>\n<meta property=\"og:title\" content=\"Planbet Partnerschaft \u2705 Schr\u00ebtt fir erfollegr\u00e4icht Akommes!\" \/>\n<meta property=\"og:description\" content=\"Maacht mat beim Planbet Partnerprogramm a verd\u00e9ngt ouni Erfahrung Suen! Entdeckt M\u00e9iglechkeeten an der Spillindustrie.\" \/>\n<meta property=\"og:url\" content=\"https:\/\/planbet.contact\/lu\/affiliate\/\" \/>\n<meta property=\"og:site_name\" content=\"Planbet LU\" \/>\n<meta property=\"article:modified_time\" content=\"2025-12-26T08:00:27+00:00\" \/>\n<meta name=\"twitter:card\" content=\"summary_large_image\" \/>\n<script type=\"application\/ld+json\" class=\"yoast-schema-graph\">{\"@context\":\"https:\/\/schema.org\",\"@graph\":[{\"@type\":\"WebPage\",\"@id\":\"https:\/\/planbet.contact\/lu\/affiliate\/\",\"url\":\"https:\/\/planbet.contact\/lu\/affiliate\/\",\"name\":\"Planbet Partnerschaft \u2705 Schr\u00ebtt fir erfollegr\u00e4icht Akommes!\",\"isPartOf\":{\"@id\":\"https:\/\/planbet.contact\/lu\/#website\"},\"datePublished\":\"2025-11-14T05:17:45+00:00\",\"dateModified\":\"2025-12-26T08:00:27+00:00\",\"description\":\"Maacht mat beim Planbet Partnerprogramm a verd\u00e9ngt ouni Erfahrung Suen! Entdeckt M\u00e9iglechkeeten an der Spillindustrie.\",\"breadcrumb\":{\"@id\":\"https:\/\/planbet.contact\/lu\/affiliate\/#breadcrumb\"},\"inLanguage\":\"en-LU\",\"potentialAction\":[{\"@type\":\"ReadAction\",\"target\":[\"https:\/\/planbet.contact\/lu\/affiliate\/\"]}]},{\"@type\":\"BreadcrumbList\",\"@id\":\"https:\/\/planbet.contact\/lu\/affiliate\/#breadcrumb\",\"itemListElement\":[{\"@type\":\"ListItem\",\"position\":1,\"name\":\"Home\",\"item\":\"https:\/\/planbet.contact\/lu\/\"},{\"@type\":\"ListItem\",\"position\":2,\"name\":\"Partner\"}]},{\"@type\":\"WebSite\",\"@id\":\"https:\/\/planbet.contact\/lu\/#website\",\"url\":\"https:\/\/planbet.contact\/lu\/\",\"name\":\"Planbet LU\",\"description\":\"\",\"potentialAction\":[{\"@type\":\"SearchAction\",\"target\":{\"@type\":\"EntryPoint\",\"urlTemplate\":\"https:\/\/planbet.contact\/lu\/?s={search_term_string}\"},\"query-input\":{\"@type\":\"PropertyValueSpecification\",\"valueRequired\":true,\"valueName\":\"search_term_string\"}}],\"inLanguage\":\"en-LU\"}]}<\/script>\n<!-- \/ Yoast SEO plugin. -->","yoast_head_json":{"title":"Planbet Partnerschaft \u2705 Schr\u00ebtt fir erfollegr\u00e4icht Akommes!","description":"Maacht mat beim Planbet Partnerprogramm a verd\u00e9ngt ouni Erfahrung Suen! Entdeckt M\u00e9iglechkeeten an der Spillindustrie.","robots":{"index":"index","follow":"follow","max-snippet":"max-snippet:-1","max-image-preview":"max-image-preview:large","max-video-preview":"max-video-preview:-1"},"canonical":"https:\/\/planbet.contact\/lu\/affiliate\/","og_locale":"en_US","og_type":"article","og_title":"Planbet Partnerschaft \u2705 Schr\u00ebtt fir erfollegr\u00e4icht Akommes!","og_description":"Maacht mat beim Planbet Partnerprogramm a verd\u00e9ngt ouni Erfahrung Suen! Entdeckt M\u00e9iglechkeeten an der Spillindustrie.","og_url":"https:\/\/planbet.contact\/lu\/affiliate\/","og_site_name":"Planbet LU","article_modified_time":"2025-12-26T08:00:27+00:00","twitter_card":"summary_large_image","schema":{"@context":"https:\/\/schema.org","@graph":[{"@type":"WebPage","@id":"https:\/\/planbet.contact\/lu\/affiliate\/","url":"https:\/\/planbet.contact\/lu\/affiliate\/","name":"Planbet Partnerschaft \u2705 Schr\u00ebtt fir erfollegr\u00e4icht Akommes!","isPartOf":{"@id":"https:\/\/planbet.contact\/lu\/#website"},"datePublished":"2025-11-14T05:17:45+00:00","dateModified":"2025-12-26T08:00:27+00:00","description":"Maacht mat beim Planbet Partnerprogramm a verd\u00e9ngt ouni Erfahrung Suen! Entdeckt M\u00e9iglechkeeten an der Spillindustrie.","breadcrumb":{"@id":"https:\/\/planbet.contact\/lu\/affiliate\/#breadcrumb"},"inLanguage":"en-LU","potentialAction":[{"@type":"ReadAction","target":["https:\/\/planbet.contact\/lu\/affiliate\/"]}]},{"@type":"BreadcrumbList","@id":"https:\/\/planbet.contact\/lu\/affiliate\/#breadcrumb","itemListElement":[{"@type":"ListItem","position":1,"name":"Home","item":"https:\/\/planbet.contact\/lu\/"},{"@type":"ListItem","position":2,"name":"Partner"}]},{"@type":"WebSite","@id":"https:\/\/planbet.contact\/lu\/#website","url":"https:\/\/planbet.contact\/lu\/","name":"Planbet LU","description":"","potentialAction":[{"@type":"SearchAction","target":{"@type":"EntryPoint","urlTemplate":"https:\/\/planbet.contact\/lu\/?s={search_term_string}"},"query-input":{"@type":"PropertyValueSpecification","valueRequired":true,"valueName":"search_term_string"}}],"inLanguage":"en-LU"}]}},"_links":{"self":[{"href":"https:\/\/planbet.contact\/lu\/wp-json\/wp\/v2\/pages\/862","targetHints":{"allow":["GET"]}}],"collection":[{"href":"https:\/\/planbet.contact\/lu\/wp-json\/wp\/v2\/pages"}],"about":[{"href":"https:\/\/planbet.contact\/lu\/wp-json\/wp\/v2\/types\/page"}],"author":[{"embeddable":true,"href":"https:\/\/planbet.contact\/lu\/wp-json\/wp\/v2\/users\/1"}],"replies":[{"embeddable":true,"href":"https:\/\/planbet.contact\/lu\/wp-json\/wp\/v2\/comments?post=862"}],"version-history":[{"count":9,"href":"https:\/\/planbet.contact\/lu\/wp-json\/wp\/v2\/pages\/862\/revisions"}],"predecessor-version":[{"id":966,"href":"https:\/\/planbet.contact\/lu\/wp-json\/wp\/v2\/pages\/862\/revisions\/966"}],"wp:attachment":[{"href":"https:\/\/planbet.contact\/lu\/wp-json\/wp\/v2\/media?parent=862"}],"curies":[{"name":"wp","href":"https:\/\/api.w.org\/{rel}","templated":true}]}}