{"id":851,"date":"2025-11-14T07:40:39","date_gmt":"2025-11-14T04:40:39","guid":{"rendered":"https:\/\/planbet.contact\/md\/?page_id=851"},"modified":"2026-01-13T14:20:15","modified_gmt":"2026-01-13T11:20:15","slug":"registration","status":"publish","type":"page","link":"https:\/\/planbet.contact\/md\/registration\/","title":{"rendered":"\u00cenregistrare"},"content":{"rendered":"","protected":false},"excerpt":{"rendered":"","protected":false},"author":1,"featured_media":0,"parent":0,"menu_order":0,"comment_status":"closed","ping_status":"closed","template":"","meta":{"_acf_changed":false,"footnotes":""},"class_list":["post-851","page","type-page","status-publish","hentry"],"acf":[],"yoast_head":"<!-- This site is optimized with the Yoast SEO plugin v26.3 - https:\/\/yoast.com\/wordpress\/plugins\/seo\/ -->\n<title>Planbet \u00cenregistrare \ud83d\ude80 \u00cencepe\u021bi s\u0103 paria\u021bi \u0219i s\u0103 juca\u021bi Cazinou!<\/title>\n<meta name=\"description\" content=\"Afla\u021bi c\u00e2t de u\u0219or este s\u0103 v\u0103 \u00eenregistra\u021bi la Planbet Moldova \u0219i s\u0103 \u00eencepe\u021bi s\u0103 juca\u021bi pe bani! Instruc\u021biuni pas cu pas pentru utilizatorii noi.\" \/>\n<meta name=\"robots\" content=\"index, follow, max-snippet:-1, max-image-preview:large, max-video-preview:-1\" \/>\n<link rel=\"canonical\" href=\"https:\/\/planbet.contact\/md\/registration\/\" \/>\n<meta property=\"og:locale\" content=\"ro_RO\" \/>\n<meta property=\"og:type\" content=\"article\" \/>\n<meta property=\"og:title\" content=\"Planbet \u00cenregistrare \ud83d\ude80 \u00cencepe\u021bi s\u0103 paria\u021bi \u0219i s\u0103 juca\u021bi Cazinou!\" \/>\n<meta property=\"og:description\" content=\"Afla\u021bi c\u00e2t de u\u0219or este s\u0103 v\u0103 \u00eenregistra\u021bi la Planbet Moldova \u0219i s\u0103 \u00eencepe\u021bi s\u0103 juca\u021bi pe bani! Instruc\u021biuni pas cu pas pentru utilizatorii noi.\" \/>\n<meta property=\"og:url\" content=\"https:\/\/planbet.contact\/md\/registration\/\" \/>\n<meta property=\"og:site_name\" content=\"Planbet MD\" \/>\n<meta property=\"article:modified_time\" content=\"2026-01-13T11:20:15+00:00\" \/>\n<meta name=\"twitter:card\" content=\"summary_large_image\" \/>\n<script type=\"application\/ld+json\" class=\"yoast-schema-graph\">{\"@context\":\"https:\/\/schema.org\",\"@graph\":[{\"@type\":\"WebPage\",\"@id\":\"https:\/\/planbet.contact\/md\/registration\/\",\"url\":\"https:\/\/planbet.contact\/md\/registration\/\",\"name\":\"Planbet \u00cenregistrare \ud83d\ude80 \u00cencepe\u021bi s\u0103 paria\u021bi \u0219i s\u0103 juca\u021bi Cazinou!\",\"isPartOf\":{\"@id\":\"https:\/\/planbet.contact\/md\/#website\"},\"datePublished\":\"2025-11-14T04:40:39+00:00\",\"dateModified\":\"2026-01-13T11:20:15+00:00\",\"description\":\"Afla\u021bi c\u00e2t de u\u0219or este s\u0103 v\u0103 \u00eenregistra\u021bi la Planbet Moldova \u0219i s\u0103 \u00eencepe\u021bi s\u0103 juca\u021bi pe bani! Instruc\u021biuni pas cu pas pentru utilizatorii noi.\",\"breadcrumb\":{\"@id\":\"https:\/\/planbet.contact\/md\/registration\/#breadcrumb\"},\"inLanguage\":\"ro-MD\",\"potentialAction\":[{\"@type\":\"ReadAction\",\"target\":[\"https:\/\/planbet.contact\/md\/registration\/\"]}]},{\"@type\":\"BreadcrumbList\",\"@id\":\"https:\/\/planbet.contact\/md\/registration\/#breadcrumb\",\"itemListElement\":[{\"@type\":\"ListItem\",\"position\":1,\"name\":\"Home\",\"item\":\"https:\/\/planbet.contact\/md\/\"},{\"@type\":\"ListItem\",\"position\":2,\"name\":\"\u00cenregistrare\"}]},{\"@type\":\"WebSite\",\"@id\":\"https:\/\/planbet.contact\/md\/#website\",\"url\":\"https:\/\/planbet.contact\/md\/\",\"name\":\"Planbet MD\",\"description\":\"\",\"potentialAction\":[{\"@type\":\"SearchAction\",\"target\":{\"@type\":\"EntryPoint\",\"urlTemplate\":\"https:\/\/planbet.contact\/md\/?s={search_term_string}\"},\"query-input\":{\"@type\":\"PropertyValueSpecification\",\"valueRequired\":true,\"valueName\":\"search_term_string\"}}],\"inLanguage\":\"ro-MD\"}]}<\/script>\n<!-- \/ Yoast SEO plugin. -->","yoast_head_json":{"title":"Planbet \u00cenregistrare \ud83d\ude80 \u00cencepe\u021bi s\u0103 paria\u021bi \u0219i s\u0103 juca\u021bi Cazinou!","description":"Afla\u021bi c\u00e2t de u\u0219or este s\u0103 v\u0103 \u00eenregistra\u021bi la Planbet Moldova \u0219i s\u0103 \u00eencepe\u021bi s\u0103 juca\u021bi pe bani! Instruc\u021biuni pas cu pas pentru utilizatorii noi.","robots":{"index":"index","follow":"follow","max-snippet":"max-snippet:-1","max-image-preview":"max-image-preview:large","max-video-preview":"max-video-preview:-1"},"canonical":"https:\/\/planbet.contact\/md\/registration\/","og_locale":"ro_RO","og_type":"article","og_title":"Planbet \u00cenregistrare \ud83d\ude80 \u00cencepe\u021bi s\u0103 paria\u021bi \u0219i s\u0103 juca\u021bi Cazinou!","og_description":"Afla\u021bi c\u00e2t de u\u0219or este s\u0103 v\u0103 \u00eenregistra\u021bi la Planbet Moldova \u0219i s\u0103 \u00eencepe\u021bi s\u0103 juca\u021bi pe bani! Instruc\u021biuni pas cu pas pentru utilizatorii noi.","og_url":"https:\/\/planbet.contact\/md\/registration\/","og_site_name":"Planbet MD","article_modified_time":"2026-01-13T11:20:15+00:00","twitter_card":"summary_large_image","schema":{"@context":"https:\/\/schema.org","@graph":[{"@type":"WebPage","@id":"https:\/\/planbet.contact\/md\/registration\/","url":"https:\/\/planbet.contact\/md\/registration\/","name":"Planbet \u00cenregistrare \ud83d\ude80 \u00cencepe\u021bi s\u0103 paria\u021bi \u0219i s\u0103 juca\u021bi Cazinou!","isPartOf":{"@id":"https:\/\/planbet.contact\/md\/#website"},"datePublished":"2025-11-14T04:40:39+00:00","dateModified":"2026-01-13T11:20:15+00:00","description":"Afla\u021bi c\u00e2t de u\u0219or este s\u0103 v\u0103 \u00eenregistra\u021bi la Planbet Moldova \u0219i s\u0103 \u00eencepe\u021bi s\u0103 juca\u021bi pe bani! Instruc\u021biuni pas cu pas pentru utilizatorii noi.","breadcrumb":{"@id":"https:\/\/planbet.contact\/md\/registration\/#breadcrumb"},"inLanguage":"ro-MD","potentialAction":[{"@type":"ReadAction","target":["https:\/\/planbet.contact\/md\/registration\/"]}]},{"@type":"BreadcrumbList","@id":"https:\/\/planbet.contact\/md\/registration\/#breadcrumb","itemListElement":[{"@type":"ListItem","position":1,"name":"Home","item":"https:\/\/planbet.contact\/md\/"},{"@type":"ListItem","position":2,"name":"\u00cenregistrare"}]},{"@type":"WebSite","@id":"https:\/\/planbet.contact\/md\/#website","url":"https:\/\/planbet.contact\/md\/","name":"Planbet MD","description":"","potentialAction":[{"@type":"SearchAction","target":{"@type":"EntryPoint","urlTemplate":"https:\/\/planbet.contact\/md\/?s={search_term_string}"},"query-input":{"@type":"PropertyValueSpecification","valueRequired":true,"valueName":"search_term_string"}}],"inLanguage":"ro-MD"}]}},"_links":{"self":[{"href":"https:\/\/planbet.contact\/md\/wp-json\/wp\/v2\/pages\/851","targetHints":{"allow":["GET"]}}],"collection":[{"href":"https:\/\/planbet.contact\/md\/wp-json\/wp\/v2\/pages"}],"about":[{"href":"https:\/\/planbet.contact\/md\/wp-json\/wp\/v2\/types\/page"}],"author":[{"embeddable":true,"href":"https:\/\/planbet.contact\/md\/wp-json\/wp\/v2\/users\/1"}],"replies":[{"embeddable":true,"href":"https:\/\/planbet.contact\/md\/wp-json\/wp\/v2\/comments?post=851"}],"version-history":[{"count":6,"href":"https:\/\/planbet.contact\/md\/wp-json\/wp\/v2\/pages\/851\/revisions"}],"predecessor-version":[{"id":982,"href":"https:\/\/planbet.contact\/md\/wp-json\/wp\/v2\/pages\/851\/revisions\/982"}],"wp:attachment":[{"href":"https:\/\/planbet.contact\/md\/wp-json\/wp\/v2\/media?parent=851"}],"curies":[{"name":"wp","href":"https:\/\/api.w.org\/{rel}","templated":true}]}}