{"id":862,"date":"2025-11-14T08:17:45","date_gmt":"2025-11-14T05:17:45","guid":{"rendered":"https:\/\/planbet.contact\/md\/?page_id=862"},"modified":"2026-01-13T13:21:13","modified_gmt":"2026-01-13T10:21:13","slug":"affiliate","status":"publish","type":"page","link":"https:\/\/planbet.contact\/md\/affiliate\/","title":{"rendered":"Afilia\u021bi"},"content":{"rendered":"","protected":false},"excerpt":{"rendered":"","protected":false},"author":1,"featured_media":0,"parent":0,"menu_order":0,"comment_status":"closed","ping_status":"closed","template":"","meta":{"_acf_changed":false,"footnotes":""},"class_list":["post-862","page","type-page","status-publish","hentry"],"acf":[],"yoast_head":"<!-- This site is optimized with the Yoast SEO plugin v26.3 - https:\/\/yoast.com\/wordpress\/plugins\/seo\/ -->\n<title>Parteneriat cu Planbet \u1409 pa\u0219i simpli c\u0103tre c\u00e2\u0219tiguri de succes!<\/title>\n<meta name=\"description\" content=\"Al\u0103tura\u021bi-v\u0103 programului de afiliere Moldova Planbet \u0219i \u00eencepe\u021bi s\u0103 c\u00e2\u0219tiga\u021bi bani f\u0103r\u0103 s\u0103 ave\u021bi experien\u021b\u0103! Descoperi\u021bi oportunit\u0103\u021bile din industria jocurilor de noroc.\" \/>\n<meta name=\"robots\" content=\"index, follow, max-snippet:-1, max-image-preview:large, max-video-preview:-1\" \/>\n<link rel=\"canonical\" href=\"https:\/\/planbet.contact\/md\/affiliate\/\" \/>\n<meta property=\"og:locale\" content=\"ro_RO\" \/>\n<meta property=\"og:type\" content=\"article\" \/>\n<meta property=\"og:title\" content=\"Parteneriat cu Planbet \u1409 pa\u0219i simpli c\u0103tre c\u00e2\u0219tiguri de succes!\" \/>\n<meta property=\"og:description\" content=\"Al\u0103tura\u021bi-v\u0103 programului de afiliere Moldova Planbet \u0219i \u00eencepe\u021bi s\u0103 c\u00e2\u0219tiga\u021bi bani f\u0103r\u0103 s\u0103 ave\u021bi experien\u021b\u0103! Descoperi\u021bi oportunit\u0103\u021bile din industria jocurilor de noroc.\" \/>\n<meta property=\"og:url\" content=\"https:\/\/planbet.contact\/md\/affiliate\/\" \/>\n<meta property=\"og:site_name\" content=\"Planbet MD\" \/>\n<meta property=\"article:modified_time\" content=\"2026-01-13T10:21:13+00:00\" \/>\n<meta name=\"twitter:card\" content=\"summary_large_image\" \/>\n<script type=\"application\/ld+json\" class=\"yoast-schema-graph\">{\"@context\":\"https:\/\/schema.org\",\"@graph\":[{\"@type\":\"WebPage\",\"@id\":\"https:\/\/planbet.contact\/md\/affiliate\/\",\"url\":\"https:\/\/planbet.contact\/md\/affiliate\/\",\"name\":\"Parteneriat cu Planbet \u1409 pa\u0219i simpli c\u0103tre c\u00e2\u0219tiguri de succes!\",\"isPartOf\":{\"@id\":\"https:\/\/planbet.contact\/md\/#website\"},\"datePublished\":\"2025-11-14T05:17:45+00:00\",\"dateModified\":\"2026-01-13T10:21:13+00:00\",\"description\":\"Al\u0103tura\u021bi-v\u0103 programului de afiliere Moldova Planbet \u0219i \u00eencepe\u021bi s\u0103 c\u00e2\u0219tiga\u021bi bani f\u0103r\u0103 s\u0103 ave\u021bi experien\u021b\u0103! Descoperi\u021bi oportunit\u0103\u021bile din industria jocurilor de noroc.\",\"breadcrumb\":{\"@id\":\"https:\/\/planbet.contact\/md\/affiliate\/#breadcrumb\"},\"inLanguage\":\"ro-MD\",\"potentialAction\":[{\"@type\":\"ReadAction\",\"target\":[\"https:\/\/planbet.contact\/md\/affiliate\/\"]}]},{\"@type\":\"BreadcrumbList\",\"@id\":\"https:\/\/planbet.contact\/md\/affiliate\/#breadcrumb\",\"itemListElement\":[{\"@type\":\"ListItem\",\"position\":1,\"name\":\"Home\",\"item\":\"https:\/\/planbet.contact\/md\/\"},{\"@type\":\"ListItem\",\"position\":2,\"name\":\"Afilia\u021bi\"}]},{\"@type\":\"WebSite\",\"@id\":\"https:\/\/planbet.contact\/md\/#website\",\"url\":\"https:\/\/planbet.contact\/md\/\",\"name\":\"Planbet MD\",\"description\":\"\",\"potentialAction\":[{\"@type\":\"SearchAction\",\"target\":{\"@type\":\"EntryPoint\",\"urlTemplate\":\"https:\/\/planbet.contact\/md\/?s={search_term_string}\"},\"query-input\":{\"@type\":\"PropertyValueSpecification\",\"valueRequired\":true,\"valueName\":\"search_term_string\"}}],\"inLanguage\":\"ro-MD\"}]}<\/script>\n<!-- \/ Yoast SEO plugin. -->","yoast_head_json":{"title":"Parteneriat cu Planbet \u1409 pa\u0219i simpli c\u0103tre c\u00e2\u0219tiguri de succes!","description":"Al\u0103tura\u021bi-v\u0103 programului de afiliere Moldova Planbet \u0219i \u00eencepe\u021bi s\u0103 c\u00e2\u0219tiga\u021bi bani f\u0103r\u0103 s\u0103 ave\u021bi experien\u021b\u0103! Descoperi\u021bi oportunit\u0103\u021bile din industria jocurilor de noroc.","robots":{"index":"index","follow":"follow","max-snippet":"max-snippet:-1","max-image-preview":"max-image-preview:large","max-video-preview":"max-video-preview:-1"},"canonical":"https:\/\/planbet.contact\/md\/affiliate\/","og_locale":"ro_RO","og_type":"article","og_title":"Parteneriat cu Planbet \u1409 pa\u0219i simpli c\u0103tre c\u00e2\u0219tiguri de succes!","og_description":"Al\u0103tura\u021bi-v\u0103 programului de afiliere Moldova Planbet \u0219i \u00eencepe\u021bi s\u0103 c\u00e2\u0219tiga\u021bi bani f\u0103r\u0103 s\u0103 ave\u021bi experien\u021b\u0103! Descoperi\u021bi oportunit\u0103\u021bile din industria jocurilor de noroc.","og_url":"https:\/\/planbet.contact\/md\/affiliate\/","og_site_name":"Planbet MD","article_modified_time":"2026-01-13T10:21:13+00:00","twitter_card":"summary_large_image","schema":{"@context":"https:\/\/schema.org","@graph":[{"@type":"WebPage","@id":"https:\/\/planbet.contact\/md\/affiliate\/","url":"https:\/\/planbet.contact\/md\/affiliate\/","name":"Parteneriat cu Planbet \u1409 pa\u0219i simpli c\u0103tre c\u00e2\u0219tiguri de succes!","isPartOf":{"@id":"https:\/\/planbet.contact\/md\/#website"},"datePublished":"2025-11-14T05:17:45+00:00","dateModified":"2026-01-13T10:21:13+00:00","description":"Al\u0103tura\u021bi-v\u0103 programului de afiliere Moldova Planbet \u0219i \u00eencepe\u021bi s\u0103 c\u00e2\u0219tiga\u021bi bani f\u0103r\u0103 s\u0103 ave\u021bi experien\u021b\u0103! Descoperi\u021bi oportunit\u0103\u021bile din industria jocurilor de noroc.","breadcrumb":{"@id":"https:\/\/planbet.contact\/md\/affiliate\/#breadcrumb"},"inLanguage":"ro-MD","potentialAction":[{"@type":"ReadAction","target":["https:\/\/planbet.contact\/md\/affiliate\/"]}]},{"@type":"BreadcrumbList","@id":"https:\/\/planbet.contact\/md\/affiliate\/#breadcrumb","itemListElement":[{"@type":"ListItem","position":1,"name":"Home","item":"https:\/\/planbet.contact\/md\/"},{"@type":"ListItem","position":2,"name":"Afilia\u021bi"}]},{"@type":"WebSite","@id":"https:\/\/planbet.contact\/md\/#website","url":"https:\/\/planbet.contact\/md\/","name":"Planbet MD","description":"","potentialAction":[{"@type":"SearchAction","target":{"@type":"EntryPoint","urlTemplate":"https:\/\/planbet.contact\/md\/?s={search_term_string}"},"query-input":{"@type":"PropertyValueSpecification","valueRequired":true,"valueName":"search_term_string"}}],"inLanguage":"ro-MD"}]}},"_links":{"self":[{"href":"https:\/\/planbet.contact\/md\/wp-json\/wp\/v2\/pages\/862","targetHints":{"allow":["GET"]}}],"collection":[{"href":"https:\/\/planbet.contact\/md\/wp-json\/wp\/v2\/pages"}],"about":[{"href":"https:\/\/planbet.contact\/md\/wp-json\/wp\/v2\/types\/page"}],"author":[{"embeddable":true,"href":"https:\/\/planbet.contact\/md\/wp-json\/wp\/v2\/users\/1"}],"replies":[{"embeddable":true,"href":"https:\/\/planbet.contact\/md\/wp-json\/wp\/v2\/comments?post=862"}],"version-history":[{"count":8,"href":"https:\/\/planbet.contact\/md\/wp-json\/wp\/v2\/pages\/862\/revisions"}],"predecessor-version":[{"id":975,"href":"https:\/\/planbet.contact\/md\/wp-json\/wp\/v2\/pages\/862\/revisions\/975"}],"wp:attachment":[{"href":"https:\/\/planbet.contact\/md\/wp-json\/wp\/v2\/media?parent=862"}],"curies":[{"name":"wp","href":"https:\/\/api.w.org\/{rel}","templated":true}]}}