{"id":783,"date":"2025-11-07T09:25:31","date_gmt":"2025-11-07T06:25:31","guid":{"rendered":"https:\/\/planbet.contact\/sl\/en\/?page_id=783"},"modified":"2026-01-24T16:32:47","modified_gmt":"2026-01-24T13:32:47","slug":"apk","status":"publish","type":"page","link":"https:\/\/planbet.contact\/sl\/apk\/","title":{"rendered":"Apk"},"content":{"rendered":"","protected":false},"excerpt":{"rendered":"","protected":false},"author":1,"featured_media":0,"parent":0,"menu_order":0,"comment_status":"closed","ping_status":"closed","template":"","meta":{"_acf_changed":false,"footnotes":""},"class_list":["post-783","page","type-page","status-publish","hentry"],"acf":[],"yoast_head":"<!-- This site is optimized with the Yoast SEO plugin v26.3 - https:\/\/yoast.com\/wordpress\/plugins\/seo\/ -->\n<title>Planbet Apk \u27a4 Aplikacija za \u0161portne stave in casino<\/title>\n<meta name=\"description\" content=\"Prenesite si Planbet Apk zdaj in pridobite dostop do ekskluzivnih funkcij, stav v \u017eivo in \u0161tevilnih mo\u017enosti igranja neposredno na svojo napravo Android. Registrirajte se \u0161e danes in u\u017eivajte v svetu stav na dosegu roke!\" \/>\n<meta name=\"robots\" content=\"index, follow, max-snippet:-1, max-image-preview:large, max-video-preview:-1\" \/>\n<link rel=\"canonical\" href=\"https:\/\/planbet.contact\/sl\/apk\/\" \/>\n<meta property=\"og:locale\" content=\"sk_SK\" \/>\n<meta property=\"og:type\" content=\"article\" \/>\n<meta property=\"og:title\" content=\"Planbet Apk \u27a4 Aplikacija za \u0161portne stave in casino\" \/>\n<meta property=\"og:description\" content=\"Prenesite si Planbet Apk zdaj in pridobite dostop do ekskluzivnih funkcij, stav v \u017eivo in \u0161tevilnih mo\u017enosti igranja neposredno na svojo napravo Android. Registrirajte se \u0161e danes in u\u017eivajte v svetu stav na dosegu roke!\" \/>\n<meta property=\"og:url\" content=\"https:\/\/planbet.contact\/sl\/apk\/\" \/>\n<meta property=\"og:site_name\" content=\"PlanBet SL\" \/>\n<meta property=\"article:modified_time\" content=\"2026-01-24T13:32:47+00:00\" \/>\n<meta name=\"twitter:card\" content=\"summary_large_image\" \/>\n<script type=\"application\/ld+json\" class=\"yoast-schema-graph\">{\"@context\":\"https:\/\/schema.org\",\"@graph\":[{\"@type\":\"WebPage\",\"@id\":\"https:\/\/planbet.contact\/sl\/apk\/\",\"url\":\"https:\/\/planbet.contact\/sl\/apk\/\",\"name\":\"Planbet Apk \u27a4 Aplikacija za \u0161portne stave in casino\",\"isPartOf\":{\"@id\":\"https:\/\/planbet.contact\/sl\/#website\"},\"datePublished\":\"2025-11-07T06:25:31+00:00\",\"dateModified\":\"2026-01-24T13:32:47+00:00\",\"description\":\"Prenesite si Planbet Apk zdaj in pridobite dostop do ekskluzivnih funkcij, stav v \u017eivo in \u0161tevilnih mo\u017enosti igranja neposredno na svojo napravo Android. Registrirajte se \u0161e danes in u\u017eivajte v svetu stav na dosegu roke!\",\"breadcrumb\":{\"@id\":\"https:\/\/planbet.contact\/sl\/apk\/#breadcrumb\"},\"inLanguage\":\"sk-SK\",\"potentialAction\":[{\"@type\":\"ReadAction\",\"target\":[\"https:\/\/planbet.contact\/sl\/apk\/\"]}]},{\"@type\":\"BreadcrumbList\",\"@id\":\"https:\/\/planbet.contact\/sl\/apk\/#breadcrumb\",\"itemListElement\":[{\"@type\":\"ListItem\",\"position\":1,\"name\":\"Home\",\"item\":\"https:\/\/planbet.contact\/sl\/\"},{\"@type\":\"ListItem\",\"position\":2,\"name\":\"Apk\"}]},{\"@type\":\"WebSite\",\"@id\":\"https:\/\/planbet.contact\/sl\/#website\",\"url\":\"https:\/\/planbet.contact\/sl\/\",\"name\":\"PlanBet SL\",\"description\":\"\",\"potentialAction\":[{\"@type\":\"SearchAction\",\"target\":{\"@type\":\"EntryPoint\",\"urlTemplate\":\"https:\/\/planbet.contact\/sl\/?s={search_term_string}\"},\"query-input\":{\"@type\":\"PropertyValueSpecification\",\"valueRequired\":true,\"valueName\":\"search_term_string\"}}],\"inLanguage\":\"sk-SK\"}]}<\/script>\n<!-- \/ Yoast SEO plugin. -->","yoast_head_json":{"title":"Planbet Apk \u27a4 Aplikacija za \u0161portne stave in casino","description":"Prenesite si Planbet Apk zdaj in pridobite dostop do ekskluzivnih funkcij, stav v \u017eivo in \u0161tevilnih mo\u017enosti igranja neposredno na svojo napravo Android. Registrirajte se \u0161e danes in u\u017eivajte v svetu stav na dosegu roke!","robots":{"index":"index","follow":"follow","max-snippet":"max-snippet:-1","max-image-preview":"max-image-preview:large","max-video-preview":"max-video-preview:-1"},"canonical":"https:\/\/planbet.contact\/sl\/apk\/","og_locale":"sk_SK","og_type":"article","og_title":"Planbet Apk \u27a4 Aplikacija za \u0161portne stave in casino","og_description":"Prenesite si Planbet Apk zdaj in pridobite dostop do ekskluzivnih funkcij, stav v \u017eivo in \u0161tevilnih mo\u017enosti igranja neposredno na svojo napravo Android. Registrirajte se \u0161e danes in u\u017eivajte v svetu stav na dosegu roke!","og_url":"https:\/\/planbet.contact\/sl\/apk\/","og_site_name":"PlanBet SL","article_modified_time":"2026-01-24T13:32:47+00:00","twitter_card":"summary_large_image","schema":{"@context":"https:\/\/schema.org","@graph":[{"@type":"WebPage","@id":"https:\/\/planbet.contact\/sl\/apk\/","url":"https:\/\/planbet.contact\/sl\/apk\/","name":"Planbet Apk \u27a4 Aplikacija za \u0161portne stave in casino","isPartOf":{"@id":"https:\/\/planbet.contact\/sl\/#website"},"datePublished":"2025-11-07T06:25:31+00:00","dateModified":"2026-01-24T13:32:47+00:00","description":"Prenesite si Planbet Apk zdaj in pridobite dostop do ekskluzivnih funkcij, stav v \u017eivo in \u0161tevilnih mo\u017enosti igranja neposredno na svojo napravo Android. Registrirajte se \u0161e danes in u\u017eivajte v svetu stav na dosegu roke!","breadcrumb":{"@id":"https:\/\/planbet.contact\/sl\/apk\/#breadcrumb"},"inLanguage":"sk-SK","potentialAction":[{"@type":"ReadAction","target":["https:\/\/planbet.contact\/sl\/apk\/"]}]},{"@type":"BreadcrumbList","@id":"https:\/\/planbet.contact\/sl\/apk\/#breadcrumb","itemListElement":[{"@type":"ListItem","position":1,"name":"Home","item":"https:\/\/planbet.contact\/sl\/"},{"@type":"ListItem","position":2,"name":"Apk"}]},{"@type":"WebSite","@id":"https:\/\/planbet.contact\/sl\/#website","url":"https:\/\/planbet.contact\/sl\/","name":"PlanBet SL","description":"","potentialAction":[{"@type":"SearchAction","target":{"@type":"EntryPoint","urlTemplate":"https:\/\/planbet.contact\/sl\/?s={search_term_string}"},"query-input":{"@type":"PropertyValueSpecification","valueRequired":true,"valueName":"search_term_string"}}],"inLanguage":"sk-SK"}]}},"_links":{"self":[{"href":"https:\/\/planbet.contact\/sl\/wp-json\/wp\/v2\/pages\/783","targetHints":{"allow":["GET"]}}],"collection":[{"href":"https:\/\/planbet.contact\/sl\/wp-json\/wp\/v2\/pages"}],"about":[{"href":"https:\/\/planbet.contact\/sl\/wp-json\/wp\/v2\/types\/page"}],"author":[{"embeddable":true,"href":"https:\/\/planbet.contact\/sl\/wp-json\/wp\/v2\/users\/1"}],"replies":[{"embeddable":true,"href":"https:\/\/planbet.contact\/sl\/wp-json\/wp\/v2\/comments?post=783"}],"version-history":[{"count":4,"href":"https:\/\/planbet.contact\/sl\/wp-json\/wp\/v2\/pages\/783\/revisions"}],"predecessor-version":[{"id":967,"href":"https:\/\/planbet.contact\/sl\/wp-json\/wp\/v2\/pages\/783\/revisions\/967"}],"wp:attachment":[{"href":"https:\/\/planbet.contact\/sl\/wp-json\/wp\/v2\/media?parent=783"}],"curies":[{"name":"wp","href":"https:\/\/api.w.org\/{rel}","templated":true}]}}