{"id":898,"date":"2025-10-05T16:17:47","date_gmt":"2025-10-05T13:17:47","guid":{"rendered":"https:\/\/planbet.contact\/sl\/en\/?page_id=2"},"modified":"2026-01-24T17:45:40","modified_gmt":"2026-01-24T14:45:40","slug":"home","status":"publish","type":"page","link":"https:\/\/planbet.contact\/sl\/","title":{"rendered":"Domov"},"content":{"rendered":"","protected":false},"excerpt":{"rendered":"","protected":false},"author":1,"featured_media":0,"parent":0,"menu_order":0,"comment_status":"closed","ping_status":"closed","template":"","meta":{"_acf_changed":false,"footnotes":""},"class_list":["post-898","page","type-page","status-publish","hentry"],"acf":[],"yoast_head":"<!-- This site is optimized with the Yoast SEO plugin v26.3 - https:\/\/yoast.com\/wordpress\/plugins\/seo\/ -->\n<title>Planbet Stavnica in Casino \u2705Kvote, igre, bonusi<\/title>\n<meta name=\"description\" content=\"Planbet je va\u0161a zanesljiva stavnica za \u0161portne stave in igralni\u0161ke igre. Pridobite ekskluzivne bonuse, visoke kvote in neprimerljivo igralno izku\u0161njo!\" \/>\n<meta name=\"robots\" content=\"index, follow, max-snippet:-1, max-image-preview:large, max-video-preview:-1\" \/>\n<link rel=\"canonical\" href=\"https:\/\/planbet.contact\/sl\/\" \/>\n<meta property=\"og:locale\" content=\"sk_SK\" \/>\n<meta property=\"og:type\" content=\"article\" \/>\n<meta property=\"og:title\" content=\"Planbet Stavnica in Casino \u2705Kvote, igre, bonusi\" \/>\n<meta property=\"og:description\" content=\"Planbet je va\u0161a zanesljiva stavnica za \u0161portne stave in igralni\u0161ke igre. Pridobite ekskluzivne bonuse, visoke kvote in neprimerljivo igralno izku\u0161njo!\" \/>\n<meta property=\"og:url\" content=\"https:\/\/planbet.contact\/sl\/\" \/>\n<meta property=\"og:site_name\" content=\"PlanBet SL\" \/>\n<meta property=\"article:modified_time\" content=\"2026-01-24T14:45:40+00:00\" \/>\n<meta name=\"twitter:card\" content=\"summary_large_image\" \/>\n<script type=\"application\/ld+json\" class=\"yoast-schema-graph\">{\"@context\":\"https:\/\/schema.org\",\"@graph\":[{\"@type\":\"WebPage\",\"@id\":\"https:\/\/planbet.contact\/sl\/\",\"url\":\"https:\/\/planbet.contact\/sl\/\",\"name\":\"Planbet Stavnica in Casino \u2705Kvote, igre, bonusi\",\"isPartOf\":{\"@id\":\"https:\/\/planbet.contact\/sl\/#website\"},\"datePublished\":\"2025-10-05T13:17:47+00:00\",\"dateModified\":\"2026-01-24T14:45:40+00:00\",\"description\":\"Planbet je va\u0161a zanesljiva stavnica za \u0161portne stave in igralni\u0161ke igre. Pridobite ekskluzivne bonuse, visoke kvote in neprimerljivo igralno izku\u0161njo!\",\"breadcrumb\":{\"@id\":\"https:\/\/planbet.contact\/sl\/#breadcrumb\"},\"inLanguage\":\"sk-SK\",\"potentialAction\":[{\"@type\":\"ReadAction\",\"target\":[\"https:\/\/planbet.contact\/sl\/\"]}]},{\"@type\":\"BreadcrumbList\",\"@id\":\"https:\/\/planbet.contact\/sl\/#breadcrumb\",\"itemListElement\":[{\"@type\":\"ListItem\",\"position\":1,\"name\":\"Home\",\"item\":\"https:\/\/planbet.contact\/sl\/\"},{\"@type\":\"ListItem\",\"position\":2,\"name\":\"Domov\"}]},{\"@type\":\"WebSite\",\"@id\":\"https:\/\/planbet.contact\/sl\/#website\",\"url\":\"https:\/\/planbet.contact\/sl\/\",\"name\":\"PlanBet SL\",\"description\":\"\",\"potentialAction\":[{\"@type\":\"SearchAction\",\"target\":{\"@type\":\"EntryPoint\",\"urlTemplate\":\"https:\/\/planbet.contact\/sl\/?s={search_term_string}\"},\"query-input\":{\"@type\":\"PropertyValueSpecification\",\"valueRequired\":true,\"valueName\":\"search_term_string\"}}],\"inLanguage\":\"sk-SK\"}]}<\/script>\n<!-- \/ Yoast SEO plugin. -->","yoast_head_json":{"title":"Planbet Stavnica in Casino \u2705Kvote, igre, bonusi","description":"Planbet je va\u0161a zanesljiva stavnica za \u0161portne stave in igralni\u0161ke igre. Pridobite ekskluzivne bonuse, visoke kvote in neprimerljivo igralno izku\u0161njo!","robots":{"index":"index","follow":"follow","max-snippet":"max-snippet:-1","max-image-preview":"max-image-preview:large","max-video-preview":"max-video-preview:-1"},"canonical":"https:\/\/planbet.contact\/sl\/","og_locale":"sk_SK","og_type":"article","og_title":"Planbet Stavnica in Casino \u2705Kvote, igre, bonusi","og_description":"Planbet je va\u0161a zanesljiva stavnica za \u0161portne stave in igralni\u0161ke igre. Pridobite ekskluzivne bonuse, visoke kvote in neprimerljivo igralno izku\u0161njo!","og_url":"https:\/\/planbet.contact\/sl\/","og_site_name":"PlanBet SL","article_modified_time":"2026-01-24T14:45:40+00:00","twitter_card":"summary_large_image","schema":{"@context":"https:\/\/schema.org","@graph":[{"@type":"WebPage","@id":"https:\/\/planbet.contact\/sl\/","url":"https:\/\/planbet.contact\/sl\/","name":"Planbet Stavnica in Casino \u2705Kvote, igre, bonusi","isPartOf":{"@id":"https:\/\/planbet.contact\/sl\/#website"},"datePublished":"2025-10-05T13:17:47+00:00","dateModified":"2026-01-24T14:45:40+00:00","description":"Planbet je va\u0161a zanesljiva stavnica za \u0161portne stave in igralni\u0161ke igre. Pridobite ekskluzivne bonuse, visoke kvote in neprimerljivo igralno izku\u0161njo!","breadcrumb":{"@id":"https:\/\/planbet.contact\/sl\/#breadcrumb"},"inLanguage":"sk-SK","potentialAction":[{"@type":"ReadAction","target":["https:\/\/planbet.contact\/sl\/"]}]},{"@type":"BreadcrumbList","@id":"https:\/\/planbet.contact\/sl\/#breadcrumb","itemListElement":[{"@type":"ListItem","position":1,"name":"Home","item":"https:\/\/planbet.contact\/sl\/"},{"@type":"ListItem","position":2,"name":"Domov"}]},{"@type":"WebSite","@id":"https:\/\/planbet.contact\/sl\/#website","url":"https:\/\/planbet.contact\/sl\/","name":"PlanBet SL","description":"","potentialAction":[{"@type":"SearchAction","target":{"@type":"EntryPoint","urlTemplate":"https:\/\/planbet.contact\/sl\/?s={search_term_string}"},"query-input":{"@type":"PropertyValueSpecification","valueRequired":true,"valueName":"search_term_string"}}],"inLanguage":"sk-SK"}]}},"_links":{"self":[{"href":"https:\/\/planbet.contact\/sl\/wp-json\/wp\/v2\/pages\/898","targetHints":{"allow":["GET"]}}],"collection":[{"href":"https:\/\/planbet.contact\/sl\/wp-json\/wp\/v2\/pages"}],"about":[{"href":"https:\/\/planbet.contact\/sl\/wp-json\/wp\/v2\/types\/page"}],"author":[{"embeddable":true,"href":"https:\/\/planbet.contact\/sl\/wp-json\/wp\/v2\/users\/1"}],"replies":[{"embeddable":true,"href":"https:\/\/planbet.contact\/sl\/wp-json\/wp\/v2\/comments?post=898"}],"version-history":[{"count":8,"href":"https:\/\/planbet.contact\/sl\/wp-json\/wp\/v2\/pages\/898\/revisions"}],"predecessor-version":[{"id":976,"href":"https:\/\/planbet.contact\/sl\/wp-json\/wp\/v2\/pages\/898\/revisions\/976"}],"wp:attachment":[{"href":"https:\/\/planbet.contact\/sl\/wp-json\/wp\/v2\/media?parent=898"}],"curies":[{"name":"wp","href":"https:\/\/api.w.org\/{rel}","templated":true}]}}